{"id":178378,"date":"2026-04-13T12:08:34","date_gmt":"2026-04-13T11:08:34","guid":{"rendered":"https:\/\/bigbuy.tupique.com\/produto\/smartphone-xiaomi-mix-flip-5g-octa-core-12-gb-ram-512-gb-black-69\/"},"modified":"2026-05-11T19:55:27","modified_gmt":"2026-05-11T17:55:27","slug":"smartphone-xiaomi-mix-flip-5g-octa-core-12-gb-ram-512-gb-black-69","status":"publish","type":"product","link":"https:\/\/bigbuy.tupique.com\/pt\/produto\/smartphone-xiaomi-mix-flip-5g-octa-core-12-gb-ram-512-gb-black-69\/","title":{"rendered":"Smartphone Xiaomi Mix Flip 5G Octa Core 12 GB RAM 512 GB Noir 6,9&#8243;"},"content":{"rendered":"<p>Si vous \u00eates passionn\u00e9 d&#8217;<b>informatique et d&#8217;\u00e9lectronique<\/b>, si vous \u00eates \u00e0 la pointe de la technologie et qu&#8217;aucun d\u00e9tail ne vous \u00e9chappe, achetez <b>Smartphone Xiaomi Mix Flip 5G Octa Core 12 GB RAM 512 GB Noir 6,9&#8243;<\/b> au meilleur prix.<\/p>\n<p>Le <b>Mix Flip 5G<\/b> de Xiaomi est un <b>smartphone<\/b> pliable qui allie innovation et haute performance dans un design \u00e9l\u00e9gant noir. Cet appareil se distingue par sa structure compacte int\u00e9grant un <b>\u00e9cran tactile principal de 6,9 pouces<\/b> ainsi qu\u2019un \u00e9cran secondaire de 6,7 pouces, offrant une flexibilit\u00e9 d\u2019utilisation au quotidien, de la gestion rapide des notifications \u00e0 une exp\u00e9rience multim\u00e9dia immersive. Dot\u00e9 de <b>12 Go de RAM<\/b> et d\u2019une grande <b>capacit\u00e9 de stockage interne de 512 Go<\/b>, il assure une fluidit\u00e9 en multit\u00e2che, un lancement rapide des applications et un espace suffisant pour les fichiers personnels, vid\u00e9os et photos haute r\u00e9solution. Gr\u00e2ce \u00e0 la compatibilit\u00e9 avec les <b>r\u00e9seaux 5G<\/b>, la navigation rapide et une connectivit\u00e9 optimis\u00e9e sont garanties, tandis que des fonctions avanc\u00e9es comme le <b>GPS<\/b>, le <b>NFC<\/b> et le <b>barom\u00e8tre<\/b> apportent une grande polyvalence pour le travail comme pour les loisirs. L\u2019int\u00e9gration d\u2019un capteur de lumi\u00e8re ambiante et de technologies d\u2019optimisation visuelle garantit un confort de visionnage dans toutes les conditions de luminosit\u00e9. Ce mod\u00e8le est id\u00e9al pour ceux qui recherchent une technologie pliable sans compromis sur la puissance ni le stockage, se positionnant comme une option compl\u00e8te et moderne dans le haut de gamme Xiaomi.<\/p>\n<ul>\n<li>Couleur: Noir<\/li>\n<li>Cam\u00e9ra\/Appareil Photo:\n<ul>\n<li>32 MP + 50 MP<\/li>\n<li>50 Mp<\/li>\n<li>Dual<\/li>\n<li>Frontal<\/li>\n<li>32 Mp<\/li>\n<\/ul>\n<\/li>\n<li>M\u00e9moire interne: 512 GB<\/li>\n<li>Capacit\u00e9 de la batterie:\n<ul>\n<li>5000 mAh<\/li>\n<li>4780 mAh<\/li>\n<\/ul>\n<\/li>\n<li>Caract\u00e9ristiques:\n<ul>\n<li>Capteurs<\/li>\n<li>NFC<\/li>\n<li>HDR<\/li>\n<li>Ecran<\/li>\n<li>GPS<\/li>\n<li>Barom\u00e8tre<\/li>\n<li>Ecran tactile<\/li>\n<li>Capteur de lumi\u00e8re ambiante<\/li>\n<li>Garantie<\/li>\n<li>Guide d&#8217;installation inclus<\/li>\n<li>Chargement rapide et fiable<\/li>\n<li>Syst\u00e8me de reconnaissance faciale<\/li>\n<li>Lecteur d&#8217;empreintes<\/li>\n<li>Capteur de proximit\u00e9<\/li>\n<\/ul>\n<\/li>\n<li>Connectivit\u00e9:\n<ul>\n<li>5G<\/li>\n<li>NFC<\/li>\n<li>Bluetooth<\/li>\n<li>GPS<\/li>\n<li>Wi-Fi<\/li>\n<li>4G<\/li>\n<li>BeiDou<\/li>\n<li>WI-FI 7<\/li>\n<\/ul>\n<\/li>\n<li>Processeur: Octa Core<\/li>\n<li>Ecran:\n<ul>\n<li>6,7&#8243;<\/li>\n<li>6,9&#8243;<\/li>\n<\/ul>\n<\/li>\n<li>M\u00e9moire RAM: 12 GB RAM<\/li>\n<li>Syst\u00e8me d&#8217;exploitation:\n<ul>\n<li>Android 14<\/li>\n<li>Android<\/li>\n<\/ul>\n<\/li>\n<li>Produit \u00e0 brancher: Oui<\/li>\n<li>Type: Smartphone<\/li>\n<li>Type de prise: Prise EU<\/li>\n<li>Diagonale de l&#8217;\u00e9cran (cm):\n<ul>\n<li>17 cm<\/li>\n<li>17,5 cm<\/li>\n<\/ul>\n<\/li>\n<li>Bloc d\u2019Alimentation: r\u00e9seau \u00e9lectrique<\/li>\n<li>Indice de r\u00e9parabilit\u00e9: 7.5<\/li>\n<li>Technologie:\n<ul>\n<li>AMOLED<\/li>\n<li>Mime<\/li>\n<li>Glonass<\/li>\n<li>Bluetooth aptX low Latency<\/li>\n<\/ul>\n<\/li>\n<li>puissance: 67 W<\/li>\n<li>Connexions:\n<ul>\n<li>USB-C<\/li>\n<li>USB<\/li>\n<li>Dual SIM<\/li>\n<\/ul>\n<\/li>\n<li>Zoom Num\u00e9rique: 20x<\/li>\n<li>Capteurs:\n<ul>\n<li>Acc\u00e9l\u00e9rom\u00e8tre<\/li>\n<li>Gyroscope<\/li>\n<\/ul>\n<\/li>\n<li>Inclut:\n<ul>\n<li>Capteur infrarouge<\/li>\n<li>\u00c9tui de protection<\/li>\n<\/ul>\n<\/li>\n<li>Fonctions: ECO<\/li>\n<li>Non Inclus: Adaptateur AC<\/li>\n<li>Fonctionne \u00e0 piles: AAA x 1<\/li>\n<li>Fr\u00e9quence: 120 Hz<\/li>\n<li>Ouverture: F\/1,7<\/li>\n<li>Type de batterie: Batterie au lithium rechargeable<\/li>\n<li>Noyaux: 8 Noyaux<\/li>\n<li>Famille de processeurs: Qualcomm Snapdragon<\/li>\n<li>R\u00e9solution (px): 7680 x 4320 px<\/li>\n<\/ul>","protected":false},"excerpt":{"rendered":"<p>Si vous \u00eates passionn\u00e9 d&#8217;informatique et d&#8217;\u00e9lectronique, si vous \u00eates \u00e0 la pointe de la technologie et qu&#8217;aucun d\u00e9tail ne vous \u00e9chappe, achetez Smartphone Xiaomi Mix Flip 5G Octa Core 12 GB RAM 512 GB Noir 6,9&#8243; au meilleur prix. Le Mix Flip 5G de Xiaomi est un smartphone pliable qui allie innovation et haute [&hellip;]<\/p>\n","protected":false},"featured_media":189531,"comment_status":"open","ping_status":"closed","template":"","meta":[],"product_brand":[525],"product_cat":[575,65,960],"product_tag":[213,566,106],"class_list":{"0":"post-178378","1":"product","2":"type-product","3":"status-publish","4":"has-post-thumbnail","6":"product_brand-brandp_1269","7":"product_cat-electronique-telephonie-et-tablettes","8":"product_cat-informatique-electronique","9":"product_cat-telephones-portables","10":"product_tag-tag_933","11":"product_tag-tag_547","12":"product_tag-tag_1295","14":"first","15":"instock","16":"taxable","17":"shipping-taxable","18":"purchasable","19":"product-type-simple"},"_links":{"self":[{"href":"https:\/\/bigbuy.tupique.com\/pt\/wp-json\/wp\/v2\/product\/178378","targetHints":{"allow":["GET"]}}],"collection":[{"href":"https:\/\/bigbuy.tupique.com\/pt\/wp-json\/wp\/v2\/product"}],"about":[{"href":"https:\/\/bigbuy.tupique.com\/pt\/wp-json\/wp\/v2\/types\/product"}],"replies":[{"embeddable":true,"href":"https:\/\/bigbuy.tupique.com\/pt\/wp-json\/wp\/v2\/comments?post=178378"}],"wp:featuredmedia":[{"embeddable":true,"href":"https:\/\/bigbuy.tupique.com\/pt\/wp-json\/wp\/v2\/media\/189531"}],"wp:attachment":[{"href":"https:\/\/bigbuy.tupique.com\/pt\/wp-json\/wp\/v2\/media?parent=178378"}],"wp:term":[{"taxonomy":"product_brand","embeddable":true,"href":"https:\/\/bigbuy.tupique.com\/pt\/wp-json\/wp\/v2\/product_brand?post=178378"},{"taxonomy":"product_cat","embeddable":true,"href":"https:\/\/bigbuy.tupique.com\/pt\/wp-json\/wp\/v2\/product_cat?post=178378"},{"taxonomy":"product_tag","embeddable":true,"href":"https:\/\/bigbuy.tupique.com\/pt\/wp-json\/wp\/v2\/product_tag?post=178378"}],"curies":[{"name":"wp","href":"https:\/\/api.w.org\/{rel}","templated":true}]}}