{"id":178021,"date":"2026-04-13T10:53:31","date_gmt":"2026-04-13T09:53:31","guid":{"rendered":"https:\/\/bigbuy.tupique.com\/produto\/switch-zyxel-gs1915-24ep-eu0101f\/"},"modified":"2026-04-15T00:14:49","modified_gmt":"2026-04-14T23:14:49","slug":"switch-zyxel-gs1915-24ep-eu0101f","status":"publish","type":"product","link":"https:\/\/bigbuy.tupique.com\/pt\/produto\/switch-zyxel-gs1915-24ep-eu0101f\/","title":{"rendered":"Switch ZyXEL GS1915-24EP-EU0101F"},"content":{"rendered":"<p>Si vous \u00eates passionn\u00e9 d&#8217;<b>informatique et d&#8217;\u00e9lectronique<\/b>, si vous \u00eates \u00e0 la pointe de la technologie et qu&#8217;aucun d\u00e9tail ne vous \u00e9chappe, achetez <b>Switch ZyXEL GS1915-24EP-EU0101F<\/b> au meilleur prix.<\/p>\n<p>Le <b>ZyXEL GS1915-24EP<\/b> est un <b>switch<\/b> con\u00e7u pour offrir une solution fiable et efficace dans les r\u00e9seaux d\u2019entreprise n\u00e9cessitant une haute connectivit\u00e9 et une gestion simple. Ce mod\u00e8le dispose de <b>24 ports Gigabit Ethernet 10\/100\/1000 Mbps<\/b> via des connexions <b>RJ45<\/b>, offrant une grande capacit\u00e9 pour connecter plusieurs appareils avec une vitesse optimale. Il inclut \u00e9galement <b>12 ports PoE 802.3at<\/b>, permettant d\u2019alimenter des dispositifs comme des cam\u00e9ras IP, t\u00e9l\u00e9phones VoIP ou points d\u2019acc\u00e8s sans fil directement depuis le switch, avec un total de <b>130 watts de budget PoE<\/b> pour couvrir les besoins \u00e9nerg\u00e9tiques sans adaptateurs suppl\u00e9mentaires. Ses performances se caract\u00e9risent par une capacit\u00e9 de commutation de <b>48 Gbps<\/b> et un d\u00e9bit de transfert de <b>35,7 millions de paquets par seconde (Mpps)<\/b>, garantissant un trafic r\u00e9seau efficace et sans latence notable. Il est \u00e9quip\u00e9 d\u2019un tampon de paquets de <b>525 KB<\/b>, d\u2019une m\u00e9moire MAC pour <b>8 000 adresses<\/b> et supporte des trames jumbo jusqu\u2019\u00e0 <b>9 KB<\/b>, facilitant la gestion de gros volumes de donn\u00e9es. Con\u00e7u pour un montage en <b>armoire ou mural<\/b>, son bo\u00eetier noir compact de <b>330 x 230 x 44 mm<\/b>, avec un poids de <b>2,48 kg<\/b>, facilite son int\u00e9gration dans divers environnements. C\u00f4t\u00e9 alimentation, il accepte une entr\u00e9e secteur de <b>100 V \u00e0 240 V<\/b>, avec une consommation maximale de <b>166,1 W<\/b>. Cet \u00e9quipement pr\u00e9sente un MTBF \u00e9lev\u00e9, proche de <b>769 000 heures<\/b>, t\u00e9moignant d\u2019une grande fiabilit\u00e9 et durabilit\u00e9. Il fonctionne dans une plage de temp\u00e9rature de <b>0 \u00baC \u00e0 40 \u00baC<\/b> et supporte une humidit\u00e9 relative jusqu\u2019\u00e0 <b>95 % sans condensation<\/b>. Le niveau sonore varie entre <b>19 et 40 dBA<\/b>, adapt\u00e9 aux environnements professionnels sans g\u00eane acoustique. Son \u00e9quipement comprend un c\u00e2ble d\u2019alimentation et un kit de montage en rack, facilitant installation et maintenance. En r\u00e9sum\u00e9, le ZyXEL GS1915-24EP est une solution robuste et polyvalente pour la gestion de r\u00e9seaux de taille moyenne, offrant un bon \u00e9quilibre entre capacit\u00e9, performance et fonctionnalit\u00e9s.<\/p>\n<ul>\n<li>Connexions:\n<ul>\n<li>RJ45<\/li>\n<li>RJ45 x 24<\/li>\n<li>PoE x 1<\/li>\n<li>Ethernet LAN<\/li>\n<\/ul>\n<\/li>\n<li>Produit \u00e0 brancher: Oui<\/li>\n<li>Type de prise: Prise EU<\/li>\n<li>Type: Switch<\/li>\n<li>Bloc d\u2019Alimentation:\n<ul>\n<li>r\u00e9seau \u00e9lectrique<\/li>\n<li>Incluses<\/li>\n<\/ul>\n<\/li>\n<li>Couleur: Noir<\/li>\n<li>Tension:\n<ul>\n<li>100-240 V<\/li>\n<li>220 V<\/li>\n<li>100 &#8211; 240 V<\/li>\n<\/ul>\n<\/li>\n<li>Fr\u00e9quence: 50-60 Hz<\/li>\n<li>Caract\u00e9ristiques:\n<ul>\n<li>Montage mural<\/li>\n<li>T\u00e9moin de fonctionnement LED<\/li>\n<li>Protection des donn\u00e9es\/mot de passe<\/li>\n<\/ul>\n<\/li>\n<li>Support: Multisupport<\/li>\n<li>Ports: 24<\/li>\n<li>Fr\u00e9quence d&#8217;entr\u00e9e AC: 50-60 Hz<\/li>\n<li>puissance: 130 W<\/li>\n<li>Largeur: 33 cm<\/li>\n<li>Facteur de forme: 1U<\/li>\n<li>Temp\u00e9rature approximative: -40\u00ba \/ 70\u00ba<\/li>\n<li>S\u00e9curit\u00e9: IGMP<\/li>\n<li>vitesse: 100\/1000 Mbps<\/li>\n<li>Pr\u00e9cision (humidit\u00e9 relative): 10 % &#8211; 95 %<\/li>\n<\/ul>","protected":false},"excerpt":{"rendered":"<p>Si vous \u00eates passionn\u00e9 d&#8217;informatique et d&#8217;\u00e9lectronique, si vous \u00eates \u00e0 la pointe de la technologie et qu&#8217;aucun d\u00e9tail ne vous \u00e9chappe, achetez Switch ZyXEL GS1915-24EP-EU0101F au meilleur prix. Le ZyXEL GS1915-24EP est un switch con\u00e7u pour offrir une solution fiable et efficace dans les r\u00e9seaux d\u2019entreprise n\u00e9cessitant une haute connectivit\u00e9 et une gestion simple. [&hellip;]<\/p>\n","protected":false},"featured_media":178020,"comment_status":"open","ping_status":"closed","template":"","meta":[],"product_brand":[648],"product_cat":[65,584,585],"product_tag":[106],"class_list":{"0":"post-178021","1":"product","2":"type-product","3":"status-publish","4":"has-post-thumbnail","6":"product_brand-brandp_669","7":"product_cat-informatique-electronique","8":"product_cat-informatique-reseaux-et-composants","9":"product_cat-switch","10":"product_tag-tag_1295","12":"first","13":"instock","14":"taxable","15":"shipping-taxable","16":"purchasable","17":"product-type-simple"},"_links":{"self":[{"href":"https:\/\/bigbuy.tupique.com\/pt\/wp-json\/wp\/v2\/product\/178021","targetHints":{"allow":["GET"]}}],"collection":[{"href":"https:\/\/bigbuy.tupique.com\/pt\/wp-json\/wp\/v2\/product"}],"about":[{"href":"https:\/\/bigbuy.tupique.com\/pt\/wp-json\/wp\/v2\/types\/product"}],"replies":[{"embeddable":true,"href":"https:\/\/bigbuy.tupique.com\/pt\/wp-json\/wp\/v2\/comments?post=178021"}],"wp:featuredmedia":[{"embeddable":true,"href":"https:\/\/bigbuy.tupique.com\/pt\/wp-json\/wp\/v2\/media\/178020"}],"wp:attachment":[{"href":"https:\/\/bigbuy.tupique.com\/pt\/wp-json\/wp\/v2\/media?parent=178021"}],"wp:term":[{"taxonomy":"product_brand","embeddable":true,"href":"https:\/\/bigbuy.tupique.com\/pt\/wp-json\/wp\/v2\/product_brand?post=178021"},{"taxonomy":"product_cat","embeddable":true,"href":"https:\/\/bigbuy.tupique.com\/pt\/wp-json\/wp\/v2\/product_cat?post=178021"},{"taxonomy":"product_tag","embeddable":true,"href":"https:\/\/bigbuy.tupique.com\/pt\/wp-json\/wp\/v2\/product_tag?post=178021"}],"curies":[{"name":"wp","href":"https:\/\/api.w.org\/{rel}","templated":true}]}}