{"id":17705,"date":"2026-03-29T14:49:45","date_gmt":"2026-03-29T13:49:45","guid":{"rendered":"https:\/\/bigbuy.tupique.com\/produto\/random-orbital-sander-bosch-gtr-55-225\/"},"modified":"2026-04-16T16:41:19","modified_gmt":"2026-04-16T15:41:19","slug":"random-orbital-sander-bosch-gtr-55-225","status":"publish","type":"product","link":"https:\/\/bigbuy.tupique.com\/pt\/produto\/random-orbital-sander-bosch-gtr-55-225\/","title":{"rendered":"Ponceuse excentrique BOSCH GTR 55-225"},"content":{"rendered":"<p>Si vous aimez prendre soin de chaque d\u00e9tail de votre maison et d&#8217;\u00eatre \u00e0 la derni\u00e8re mode en mati\u00e8re de produits qui vous rendront la vie plus facile, achetez <b>Ponceuse excentrique BOSCH GTR 55-225<\/b> au meilleur prix.<\/p>\n<p>La <b>ponceuse excentrique GTR 55-225<\/b> de <b>Bosch<\/b> est un outil \u00e9lectrique con\u00e7u pour offrir une finition professionnelle sur diverses surfaces gr\u00e2ce \u00e0 son syst\u00e8me de mouvement excentrique qui permet un pon\u00e7age uniforme et pr\u00e9cis. Elle pr\u00e9sente un <b>coloris bleu<\/b> caract\u00e9ristique de la gamme Bosch Professional et fonctionne avec une <b>alimentation par c\u00e2ble \u00e9lectrique<\/b>, garantissant une alimentation constante sans limitation de batterie. Cette ponceuse fonctionne en <b>courant alternatif (CA)<\/b>, adapt\u00e9 aux travaux continus et professionnels, et est \u00e9quip\u00e9e d\u2019une prise conforme aux normes EU pour une connexion s\u00fbre et simple. Son niveau sonore, d\u2019environ <b>98 \u00b1 3 dB<\/b>, refl\u00e8te sa puissance, adapt\u00e9e aux pon\u00e7ages exigeants en atelier ou sur chantier. L\u2019outil est con\u00e7u pour un maniement confortable et un contr\u00f4le pr\u00e9cis, essentiels pour obtenir des finitions nettes sans marques visibles. Son design allie fonctionnalit\u00e9 et robustesse, caract\u00e9ristiques typiques de la gamme Bosch Professional. La GTR 55-225 r\u00e9pond aux besoins des utilisateurs recherchant une ponceuse excentrique fiable et performante pour la menuiserie, le bricolage avanc\u00e9 ou la restauration, offrant des r\u00e9sultats constants gr\u00e2ce \u00e0 sa technologie et sa puissance \u00e9lectrique. En r\u00e9sum\u00e9, cette ponceuse excentrique repr\u00e9sente une solution pratique et professionnelle pour des travaux de pon\u00e7age n\u00e9cessitant pr\u00e9cision et durabilit\u00e9.<\/p>\n<ul>\n<li>Type: Ponceuse excentrique<\/li>\n<li>Produit \u00e0 brancher: Oui<\/li>\n<li>Type de prise: Prise EU<\/li>\n<li>Bloc d\u2019Alimentation:\n<ul>\n<li>r\u00e9seau \u00e9lectrique<\/li>\n<li>C\u00e2ble \u00e9lectrique<\/li>\n<li>Courant CA<\/li>\n<\/ul>\n<\/li>\n<li>Couleur: Bleu<\/li>\n<li>Dimensions approx.: 38 x 24 x 68 cm<\/li>\n<li>Volume sonore: 98 \u00b1 3 dB<\/li>\n<\/ul>","protected":false},"excerpt":{"rendered":"<p>Si vous aimez prendre soin de chaque d\u00e9tail de votre maison et d&#8217;\u00eatre \u00e0 la derni\u00e8re mode en mati\u00e8re de produits qui vous rendront la vie plus facile, achetez Ponceuse excentrique BOSCH GTR 55-225 au meilleur prix. La ponceuse excentrique GTR 55-225 de Bosch est un outil \u00e9lectrique con\u00e7u pour offrir une finition professionnelle sur [&hellip;]<\/p>\n","protected":false},"featured_media":192867,"comment_status":"open","ping_status":"closed","template":"","meta":[],"product_brand":[162],"product_cat":[613,239],"product_tag":[59,210],"class_list":{"0":"post-17705","1":"product","2":"type-product","3":"status-publish","4":"has-post-thumbnail","6":"product_brand-brandp_959","7":"product_cat-bricolage-et-materiel","8":"product_cat-maison-jardin","9":"product_tag-tag_1304","10":"product_tag-tag_25","12":"first","13":"instock","14":"taxable","15":"shipping-taxable","16":"purchasable","17":"product-type-simple"},"_links":{"self":[{"href":"https:\/\/bigbuy.tupique.com\/pt\/wp-json\/wp\/v2\/product\/17705","targetHints":{"allow":["GET"]}}],"collection":[{"href":"https:\/\/bigbuy.tupique.com\/pt\/wp-json\/wp\/v2\/product"}],"about":[{"href":"https:\/\/bigbuy.tupique.com\/pt\/wp-json\/wp\/v2\/types\/product"}],"replies":[{"embeddable":true,"href":"https:\/\/bigbuy.tupique.com\/pt\/wp-json\/wp\/v2\/comments?post=17705"}],"wp:featuredmedia":[{"embeddable":true,"href":"https:\/\/bigbuy.tupique.com\/pt\/wp-json\/wp\/v2\/media\/192867"}],"wp:attachment":[{"href":"https:\/\/bigbuy.tupique.com\/pt\/wp-json\/wp\/v2\/media?parent=17705"}],"wp:term":[{"taxonomy":"product_brand","embeddable":true,"href":"https:\/\/bigbuy.tupique.com\/pt\/wp-json\/wp\/v2\/product_brand?post=17705"},{"taxonomy":"product_cat","embeddable":true,"href":"https:\/\/bigbuy.tupique.com\/pt\/wp-json\/wp\/v2\/product_cat?post=17705"},{"taxonomy":"product_tag","embeddable":true,"href":"https:\/\/bigbuy.tupique.com\/pt\/wp-json\/wp\/v2\/product_tag?post=17705"}],"curies":[{"name":"wp","href":"https:\/\/api.w.org\/{rel}","templated":true}]}}