{"id":17675,"date":"2026-03-29T14:48:57","date_gmt":"2026-03-29T13:48:57","guid":{"rendered":"https:\/\/bigbuy.tupique.com\/produto\/drill-drivers-bosch-professional-gsr-12v-15-12-v\/"},"modified":"2026-05-11T20:02:43","modified_gmt":"2026-05-11T18:02:43","slug":"drill-drivers-bosch-professional-gsr-12v-15-12-v","status":"publish","type":"product","link":"https:\/\/bigbuy.tupique.com\/pt\/produto\/drill-drivers-bosch-professional-gsr-12v-15-12-v\/","title":{"rendered":"Perceuse visseuse BOSCH Professional GSR 12V-15 12 V"},"content":{"rendered":"<p>Si vous aimez prendre soin de chaque d\u00e9tail de votre maison et d&#8217;\u00eatre \u00e0 la derni\u00e8re mode en mati\u00e8re de produits qui vous rendront la vie plus facile, achetez <b>Perceuse visseuse BOSCH Professional GSR 12V-15 12 V<\/b> au meilleur prix.<\/p>\n<p>Le <b>perceuse-visseuse Professional GSR 12V-15<\/b> de <b>Bosch<\/b> est un outil \u00e9lectrique compact et performant con\u00e7u pour r\u00e9pondre aux besoins des professionnels comme des amateurs en per\u00e7age et vissage. Il fonctionne avec une <b>tension de 12 V<\/b> assurant une puissance adapt\u00e9e aux travaux de pr\u00e9cision et \u00e0 une utilisation prolong\u00e9e, accompagn\u00e9 d\u2019une <b>batterie de 2 Ah<\/b> offrant une autonomie raisonnable pour des travaux continus sans interruptions fr\u00e9quentes de recharge. Son design ergonomique et l\u00e9ger, avec une finition en <b>bleu<\/b>, facilite la prise en main et le contr\u00f4le pr\u00e9cis lors de l\u2019utilisation, id\u00e9al pour les espaces restreints ou les t\u00e2ches n\u00e9cessitant une mobilit\u00e9 constante. De plus, le produit inclut la <b>batterie<\/b> n\u00e9cessaire ainsi qu\u2019un <b>coffret de transport<\/b>, permettant un rangement s\u00fbr et pratique pour le transporter partout et garder les accessoires organis\u00e9s. Cet outil s\u2019adapte \u00e0 une large gamme d\u2019applications, du vissage de meubles aux op\u00e9rations de montage et r\u00e9paration, se distinguant par sa polyvalence et la fiabilit\u00e9 propre \u00e0 la gamme professionnelle Bosch. L\u2019alliance puissance, autonomie et portabilit\u00e9 fait du perceuse-visseuse GSR 12V-15 une solution pratique pour ceux qui recherchent un outil \u00e9lectrique efficace et maniable avec des caract\u00e9ristiques techniques \u00e9quilibr\u00e9es pour un usage quotidien.<\/p>\n<ul>\n<li>Produit \u00e0 brancher: Oui<\/li>\n<li>Type de prise: Prise EU<\/li>\n<li>Inclut:\n<ul>\n<li>Porte documents<\/li>\n<li>Chargeur de batterie<\/li>\n<li>Batterie au lithium rechargeable<\/li>\n<li>Batterie<\/li>\n<\/ul>\n<\/li>\n<li>Type: Outil<\/li>\n<li>Tension: 12 V<\/li>\n<li>Bloc d\u2019Alimentation:\n<ul>\n<li>r\u00e9seau \u00e9lectrique<\/li>\n<li>Batterie<\/li>\n<\/ul>\n<\/li>\n<li>Couleur: Bleu<\/li>\n<li>Capacit\u00e9 de la batterie: 2 Ah<\/li>\n<li>Vitesse: 2<\/li>\n<li>tension: 12 V<\/li>\n<li>diam\u00e8tre approx.: 13 mm<\/li>\n<li>Piles incluses: Oui<\/li>\n<li>Amp\u00e9rage: 2 A<\/li>\n<li>Type de batterie: Litio Ion<\/li>\n<\/ul>","protected":false},"excerpt":{"rendered":"<p>Si vous aimez prendre soin de chaque d\u00e9tail de votre maison et d&#8217;\u00eatre \u00e0 la derni\u00e8re mode en mati\u00e8re de produits qui vous rendront la vie plus facile, achetez Perceuse visseuse BOSCH Professional GSR 12V-15 12 V au meilleur prix. Le perceuse-visseuse Professional GSR 12V-15 de Bosch est un outil \u00e9lectrique compact et performant con\u00e7u [&hellip;]<\/p>\n","protected":false},"featured_media":17672,"comment_status":"open","ping_status":"closed","template":"","meta":[],"product_brand":[162],"product_cat":[613,239],"product_tag":[59,210],"class_list":{"0":"post-17675","1":"product","2":"type-product","3":"status-publish","4":"has-post-thumbnail","6":"product_brand-brandp_959","7":"product_cat-bricolage-et-materiel","8":"product_cat-maison-jardin","9":"product_tag-tag_1304","10":"product_tag-tag_25","12":"first","13":"instock","14":"taxable","15":"shipping-taxable","16":"purchasable","17":"product-type-simple"},"_links":{"self":[{"href":"https:\/\/bigbuy.tupique.com\/pt\/wp-json\/wp\/v2\/product\/17675","targetHints":{"allow":["GET"]}}],"collection":[{"href":"https:\/\/bigbuy.tupique.com\/pt\/wp-json\/wp\/v2\/product"}],"about":[{"href":"https:\/\/bigbuy.tupique.com\/pt\/wp-json\/wp\/v2\/types\/product"}],"replies":[{"embeddable":true,"href":"https:\/\/bigbuy.tupique.com\/pt\/wp-json\/wp\/v2\/comments?post=17675"}],"wp:featuredmedia":[{"embeddable":true,"href":"https:\/\/bigbuy.tupique.com\/pt\/wp-json\/wp\/v2\/media\/17672"}],"wp:attachment":[{"href":"https:\/\/bigbuy.tupique.com\/pt\/wp-json\/wp\/v2\/media?parent=17675"}],"wp:term":[{"taxonomy":"product_brand","embeddable":true,"href":"https:\/\/bigbuy.tupique.com\/pt\/wp-json\/wp\/v2\/product_brand?post=17675"},{"taxonomy":"product_cat","embeddable":true,"href":"https:\/\/bigbuy.tupique.com\/pt\/wp-json\/wp\/v2\/product_cat?post=17675"},{"taxonomy":"product_tag","embeddable":true,"href":"https:\/\/bigbuy.tupique.com\/pt\/wp-json\/wp\/v2\/product_tag?post=17675"}],"curies":[{"name":"wp","href":"https:\/\/api.w.org\/{rel}","templated":true}]}}