{"id":17671,"date":"2026-03-29T14:48:51","date_gmt":"2026-03-29T13:48:51","guid":{"rendered":"https:\/\/bigbuy.tupique.com\/produto\/laser-level-bosch-gcl-2-50-cg-solo\/"},"modified":"2026-05-11T20:02:18","modified_gmt":"2026-05-11T18:02:18","slug":"laser-level-bosch-gcl-2-50-cg-solo","status":"publish","type":"product","link":"https:\/\/bigbuy.tupique.com\/pt\/produto\/laser-level-bosch-gcl-2-50-cg-solo\/","title":{"rendered":"Niveau laser BOSCH GCL 2-50 CG Solo"},"content":{"rendered":"<p>Si vous aimez prendre soin de chaque d\u00e9tail de votre maison et d&#8217;\u00eatre \u00e0 la derni\u00e8re mode en mati\u00e8re de produits qui vous rendront la vie plus facile, achetez <b>Niveau laser BOSCH GCL 2-50 CG Solo<\/b> au meilleur prix.<\/p>\n<ul>\n<li>Inclut:\n<ul>\n<li>Accessoires<\/li>\n<li>Porte documents<\/li>\n<li>Base ou soutien<\/li>\n<li>Tripode<\/li>\n<li>\u00c9tui<\/li>\n<li>Supports de montage<\/li>\n<\/ul>\n<\/li>\n<li>Type: Niveau laser<\/li>\n<li>Couleur:\n<ul>\n<li>Bleu<\/li>\n<li>Noir\/Bleu<\/li>\n<\/ul>\n<\/li>\n<li>Mat\u00e9riel: Plastique<\/li>\n<li>Caract\u00e9ristiques: Avec \u00e9tui<\/li>\n<li>Connectivit\u00e9: Bluetooth<\/li>\n<li>Tension: 12 V<\/li>\n<li>Bloc d\u2019Alimentation: Batterie<\/li>\n<li>Classification IP: IP54<\/li>\n<li>Fonctionne \u00e0 piles: Oui<\/li>\n<li>Type de batterie:\n<ul>\n<li>AA<\/li>\n<li>Litio Ion<\/li>\n<\/ul>\n<\/li>\n<li>Non inclut: Batterie<\/li>\n<li>Temp\u00e9rature approximative: &#8211; 20\u00baC \/ 70\u00b0C<\/li>\n<\/ul>","protected":false},"excerpt":{"rendered":"<p>Si vous aimez prendre soin de chaque d\u00e9tail de votre maison et d&#8217;\u00eatre \u00e0 la derni\u00e8re mode en mati\u00e8re de produits qui vous rendront la vie plus facile, achetez Niveau laser BOSCH GCL 2-50 CG Solo au meilleur prix. Inclut: Accessoires Porte documents Base ou soutien Tripode \u00c9tui Supports de montage Type: Niveau laser Couleur: [&hellip;]<\/p>\n","protected":false},"featured_media":191089,"comment_status":"open","ping_status":"closed","template":"","meta":[],"product_brand":[162],"product_cat":[613,239],"product_tag":[59,210],"class_list":{"0":"post-17671","1":"product","2":"type-product","3":"status-publish","4":"has-post-thumbnail","6":"product_brand-brandp_959","7":"product_cat-bricolage-et-materiel","8":"product_cat-maison-jardin","9":"product_tag-tag_1304","10":"product_tag-tag_25","12":"first","13":"instock","14":"taxable","15":"shipping-taxable","16":"purchasable","17":"product-type-simple"},"_links":{"self":[{"href":"https:\/\/bigbuy.tupique.com\/pt\/wp-json\/wp\/v2\/product\/17671","targetHints":{"allow":["GET"]}}],"collection":[{"href":"https:\/\/bigbuy.tupique.com\/pt\/wp-json\/wp\/v2\/product"}],"about":[{"href":"https:\/\/bigbuy.tupique.com\/pt\/wp-json\/wp\/v2\/types\/product"}],"replies":[{"embeddable":true,"href":"https:\/\/bigbuy.tupique.com\/pt\/wp-json\/wp\/v2\/comments?post=17671"}],"wp:featuredmedia":[{"embeddable":true,"href":"https:\/\/bigbuy.tupique.com\/pt\/wp-json\/wp\/v2\/media\/191089"}],"wp:attachment":[{"href":"https:\/\/bigbuy.tupique.com\/pt\/wp-json\/wp\/v2\/media?parent=17671"}],"wp:term":[{"taxonomy":"product_brand","embeddable":true,"href":"https:\/\/bigbuy.tupique.com\/pt\/wp-json\/wp\/v2\/product_brand?post=17671"},{"taxonomy":"product_cat","embeddable":true,"href":"https:\/\/bigbuy.tupique.com\/pt\/wp-json\/wp\/v2\/product_cat?post=17671"},{"taxonomy":"product_tag","embeddable":true,"href":"https:\/\/bigbuy.tupique.com\/pt\/wp-json\/wp\/v2\/product_tag?post=17671"}],"curies":[{"name":"wp","href":"https:\/\/api.w.org\/{rel}","templated":true}]}}