{"id":17636,"date":"2026-03-29T14:48:02","date_gmt":"2026-03-29T13:48:02","guid":{"rendered":"https:\/\/bigbuy.tupique.com\/produto\/mens-watch-philip-watch-roma-white-o-41-mm\/"},"modified":"2026-05-11T20:03:38","modified_gmt":"2026-05-11T18:03:38","slug":"mens-watch-philip-watch-roma-white-o-41-mm","status":"publish","type":"product","link":"https:\/\/bigbuy.tupique.com\/pt\/produto\/mens-watch-philip-watch-roma-white-o-41-mm\/","title":{"rendered":"Montre Homme Philip Watch ROMA Blanc (\u00d8 41 mm)"},"content":{"rendered":"<p>Si vous aimez suivre les derni\u00e8res tendances en mati\u00e8re de mode et accessoires, achetez <b>Montre Homme Philip Watch ROMA Blanc (\u00d8 41 mm)<\/b> au meilleur prix.<\/p>\n<p>La <b>Montre Homme ROMA<\/b> de Philip Watch allie un design classique \u00e0 des mat\u00e9riaux modernes et une fonctionnalit\u00e9 essentielle, se pr\u00e9sentant comme une pi\u00e8ce polyvalente et \u00e9l\u00e9gante pour un usage quotidien. Son <b>cadran blanc<\/b> offre une base \u00e9pur\u00e9e et sophistiqu\u00e9e, facilitant la lecture de l\u2019heure et mettant en valeur l\u2019aspect raffin\u00e9 de la montre. Ce mod\u00e8le est dot\u00e9 de la fonction <b>date<\/b>, int\u00e9gr\u00e9e discr\u00e8tement pour fournir une information suppl\u00e9mentaire sans alourdir l\u2019esth\u00e9tique g\u00e9n\u00e9rale. Destin\u00e9e au public masculin, la ROMA se distingue par le choix soign\u00e9 des mat\u00e9riaux du bracelet, alternant entre <b>silicone et cuir<\/b>, deux options pens\u00e9es pour garantir confort, durabilit\u00e9 et adaptation au style personnel de chaque utilisateur. Le bracelet, d\u2019un <b>coloris marron<\/b> sobre, compl\u00e8te parfaitement le cadran, apportant une touche chaleureuse et intemporelle au poignet, adapt\u00e9e aussi bien aux environnements formels qu\u2019informels. Fabriqu\u00e9e en <b>2020<\/b>, cette montre s\u2019inscrit dans la gamme de produits Philip Watch reconnue pour sa pr\u00e9cision et sa fiabilit\u00e9, maintenant un \u00e9quilibre entre la tradition horlog\u00e8re et les tendances contemporaines. Avec un m\u00e9canisme solide et un design pens\u00e9 pour la polyvalence, la ROMA est un excellent choix pour ceux qui recherchent une <b>montre homme<\/b> au style distingu\u00e9 et aux d\u00e9tails pratiques, adapt\u00e9e aux besoins actuels sans perdre l\u2019essence classique qui d\u00e9finit la marque. En r\u00e9sum\u00e9, ce mod\u00e8le refl\u00e8te l\u2019engagement de Philip Watch envers l\u2019excellence des mat\u00e9riaux et de la fonctionnalit\u00e9, s\u2019imposant comme une proposition \u00e9quilibr\u00e9e et distingu\u00e9e dans l\u2019horlogerie masculine.<\/p>\n<ul>\n<li>Genre: Homme<\/li>\n<li>Type de montre: Montre-bracelet<\/li>\n<li>Liens suppl\u00e9mentaires: Non<\/li>\n<li>Fonctions: Date<\/li>\n<li>Mat\u00e9riau du bracelet:\n<ul>\n<li>Cuir<\/li>\n<li>Silicone<\/li>\n<\/ul>\n<\/li>\n<li>Inclut: Inclut un \u00e9tui ou une housse de la marque<\/li>\n<li>Imperm\u00e9abilit\u00e9: 5 atm<\/li>\n<li>Verre: Saphir<\/li>\n<li>Type de mouvement: Automatique<\/li>\n<li>Diam\u00e8tre du bo\u00eetier de la montre: \u00d8 41 mm<\/li>\n<li>Couleur: Blanc<\/li>\n<li>Ann\u00e9e: 2020<\/li>\n<li>Couleur du bracelet: Marron<\/li>\n<li>diam\u00e8tre approx.: 41 mm<\/li>\n<\/ul>","protected":false},"excerpt":{"rendered":"<p>Si vous aimez suivre les derni\u00e8res tendances en mati\u00e8re de mode et accessoires, achetez Montre Homme Philip Watch ROMA Blanc (\u00d8 41 mm) au meilleur prix. La Montre Homme ROMA de Philip Watch allie un design classique \u00e0 des mat\u00e9riaux modernes et une fonctionnalit\u00e9 essentielle, se pr\u00e9sentant comme une pi\u00e8ce polyvalente et \u00e9l\u00e9gante pour un [&hellip;]<\/p>\n","protected":false},"featured_media":17634,"comment_status":"open","ping_status":"closed","template":"","meta":[],"product_brand":[872],"product_cat":[544,574,545],"product_tag":[103,543],"class_list":{"0":"post-17636","1":"product","2":"type-product","3":"status-publish","4":"has-post-thumbnail","6":"product_brand-brandp_6832","7":"product_cat-mode-accessoires","8":"product_cat-montres-homme","9":"product_cat-montres-bracelets","10":"product_tag-tag_1261","11":"product_tag-tag_61","13":"first","14":"instock","15":"taxable","16":"shipping-taxable","17":"purchasable","18":"product-type-simple"},"_links":{"self":[{"href":"https:\/\/bigbuy.tupique.com\/pt\/wp-json\/wp\/v2\/product\/17636","targetHints":{"allow":["GET"]}}],"collection":[{"href":"https:\/\/bigbuy.tupique.com\/pt\/wp-json\/wp\/v2\/product"}],"about":[{"href":"https:\/\/bigbuy.tupique.com\/pt\/wp-json\/wp\/v2\/types\/product"}],"replies":[{"embeddable":true,"href":"https:\/\/bigbuy.tupique.com\/pt\/wp-json\/wp\/v2\/comments?post=17636"}],"wp:featuredmedia":[{"embeddable":true,"href":"https:\/\/bigbuy.tupique.com\/pt\/wp-json\/wp\/v2\/media\/17634"}],"wp:attachment":[{"href":"https:\/\/bigbuy.tupique.com\/pt\/wp-json\/wp\/v2\/media?parent=17636"}],"wp:term":[{"taxonomy":"product_brand","embeddable":true,"href":"https:\/\/bigbuy.tupique.com\/pt\/wp-json\/wp\/v2\/product_brand?post=17636"},{"taxonomy":"product_cat","embeddable":true,"href":"https:\/\/bigbuy.tupique.com\/pt\/wp-json\/wp\/v2\/product_cat?post=17636"},{"taxonomy":"product_tag","embeddable":true,"href":"https:\/\/bigbuy.tupique.com\/pt\/wp-json\/wp\/v2\/product_tag?post=17636"}],"curies":[{"name":"wp","href":"https:\/\/api.w.org\/{rel}","templated":true}]}}