{"id":17586,"date":"2026-03-29T14:46:56","date_gmt":"2026-03-29T13:46:56","guid":{"rendered":"https:\/\/bigbuy.tupique.com\/produto\/converter-1200-w-220-v\/"},"modified":"2026-04-16T18:30:44","modified_gmt":"2026-04-16T17:30:44","slug":"converter-1200-w-220-v","status":"publish","type":"product","link":"https:\/\/bigbuy.tupique.com\/pt\/produto\/converter-1200-w-220-v\/","title":{"rendered":"Transformateur   1200 W 220 V"},"content":{"rendered":"<p>Vous voulez donner une touche d&#8217;originalit\u00e9 \u00e0 votre maison ? Vous y arriverez gr\u00e2ce au <b>Transformateur   1200 W 220 V<\/b>.<\/p>\n<ul>\n<li>Produit \u00e0 brancher: Oui<\/li>\n<li>Type de prise:\n<ul>\n<li>Fran\u00e7ais<\/li>\n<li>Prise EU<\/li>\n<\/ul>\n<\/li>\n<li>Type: Transformateur<\/li>\n<li>Inclut: Micro-ondes<\/li>\n<li>puissance: 1200 W<\/li>\n<li>Tension: 220 V<\/li>\n<li>Bloc d\u2019Alimentation: r\u00e9seau \u00e9lectrique<\/li>\n<li>Couleur: Blanc<\/li>\n<\/ul>","protected":false},"excerpt":{"rendered":"<p>Vous voulez donner une touche d&#8217;originalit\u00e9 \u00e0 votre maison ? Vous y arriverez gr\u00e2ce au Transformateur 1200 W 220 V. Produit \u00e0 brancher: Oui Type de prise: Fran\u00e7ais Prise EU Type: Transformateur Inclut: Micro-ondes puissance: 1200 W Tension: 220 V Bloc d\u2019Alimentation: r\u00e9seau \u00e9lectrique Couleur: Blanc<\/p>","protected":false},"featured_media":17585,"comment_status":"open","ping_status":"closed","template":"","meta":[],"product_brand":[870],"product_cat":[602,598,65],"product_tag":[59,210],"class_list":{"0":"post-17586","1":"product","2":"type-product","3":"status-publish","4":"has-post-thumbnail","6":"product_brand-brandp_2385","7":"product_cat-adaptateurs","8":"product_cat-informatique-cables-et-adaptateurs","9":"product_cat-informatique-electronique","10":"product_tag-tag_1304","11":"product_tag-tag_25","13":"first","14":"instock","15":"taxable","16":"shipping-taxable","17":"purchasable","18":"product-type-simple"},"_links":{"self":[{"href":"https:\/\/bigbuy.tupique.com\/pt\/wp-json\/wp\/v2\/product\/17586","targetHints":{"allow":["GET"]}}],"collection":[{"href":"https:\/\/bigbuy.tupique.com\/pt\/wp-json\/wp\/v2\/product"}],"about":[{"href":"https:\/\/bigbuy.tupique.com\/pt\/wp-json\/wp\/v2\/types\/product"}],"replies":[{"embeddable":true,"href":"https:\/\/bigbuy.tupique.com\/pt\/wp-json\/wp\/v2\/comments?post=17586"}],"wp:featuredmedia":[{"embeddable":true,"href":"https:\/\/bigbuy.tupique.com\/pt\/wp-json\/wp\/v2\/media\/17585"}],"wp:attachment":[{"href":"https:\/\/bigbuy.tupique.com\/pt\/wp-json\/wp\/v2\/media?parent=17586"}],"wp:term":[{"taxonomy":"product_brand","embeddable":true,"href":"https:\/\/bigbuy.tupique.com\/pt\/wp-json\/wp\/v2\/product_brand?post=17586"},{"taxonomy":"product_cat","embeddable":true,"href":"https:\/\/bigbuy.tupique.com\/pt\/wp-json\/wp\/v2\/product_cat?post=17586"},{"taxonomy":"product_tag","embeddable":true,"href":"https:\/\/bigbuy.tupique.com\/pt\/wp-json\/wp\/v2\/product_tag?post=17586"}],"curies":[{"name":"wp","href":"https:\/\/api.w.org\/{rel}","templated":true}]}}