{"id":175484,"date":"2026-04-11T19:17:26","date_gmt":"2026-04-11T18:17:26","guid":{"rendered":"https:\/\/bigbuy.tupique.com\/produto\/mini-models-little-tikes-harry-potter\/"},"modified":"2026-04-16T19:56:41","modified_gmt":"2026-04-16T18:56:41","slug":"mini-models-little-tikes-harry-potter","status":"publish","type":"product","link":"https:\/\/bigbuy.tupique.com\/pt\/produto\/mini-models-little-tikes-harry-potter\/","title":{"rendered":"Mini figurines Little Tikes Harry Potter"},"content":{"rendered":"<p>Les enfants m\u00e9ritent ce qu\u2019il y a de mieux, nous vous pr\u00e9sentons donc <b>Mini figurines Little Tikes Harry Potter<\/b>, id\u00e9al pour ceux qui cherchent des produits de qualit\u00e9 pour les plus petits ! Procurez-vous <b>Little Tikes<\/b> aux meilleurs prix !<\/p>\n<p>Le <b>Mini Figurines Harry Potter<\/b> de <b>Little Tikes<\/b> est un set de loisirs cr\u00e9atifs qui offre une exp\u00e9rience de jeu unique et \u00e9ducative pour les enfants d\u00e8s 8 ans. Ce produit comprend une <b>bo\u00eete compl\u00e8te avec 15 mini potions \u00e0 cr\u00e9er<\/b>, con\u00e7ues pour stimuler l\u2019imagination et la dext\u00e9rit\u00e9 manuelle en recr\u00e9ant l\u2019univers magique de Harry Potter. Chacune de ces mini figurines est soigneusement r\u00e9alis\u00e9e pour repr\u00e9senter des \u00e9l\u00e9ments embl\u00e9matiques de la saga, permettant aux joueurs d\u2019exp\u00e9rimenter et de combiner divers accessoires et composants, favorisant ainsi des activit\u00e9s ludiques m\u00ealant cr\u00e9ativit\u00e9 et concentration. Il est important de souligner que cet ensemble n\u2019est pas comestible et s\u2019adresse \u00e0 un jeune public, respectant les normes de s\u00e9curit\u00e9 pour \u00e9viter tout risque. De plus, le produit est pr\u00e9sent\u00e9 en <b>langue fran\u00e7aise<\/b>, ce qui ajoute une valeur \u00e9ducative en facilitant l\u2019apprentissage et la familiarisation avec cette langue, \u00e9largissant ses usages p\u00e9dagogiques. La marque Little Tikes garantit qualit\u00e9 et durabilit\u00e9, offrant des pi\u00e8ces r\u00e9sistantes et s\u00fbres qui assurent des heures de divertissement. En r\u00e9sum\u00e9, ce jeu constitue un compl\u00e9ment id\u00e9al pour le d\u00e9veloppement cr\u00e9atif et cognitif des enfants, dans l\u2019univers th\u00e9matique de Harry Potter et avec la confiance d\u2019une marque reconnue dans les jouets pour enfants.<\/p>\n<ul>\n<li>Langue: Fran\u00e7ais<\/li>\n<\/ul>","protected":false},"excerpt":{"rendered":"<p>Les enfants m\u00e9ritent ce qu\u2019il y a de mieux, nous vous pr\u00e9sentons donc Mini figurines Little Tikes Harry Potter, id\u00e9al pour ceux qui cherchent des produits de qualit\u00e9 pour les plus petits ! Procurez-vous Little Tikes aux meilleurs prix ! Le Mini Figurines Harry Potter de Little Tikes est un set de loisirs cr\u00e9atifs qui [&hellip;]<\/p>\n","protected":false},"featured_media":175478,"comment_status":"open","ping_status":"closed","template":"","meta":[],"product_brand":[1758],"product_cat":[159,157,158],"product_tag":[57,59,215],"class_list":{"0":"post-175484","1":"product","2":"type-product","3":"status-publish","4":"has-post-thumbnail","6":"product_brand-brandp_5723","7":"product_cat-autres-jouets","8":"product_cat-jouets-deguisements","9":"product_cat-jouets-et-jeux","10":"product_tag-tag_1275","11":"product_tag-tag_1304","12":"product_tag-tag_427","14":"first","15":"instock","16":"taxable","17":"shipping-taxable","18":"purchasable","19":"product-type-simple"},"_links":{"self":[{"href":"https:\/\/bigbuy.tupique.com\/pt\/wp-json\/wp\/v2\/product\/175484","targetHints":{"allow":["GET"]}}],"collection":[{"href":"https:\/\/bigbuy.tupique.com\/pt\/wp-json\/wp\/v2\/product"}],"about":[{"href":"https:\/\/bigbuy.tupique.com\/pt\/wp-json\/wp\/v2\/types\/product"}],"replies":[{"embeddable":true,"href":"https:\/\/bigbuy.tupique.com\/pt\/wp-json\/wp\/v2\/comments?post=175484"}],"wp:featuredmedia":[{"embeddable":true,"href":"https:\/\/bigbuy.tupique.com\/pt\/wp-json\/wp\/v2\/media\/175478"}],"wp:attachment":[{"href":"https:\/\/bigbuy.tupique.com\/pt\/wp-json\/wp\/v2\/media?parent=175484"}],"wp:term":[{"taxonomy":"product_brand","embeddable":true,"href":"https:\/\/bigbuy.tupique.com\/pt\/wp-json\/wp\/v2\/product_brand?post=175484"},{"taxonomy":"product_cat","embeddable":true,"href":"https:\/\/bigbuy.tupique.com\/pt\/wp-json\/wp\/v2\/product_cat?post=175484"},{"taxonomy":"product_tag","embeddable":true,"href":"https:\/\/bigbuy.tupique.com\/pt\/wp-json\/wp\/v2\/product_tag?post=175484"}],"curies":[{"name":"wp","href":"https:\/\/api.w.org\/{rel}","templated":true}]}}