{"id":17538,"date":"2026-03-29T14:39:44","date_gmt":"2026-03-29T13:39:44","guid":{"rendered":"https:\/\/bigbuy.tupique.com\/produto\/conventional-hood-dometic-ck-2000-40-cm-12-v\/"},"modified":"2026-05-11T20:02:41","modified_gmt":"2026-05-11T18:02:41","slug":"conventional-hood-dometic-ck-2000-40-cm-12-v","status":"publish","type":"product","link":"https:\/\/bigbuy.tupique.com\/pt\/produto\/conventional-hood-dometic-ck-2000-40-cm-12-v\/","title":{"rendered":"Hotte standard Dometic CK 2000 40 cm 12 V"},"content":{"rendered":"<p>Si vous pensez r\u00e9nover votre cuisine, achetez <b>Hotte standard Dometic CK 2000 40 cm 12 V<\/b> et d\u00b4autres <b>produits Dometic<\/b> !<\/p>\n<p>La <b>hotte conventionnelle CK 2000<\/b> de <b>Dometic<\/b> est un appareil sp\u00e9cialement con\u00e7u pour les caravanes, facilitant le renouvellement de l\u2019air sans extraction ext\u00e9rieure, fonctionnant gr\u00e2ce \u00e0 un syst\u00e8me de <b>recyclage de l\u2019air<\/b> avec des filtres \u00e0 <b>charbon actif<\/b> qui \u00e9liminent efficacement les odeurs et les particules polluantes. Avec une structure robuste en <b>m\u00e9tal inoxydable<\/b>, cette hotte pr\u00e9sente des dimensions compactes de <b>40 cm de largeur, 56 mm de hauteur et 28 cm de profondeur<\/b>, s\u2019adaptant facilement aux espaces r\u00e9duits typiques des v\u00e9hicules de loisirs. Son fonctionnement s\u2019effectue en <b>12 V<\/b>, avec une consommation mod\u00e9r\u00e9e de <b>5 W<\/b>, garantissant une faible consommation \u00e9nerg\u00e9tique, id\u00e9ale pour les installations mobiles. Le mod\u00e8le CK 2000 offre une puissance d\u2019aspiration de <b>50 m\u00b3\/h<\/b>, suffisante pour maintenir l\u2019air frais et sans fum\u00e9e dans l\u2019espace, compl\u00e9t\u00e9e par deux points lumineux avec des ampoules de <b>10 W chacune<\/b>, fournissant un \u00e9clairage direct sur la zone de cuisson. Cette hotte est disponible en finitions <b>noir et gris<\/b>, alliant fonctionnalit\u00e9 et design discret et moderne. Son niveau sonore est de <b>65 dB<\/b>, un niveau raisonnable pour une hotte conventionnelle de cette cat\u00e9gorie, permettant une utilisation sans g\u00eane acoustique excessive. La CK 2000 se fixe au mur et est con\u00e7ue pour ceux qui recherchent une solution efficace et compacte pour garder l\u2019air propre et bien \u00e9clair\u00e9 dans leur caravane, sans n\u00e9cessiter de sorties ext\u00e9rieures complexes. Ce mod\u00e8le constitue une alternative pratique et technique dans son segment, assurant filtration et ventilation fiables avec un entretien simple.<\/p>\n<ul>\n<li>Long: 40 cm<\/li>\n<li>Tension: 12 V<\/li>\n<li>Type: Hotte standard<\/li>\n<li>Produit \u00e0 brancher: Oui<\/li>\n<li>Type de prise: Prise EU<\/li>\n<li>Bloc d\u2019Alimentation: r\u00e9seau \u00e9lectrique<\/li>\n<li>Couleur:\n<ul>\n<li>Noir<\/li>\n<li>Gris<\/li>\n<\/ul>\n<\/li>\n<li>Largeur: 40 cm<\/li>\n<li>Mati\u00e8re: M\u00e9tal<\/li>\n<li>Niveau sonore: 65 dB<\/li>\n<li>Poids: 2,2 kg<\/li>\n<\/ul>","protected":false},"excerpt":{"rendered":"<p>Si vous pensez r\u00e9nover votre cuisine, achetez Hotte standard Dometic CK 2000 40 cm 12 V et d\u00b4autres produits Dometic ! La hotte conventionnelle CK 2000 de Dometic est un appareil sp\u00e9cialement con\u00e7u pour les caravanes, facilitant le renouvellement de l\u2019air sans extraction ext\u00e9rieure, fonctionnant gr\u00e2ce \u00e0 un syst\u00e8me de recyclage de l\u2019air avec des [&hellip;]<\/p>\n","protected":false},"featured_media":17536,"comment_status":"open","ping_status":"closed","template":"","meta":[],"product_brand":[864],"product_cat":[60,61,62],"product_tag":[59],"class_list":{"0":"post-17538","1":"product","2":"type-product","3":"status-publish","4":"has-post-thumbnail","6":"product_brand-brandp_5943","7":"product_cat-cuisine-gourmet","8":"product_cat-equipement-de-cuisine","9":"product_cat-hottes-de-cuisine","10":"product_tag-tag_1304","12":"first","13":"instock","14":"taxable","15":"shipping-taxable","16":"purchasable","17":"product-type-simple"},"_links":{"self":[{"href":"https:\/\/bigbuy.tupique.com\/pt\/wp-json\/wp\/v2\/product\/17538","targetHints":{"allow":["GET"]}}],"collection":[{"href":"https:\/\/bigbuy.tupique.com\/pt\/wp-json\/wp\/v2\/product"}],"about":[{"href":"https:\/\/bigbuy.tupique.com\/pt\/wp-json\/wp\/v2\/types\/product"}],"replies":[{"embeddable":true,"href":"https:\/\/bigbuy.tupique.com\/pt\/wp-json\/wp\/v2\/comments?post=17538"}],"wp:featuredmedia":[{"embeddable":true,"href":"https:\/\/bigbuy.tupique.com\/pt\/wp-json\/wp\/v2\/media\/17536"}],"wp:attachment":[{"href":"https:\/\/bigbuy.tupique.com\/pt\/wp-json\/wp\/v2\/media?parent=17538"}],"wp:term":[{"taxonomy":"product_brand","embeddable":true,"href":"https:\/\/bigbuy.tupique.com\/pt\/wp-json\/wp\/v2\/product_brand?post=17538"},{"taxonomy":"product_cat","embeddable":true,"href":"https:\/\/bigbuy.tupique.com\/pt\/wp-json\/wp\/v2\/product_cat?post=17538"},{"taxonomy":"product_tag","embeddable":true,"href":"https:\/\/bigbuy.tupique.com\/pt\/wp-json\/wp\/v2\/product_tag?post=17538"}],"curies":[{"name":"wp","href":"https:\/\/api.w.org\/{rel}","templated":true}]}}