{"id":174959,"date":"2026-04-11T17:46:45","date_gmt":"2026-04-11T16:46:45","guid":{"rendered":"https:\/\/bigbuy.tupique.com\/produto\/router-synology-rt2600ac-wifi-800-1733-mbps-24-5-ghz\/"},"modified":"2026-04-16T19:06:10","modified_gmt":"2026-04-16T18:06:10","slug":"router-synology-rt2600ac-wifi-800-1733-mbps-24-5-ghz","status":"publish","type":"product","link":"https:\/\/bigbuy.tupique.com\/pt\/produto\/router-synology-rt2600ac-wifi-800-1733-mbps-24-5-ghz\/","title":{"rendered":"Router Synology RT2600AC Wifi 800-1733 Mbps 2,4-5 Ghz"},"content":{"rendered":"<p>Si vous \u00eates passionn\u00e9 d&#8217;<b>informatique et d&#8217;\u00e9lectronique<\/b>, si vous \u00eates \u00e0 la pointe de la technologie et qu&#8217;aucun d\u00e9tail ne vous \u00e9chappe, achetez <b>Router Synology RT2600AC Wifi 800-1733 Mbps 2,4-5 Ghz<\/b> au meilleur prix.<\/p>\n<p>Le <b>Synology RT2600AC<\/b> est un <b>routeur<\/b> avanc\u00e9 con\u00e7u pour les environnements domestiques exigeants ou les petits bureaux, capable d\u2019offrir une connectivit\u00e9 sans fil fiable gr\u00e2ce \u00e0 sa technologie <b>Wi-Fi double bande (2,4 GHz \/ 5 GHz)<\/b> et \u00e0 un d\u00e9bit WLAN maximal de <b>1733 Mbit\/s<\/b>. Il prend en charge les principaux standards sans fil, dont <b>Wi-Fi 4 (802.11n), 802.11ac et 802.11a<\/b>, garantissant la compatibilit\u00e9 avec une large gamme d\u2019appareils actuels. La connectivit\u00e9 est renforc\u00e9e par un <b>Ethernet LAN Gigabit<\/b> et plusieurs options de ports, comme <b>USB 2.0<\/b> et <b>RJ45<\/b>, permettant d\u2019int\u00e9grer facilement imprimantes, disques durs ou cartes m\u00e9moire SD, SDHC et SDXC pour un stockage partag\u00e9 en r\u00e9seau. C\u00f4t\u00e9 s\u00e9curit\u00e9, il int\u00e8gre des algorithmes tels que <b>WEP, WPA, WPA2 et WPS<\/b>, compl\u00e9t\u00e9s par un solide <b>pare-feu pour IPv4 et IPv6<\/b>, prot\u00e9geant le r\u00e9seau contre les acc\u00e8s non autoris\u00e9s. Il permet \u00e9galement une gestion professionnelle des connexions VPN avec prise en charge des protocoles <b>PPTP, OpenVPN et L2TP IPSec<\/b>, facilitant l\u2019acc\u00e8s \u00e0 distance s\u00e9curis\u00e9 pour les utilisateurs individuels ou les \u00e9quipes distribu\u00e9es. Le Synology RT2600AC, avec sa finition <b>noire<\/b> \u00e9l\u00e9gante, se distingue aussi par son interrupteur marche\/arr\u00eat physique pour une meilleure efficacit\u00e9 et gestion \u00e9nerg\u00e9tique, et prend en charge une gestion r\u00e9seau avanc\u00e9e compatible avec les protocoles <b>IPv4, IPv6, FTP, FTP SSL\/TLS et SFTP<\/b>. L\u2019ensemble de ces caract\u00e9ristiques fait de ce mod\u00e8le une option polyvalente et s\u00e9curis\u00e9e pour ceux qui recherchent performance, stabilit\u00e9 et facilit\u00e9 d\u2019administration sur leur r\u00e9seau local.<\/p>\n<ul>\n<li>M\u00e9moire RAM: 512 MB DDR3<\/li>\n<li>Produit \u00e0 brancher: Oui<\/li>\n<li>Type de prise: Prise EU<\/li>\n<li>Bloc d\u2019Alimentation:\n<ul>\n<li>r\u00e9seau \u00e9lectrique<\/li>\n<li>CC<\/li>\n<\/ul>\n<\/li>\n<li>Couleur:\n<ul>\n<li>Noir<\/li>\n<li>noir<\/li>\n<\/ul>\n<\/li>\n<li>Caract\u00e9ristiques:\n<ul>\n<li>Interrupteur marche\/arr\u00eat<\/li>\n<li>Bouton de r\u00e9initialisation<\/li>\n<\/ul>\n<\/li>\n<li>Connexions:\n<ul>\n<li>USB<\/li>\n<li>USB 2.0<\/li>\n<li>RJ45<\/li>\n<li>Ethernet LAN<\/li>\n<li>USB 3.2<\/li>\n<\/ul>\n<\/li>\n<li>Syst\u00e8me d&#8217;exploitation: Cisco IOS<\/li>\n<li>Fr\u00e9quence:\n<ul>\n<li>2,4GHz<\/li>\n<li>50 &#8211; 60 Hz<\/li>\n<li>5 GHz<\/li>\n<\/ul>\n<\/li>\n<li>Interface: Gigabit Ethernet<\/li>\n<li>Ports: 7<\/li>\n<li>Connectivit\u00e9: Ethernet LAN<\/li>\n<li>3G: Non<\/li>\n<li>Tension: 100 &#8211; 240 V<\/li>\n<li>Bande: 2,4 GHz &#8211; 5 GHz<\/li>\n<li>Compatible: PC<\/li>\n<li>Type: Router<\/li>\n<li>Transmission de donn\u00e9es: 1733 Mbit\/s<\/li>\n<li>Noyaux: 2 Noyaux<\/li>\n<\/ul>\n<p><\/p>\n<p>Red\u00e9finissez votre r\u00e9seau gr\u00e2ce aux puissantes capacit\u00e9s sans fil du Synology Router RT2600ac et \u00e0 un noyau solide comme le roc, centr\u00e9 sur la s\u00e9curit\u00e9 de Synology Router Manager. Con\u00e7ue pour une utilisation domestique et en entreprise, la prise en charge MU-MIMO assure une connexion d&#8217;un plus grand nombre de p\u00e9riph\u00e9riques \u00e0 des vitesses plus \u00e9lev\u00e9es, tandis que les contr\u00f4les parentaux et de trafic de SRM permettent une gestion et un ajustement plus pr\u00e9cis du trafic r\u00e9seau.<\/p>\n<p><b>Repensez votre r\u00e9seau<\/b><\/p>\n<p>Associant performance, s\u00e9curit\u00e9 et flexibilit\u00e9, le Synology Router RT2600ac dispose d&#8217;une vitesse \u00e9lev\u00e9e, d&#8217;un processeur \u00e0 double c\u0153ur de 1,7 GHz con\u00e7u pour g\u00e9rer des environnements de traitement exigeants \u00e0 large bande passante. Ses radios Wi-Fi 802.11ac wave 2 comprennent la prise en charge de MU-MIMO et des capacit\u00e9s 4&#215;4 quad stream autorisant une bande passante sans fil jusqu&#8217;\u00e0 2,53 Gbits\/s (800 + 1 733 Mbits\/s).<br \/>\nLe RT2600ac peut automatiquement maximiser l&#8217;utilisation de la bande passante et les d\u00e9bits sans fil pour un plus grand nombre de vos p\u00e9riph\u00e9riques tout en conservant une plage optimale gr\u00e2ce \u00e0 Connexion intelligente. Le design du contr\u00f4le de trafic mat\u00e9riel acc\u00e9l\u00e9r\u00e9 Layer 7 assure que m\u00eame avec plusieurs p\u00e9riph\u00e9riques et r\u00e8gles de contr\u00f4le du trafic, le RT2600ac disposera encore d&#8217;une importante puissance de traitement apte \u00e0 satisfaire vos exigence en mati\u00e8re de r\u00e9seau.<\/p>\n<p><\/p>\n<ul>\n<li>Ethernet WAN: Oui<\/li>\n<li>DSL WAN: Oui<\/li>\n<li>Emplacement de carte SIM: Non<\/li>\n<li>Compatibilit\u00e9 modem USB 3G\/4G: Non<\/li>\n<li>Bande Wi-Fi: Bi-bande (2,4 GHz \/ 5 GHz)<\/li>\n<li>Norme Wi-Fi: Wi-Fi 4 (802.11n)<\/li>\n<li>D\u00e9bit de transfert des donn\u00e9es WLAN (max): 1733 Mbit\/s<\/li>\n<li>D\u00e9bit de transfert des  donn\u00e9es WLAN (bande principale): 800 Mbit\/s<\/li>\n<li>D\u00e9bit de transfert des donn\u00e9es WLAN (seconde bande): 1733 Mbit\/s<\/li>\n<li>Ethernet\/LAN: Oui<\/li>\n<li>Type d&#8217;interface LAN Ethernet: Gigabit Ethernet<\/li>\n<li>Standards r\u00e9seau: IEEE 802.11a,IEEE 802.11ac,IEEE 802.11n<\/li>\n<li>Redirection de port: Oui<\/li>\n<li>Support de VPN: PPTP, OpenVPNTM, L2TP IPSec<\/li>\n<li>3G: Non<\/li>\n<li>4G: Non<\/li>\n<li>Nombre de port ethernet LAN (RJ-45): 5<\/li>\n<li>Port USB: Oui<\/li>\n<li>Quantit\u00e9 de Ports USB 2.0: 1<\/li>\n<li>Quantit\u00e9 de ports de type A USB 3.2 Gen 1 (3.1 Gen 1): 1<\/li>\n<li>Emplacement(s) de carte m\u00e9moire: Oui<\/li>\n<li>Cartes m\u00e9moire compatibles: SD,SDHC,SDXC<\/li>\n<li>Entr\u00e9e DC: Oui<\/li>\n<li>Gestion bas\u00e9e sur le web: Oui<\/li>\n<li>Wake-on-LAN pr\u00eat: Oui<\/li>\n<li>Bouton de r\u00e9initialisation: Oui<\/li>\n<li>S\u00e9curit\u00e9 pair Bouton de commande WPS: Oui<\/li>\n<li>Algorithme de s\u00e9curit\u00e9 soutenu: WEP,WPA,WPA2,WPS<\/li>\n<li>Pare-feu: Oui<\/li>\n<li>Pare-feu de s\u00e9curit\u00e9: IPv4, IPv6<\/li>\n<li>Acc\u00e8s invit\u00e9: Oui<\/li>\n<li>Stateful Packet Inspection (SPI): Oui<\/li>\n<li>Pr\u00e9vention contre les attaques Dos (Deni de service)): Oui<\/li>\n<li>Filtrage: Oui<\/li>\n<li>Filtrage d&#8217;adresse MAC: Oui<\/li>\n<li>Support DMZ: Oui<\/li>\n<li>Client DHCP: Oui<\/li>\n<li>Serveur DHCP: Oui<\/li>\n<li>Reconnaissance automatique des composants de l&#8217;ordinateur: Oui<\/li>\n<li>Protocoles r\u00e9seau pris en charge: IPv4, IPv6, FTP, FTP SSL \/ TLS, SFTP<\/li>\n<li>Type de produit: Routeur<\/li>\n<li>Couleur du produit: Noir<\/li>\n<li>Bouton marche\/arr\u00eat int\u00e9gr\u00e9: Oui<\/li>\n<li>Certifi\u00e9 DLNA (Digital Living New-York Alliance): Oui<\/li>\n<li>Type d&#8217;antenne: Externe<\/li>\n<li>Niveau de gain de l&#8217;antenne (max): 4,5 dBi<\/li>\n<li>Quantit\u00e9 d&#8217;antenne: 4<\/li>\n<li>Int\u00e9gr\u00e9 dans le processeur: Oui<\/li>\n<li>Fr\u00e9quence du processeur: 1700 MHz<\/li>\n<li>Nombre de coeurs de processeurs: 2<\/li>\n<li>Certification: RoHS, CE, FCC, NCC, RCM<\/li>\n<li>Type de source d&#8217;alimentation: Secteur<\/li>\n<li>Tension d&#8217;entr\u00e9e AC: 100 &#8211; 240 V<\/li>\n<li>Fr\u00e9quence d&#8217;entr\u00e9e AC: 50 &#8211; 60 Hz<\/li>\n<li>Temp\u00e9rature d&#8217;op\u00e9ration: 5 &#8211; 40 \u00b0C<\/li>\n<li>Temp\u00e9rature hors fonctionnement: -20 &#8211; 60 \u00b0C<\/li>\n<li>Humidit\u00e9 relative de fonctionnement (H-H): 5 &#8211; 95%<\/li>\n<li>Altitude de fonctionnement: 0 &#8211; 5000 m<\/li>\n<li>Prise en charge du syst\u00e8me d&#8217;exploitation Windows: Windows 10 Education,Windows 10 Education x64,Windows 10 Enterprise,Windows 10 Enterprise x64,Windows 10 Home,Windows 10 Home x64,Windows 10 Pro,Windows 10 Pro x64,Windows 7 Enterprise,Windows 7 Enterprise x64,Windows 7 Home Basic,Windows 7 Home Basic x64,Windows 7 Home Premium,Windows 7 Home Premium x64,Windows 7 Professional,Windows 7 Professional x64,Windows 7 Starter,Windows 7 Starter x64,Windows 7 Ultimate,Windows 7 Ultimate x64,Windows 8,Windows 8 Enterprise,Windows 8 Enterprise x64,Windows 8 Pro,Windows 8 Pro x64,Windows 8 x64,Windows 8.1,Windows 8.1 Enterprise,Windows 8.1 Enterprise x64,Windows 8.1 Pro,Windows 8.1 Pro x64,Windows 8.1 x64<\/li>\n<li>Prise en charge du syst\u00e8me d&#8217;exploitation Mac: Mac OS X 10.10 Yosemite,Mac OS X 10.11 El Capitan,Mac OS X 10.12 Sierra<\/li>\n<li>Compatibilit\u00e9 Mac: Oui<\/li>\n<li>Largeur: 280 mm<\/li>\n<li>Profondeur: 169 mm<\/li>\n<li>Hauteur: 77 mm<\/li>\n<li>C\u00e2bles inclus: LAN (RJ-45)<\/li>\n<li>Adaptateur secteur fourni: Oui<\/li>\n<li>Guide de d\u00e9marrage rapide: Oui<\/li>\n<\/ul>","protected":false},"excerpt":{"rendered":"<p>Si vous \u00eates passionn\u00e9 d&#8217;informatique et d&#8217;\u00e9lectronique, si vous \u00eates \u00e0 la pointe de la technologie et qu&#8217;aucun d\u00e9tail ne vous \u00e9chappe, achetez Router Synology RT2600AC Wifi 800-1733 Mbps 2,4-5 Ghz au meilleur prix. Le Synology RT2600AC est un routeur avanc\u00e9 con\u00e7u pour les environnements domestiques exigeants ou les petits bureaux, capable d\u2019offrir une connectivit\u00e9 [&hellip;]<\/p>\n","protected":false},"featured_media":174955,"comment_status":"open","ping_status":"closed","template":"","meta":[],"product_brand":[990],"product_cat":[65,584,612],"product_tag":[59,106],"class_list":{"0":"post-174959","1":"product","2":"type-product","3":"status-publish","4":"has-post-thumbnail","6":"product_brand-brandp_653","7":"product_cat-informatique-electronique","8":"product_cat-informatique-reseaux-et-composants","9":"product_cat-routeurs-et-modems","10":"product_tag-tag_1304","11":"product_tag-tag_1295","13":"first","14":"instock","15":"taxable","16":"shipping-taxable","17":"purchasable","18":"product-type-simple"},"_links":{"self":[{"href":"https:\/\/bigbuy.tupique.com\/pt\/wp-json\/wp\/v2\/product\/174959","targetHints":{"allow":["GET"]}}],"collection":[{"href":"https:\/\/bigbuy.tupique.com\/pt\/wp-json\/wp\/v2\/product"}],"about":[{"href":"https:\/\/bigbuy.tupique.com\/pt\/wp-json\/wp\/v2\/types\/product"}],"replies":[{"embeddable":true,"href":"https:\/\/bigbuy.tupique.com\/pt\/wp-json\/wp\/v2\/comments?post=174959"}],"wp:featuredmedia":[{"embeddable":true,"href":"https:\/\/bigbuy.tupique.com\/pt\/wp-json\/wp\/v2\/media\/174955"}],"wp:attachment":[{"href":"https:\/\/bigbuy.tupique.com\/pt\/wp-json\/wp\/v2\/media?parent=174959"}],"wp:term":[{"taxonomy":"product_brand","embeddable":true,"href":"https:\/\/bigbuy.tupique.com\/pt\/wp-json\/wp\/v2\/product_brand?post=174959"},{"taxonomy":"product_cat","embeddable":true,"href":"https:\/\/bigbuy.tupique.com\/pt\/wp-json\/wp\/v2\/product_cat?post=174959"},{"taxonomy":"product_tag","embeddable":true,"href":"https:\/\/bigbuy.tupique.com\/pt\/wp-json\/wp\/v2\/product_tag?post=174959"}],"curies":[{"name":"wp","href":"https:\/\/api.w.org\/{rel}","templated":true}]}}