{"id":17343,"date":"2026-03-29T14:34:30","date_gmt":"2026-03-29T13:34:30","guid":{"rendered":"https:\/\/bigbuy.tupique.com\/produto\/mens-sunglasses-dolce-gabbana-dg-2285-multicolour\/"},"modified":"2026-04-15T00:49:26","modified_gmt":"2026-04-14T23:49:26","slug":"mens-sunglasses-dolce-gabbana-dg-2285-multicolour","status":"publish","type":"product","link":"https:\/\/bigbuy.tupique.com\/pt\/produto\/mens-sunglasses-dolce-gabbana-dg-2285-multicolour\/","title":{"rendered":"Lunettes de soleil Homme Dolce &amp; Gabbana DG 2285 Multicouleur"},"content":{"rendered":"<p>Si vous aimez avoir les derni\u00e8res nouveaut\u00e9s en<b>mode et accessoires<\/b> et si les accessoires sont indispensables pour l&#8217;ensemble de votre image, ne passez pas \u00e0 c\u00f4t\u00e9 de <b>Lunettes de soleil Homme Dolce &amp; Gabbana DG 2285 Multicouleur<\/b> ! B\u00e9n\u00e9ficiez des meilleures marques de <b>lunettes de soleil<\/b>.<\/p>\n<ul>\n<li>Type: Lunettes de soleil Unisexe<\/li>\n<li>Protection: Prot\u00e8gent contre 100 % des rayons UV (UV400)<\/li>\n<li>Genre:\n<ul>\n<li>Unisexe<\/li>\n<li>Homme<\/li>\n<\/ul>\n<\/li>\n<li>Couleur de la monture: Multicouleur<\/li>\n<li>Mati\u00e8re: M\u00e9tal<\/li>\n<\/ul>","protected":false},"excerpt":{"rendered":"<p>Si vous aimez avoir les derni\u00e8res nouveaut\u00e9s enmode et accessoires et si les accessoires sont indispensables pour l&#8217;ensemble de votre image, ne passez pas \u00e0 c\u00f4t\u00e9 de Lunettes de soleil Homme Dolce &amp; Gabbana DG 2285 Multicouleur ! B\u00e9n\u00e9ficiez des meilleures marques de lunettes de soleil. Type: Lunettes de soleil Unisexe Protection: Prot\u00e8gent contre 100 [&hellip;]<\/p>\n","protected":false},"featured_media":17341,"comment_status":"open","ping_status":"closed","template":"","meta":[],"product_brand":[845],"product_cat":[773,775,544],"product_tag":[103,723,721,543],"class_list":{"0":"post-17343","1":"product","2":"type-product","3":"status-publish","4":"has-post-thumbnail","6":"product_brand-brandp_361","7":"product_cat-lunettes-de-soleil","8":"product_cat-lunettes-de-soleil-homme","9":"product_cat-mode-accessoires","10":"product_tag-tag_1261","11":"product_tag-tag_1273","12":"product_tag-tag_124","13":"product_tag-tag_61","15":"first","16":"instock","17":"taxable","18":"shipping-taxable","19":"purchasable","20":"product-type-simple"},"_links":{"self":[{"href":"https:\/\/bigbuy.tupique.com\/pt\/wp-json\/wp\/v2\/product\/17343","targetHints":{"allow":["GET"]}}],"collection":[{"href":"https:\/\/bigbuy.tupique.com\/pt\/wp-json\/wp\/v2\/product"}],"about":[{"href":"https:\/\/bigbuy.tupique.com\/pt\/wp-json\/wp\/v2\/types\/product"}],"replies":[{"embeddable":true,"href":"https:\/\/bigbuy.tupique.com\/pt\/wp-json\/wp\/v2\/comments?post=17343"}],"wp:featuredmedia":[{"embeddable":true,"href":"https:\/\/bigbuy.tupique.com\/pt\/wp-json\/wp\/v2\/media\/17341"}],"wp:attachment":[{"href":"https:\/\/bigbuy.tupique.com\/pt\/wp-json\/wp\/v2\/media?parent=17343"}],"wp:term":[{"taxonomy":"product_brand","embeddable":true,"href":"https:\/\/bigbuy.tupique.com\/pt\/wp-json\/wp\/v2\/product_brand?post=17343"},{"taxonomy":"product_cat","embeddable":true,"href":"https:\/\/bigbuy.tupique.com\/pt\/wp-json\/wp\/v2\/product_cat?post=17343"},{"taxonomy":"product_tag","embeddable":true,"href":"https:\/\/bigbuy.tupique.com\/pt\/wp-json\/wp\/v2\/product_tag?post=17343"}],"curies":[{"name":"wp","href":"https:\/\/api.w.org\/{rel}","templated":true}]}}