{"id":173311,"date":"2026-04-11T12:03:50","date_gmt":"2026-04-11T11:03:50","guid":{"rendered":"https:\/\/bigbuy.tupique.com\/produto\/external-recorder-startech-satdock4u3re\/"},"modified":"2026-04-15T09:10:54","modified_gmt":"2026-04-15T08:10:54","slug":"external-recorder-startech-satdock4u3re","status":"publish","type":"product","link":"https:\/\/bigbuy.tupique.com\/pt\/produto\/external-recorder-startech-satdock4u3re\/","title":{"rendered":"Graveur externe Startech SATDOCK4U3RE"},"content":{"rendered":"<p>Si vous \u00eates passionn\u00e9 d&#8217;<b>informatique et d&#8217;\u00e9lectronique<\/b>, si vous \u00eates \u00e0 la pointe de la technologie et qu&#8217;aucun d\u00e9tail ne vous \u00e9chappe, achetez <b>Graveur externe Startech SATDOCK4U3RE        <\/b> au meilleur prix.<\/p>\n<ul>\n<li>Type: USB 3.0\/eSATA<\/li>\n<li>Taille: 2.5\/3.5&#8243;<\/li>\n<li>Compartiments 3,5&#8243;: 4<\/li>\n<\/ul>","protected":false},"excerpt":{"rendered":"<p>Si vous \u00eates passionn\u00e9 d&#8217;informatique et d&#8217;\u00e9lectronique, si vous \u00eates \u00e0 la pointe de la technologie et qu&#8217;aucun d\u00e9tail ne vous \u00e9chappe, achetez Graveur externe Startech SATDOCK4U3RE au meilleur prix. Type: USB 3.0\/eSATA Taille: 2.5\/3.5&#8243; Compartiments 3,5&#8243;: 4<\/p>","protected":false},"featured_media":173307,"comment_status":"open","ping_status":"closed","template":"","meta":[],"product_brand":[634],"product_cat":[589,65,1757],"product_tag":[],"class_list":{"0":"post-173311","1":"product","2":"type-product","3":"status-publish","4":"has-post-thumbnail","6":"product_brand-brandp_4771","7":"product_cat-electronique-television","8":"product_cat-informatique-electronique","9":"product_cat-lecteurs-et-enregistreurs-dvd-dvd-blue-ray","11":"first","12":"instock","13":"taxable","14":"shipping-taxable","15":"purchasable","16":"product-type-simple"},"_links":{"self":[{"href":"https:\/\/bigbuy.tupique.com\/pt\/wp-json\/wp\/v2\/product\/173311","targetHints":{"allow":["GET"]}}],"collection":[{"href":"https:\/\/bigbuy.tupique.com\/pt\/wp-json\/wp\/v2\/product"}],"about":[{"href":"https:\/\/bigbuy.tupique.com\/pt\/wp-json\/wp\/v2\/types\/product"}],"replies":[{"embeddable":true,"href":"https:\/\/bigbuy.tupique.com\/pt\/wp-json\/wp\/v2\/comments?post=173311"}],"wp:featuredmedia":[{"embeddable":true,"href":"https:\/\/bigbuy.tupique.com\/pt\/wp-json\/wp\/v2\/media\/173307"}],"wp:attachment":[{"href":"https:\/\/bigbuy.tupique.com\/pt\/wp-json\/wp\/v2\/media?parent=173311"}],"wp:term":[{"taxonomy":"product_brand","embeddable":true,"href":"https:\/\/bigbuy.tupique.com\/pt\/wp-json\/wp\/v2\/product_brand?post=173311"},{"taxonomy":"product_cat","embeddable":true,"href":"https:\/\/bigbuy.tupique.com\/pt\/wp-json\/wp\/v2\/product_cat?post=173311"},{"taxonomy":"product_tag","embeddable":true,"href":"https:\/\/bigbuy.tupique.com\/pt\/wp-json\/wp\/v2\/product_tag?post=173311"}],"curies":[{"name":"wp","href":"https:\/\/api.w.org\/{rel}","templated":true}]}}