{"id":17315,"date":"2026-03-29T14:33:51","date_gmt":"2026-03-29T13:33:51","guid":{"rendered":"https:\/\/bigbuy.tupique.com\/produto\/router-trendnet-ti-wp100\/"},"modified":"2026-04-16T09:11:50","modified_gmt":"2026-04-16T08:11:50","slug":"router-trendnet-ti-wp100","status":"publish","type":"product","link":"https:\/\/bigbuy.tupique.com\/pt\/produto\/router-trendnet-ti-wp100\/","title":{"rendered":"Router Trendnet TI-WP100"},"content":{"rendered":"<p>Si vous \u00eates passionn\u00e9 d&#8217;<b>informatique et d&#8217;\u00e9lectronique<\/b>, si vous \u00eates \u00e0 la pointe de la technologie et qu&#8217;aucun d\u00e9tail ne vous \u00e9chappe, achetez <b>Router Trendnet TI-WP100<\/b> au meilleur prix.<\/p>\n<p>Le <b>routeur<\/b> industriel de bureau <b>TRENDnet TI-WP100<\/b> en couleur <b>noir<\/b> est con\u00e7u pour des environnements exigeants et professionnels n\u00e9cessitant des connexions fiables et rapides. Cet appareil offre une connectivit\u00e9 sans fil avanc\u00e9e avec la technologie <b>Wi-Fi 5 (802.11ac)<\/b> double bande, fonctionnant simultan\u00e9ment sur les fr\u00e9quences <b>2,4 GHz<\/b> et <b>5 GHz<\/b>, avec un d\u00e9bit maximal combin\u00e9 allant jusqu\u2019\u00e0 <b>867 Mbps sur la bande AC<\/b> et <b>300 Mbps sur la bande N<\/b>, garantissant une exp\u00e9rience r\u00e9seau stable et efficace. Il dispose de quatre ports <b>Gigabit Ethernet PoE+<\/b>, permettant d\u2019alimenter des dispositifs tels que des cam\u00e9ras IP ou points d\u2019acc\u00e8s directement depuis le routeur, supportant les normes <b>PoE (802.3af)<\/b> et <b>PoE+ (802.3at)<\/b> avec un total de <b>120W de puissance PoE disponible<\/b>, id\u00e9al pour les infrastructures industrielles ou d\u2019entreprise. De plus, il int\u00e8gre un port <b>USB 2.0<\/b> pour \u00e9tendre ses fonctionnalit\u00e9s selon les besoins. Sa construction robuste se distingue par un bo\u00eetier m\u00e9tallique certifi\u00e9 <b>IP30<\/b> et il est con\u00e7u pour fonctionner dans une large plage de temp\u00e9ratures de <b>-30 \u00b0C \u00e0 70 \u00b0C<\/b>, adapt\u00e9 aux environnements industriels. En mati\u00e8re de s\u00e9curit\u00e9 et redondance, le TI-WP100 supporte des connexions hybrides double WAN via ports Ethernet, permettant l\u2019\u00e9quilibrage de charge et le basculement pour assurer la continuit\u00e9 du service. Il offre aussi un support pour acc\u00e8s VPN chiffr\u00e9, permettant des connexions distantes s\u00e9curis\u00e9es pour les utilisateurs autoris\u00e9s. Les ports Ethernet LAN offrent des vitesses jusqu\u2019\u00e0 <b>10\/100\/1000 Mbps<\/b>, assurant compatibilit\u00e9 et performance avec divers r\u00e9seaux c\u00e2bl\u00e9s. Certifi\u00e9 CE, FCC et r\u00e9sistant aux chutes selon IEC 60068-2-32, ce routeur garantit fiabilit\u00e9 et durabilit\u00e9. En r\u00e9sum\u00e9, le <b>TRENDnet TI-WP100<\/b> est une solution compl\u00e8te pour la gestion avanc\u00e9e des r\u00e9seaux en milieu industriel, combinant connectivit\u00e9 sans fil rapide, alimentation PoE+ int\u00e9gr\u00e9e et robustesse pour un fonctionnement continu en conditions difficiles.<\/p>\n<ul>\n<li>Type de prise: Prise EU<\/li>\n<li>Produit \u00e0 brancher: Oui<\/li>\n<li>Connexions:\n<ul>\n<li>RJ45<\/li>\n<li>Ethernet LAN<\/li>\n<li>USB 2.0<\/li>\n<li>USB<\/li>\n<\/ul>\n<\/li>\n<li>Connectivit\u00e9:\n<ul>\n<li>Wi-Fi 5 GHz<\/li>\n<li>Wi-Fi<\/li>\n<li>Ethernet LAN<\/li>\n<li>WLAN<\/li>\n<\/ul>\n<\/li>\n<li>Type: Router<\/li>\n<li>Bloc d\u2019Alimentation: r\u00e9seau \u00e9lectrique<\/li>\n<li>Couleur: Noir<\/li>\n<li>vitesse:\n<ul>\n<li>867 Mbps<\/li>\n<li>10 Gbit\/s<\/li>\n<\/ul>\n<\/li>\n<li>Transmission de donn\u00e9es: 867 Mbit\/s<\/li>\n<li>Fr\u00e9quence: 2,4GHz<\/li>\n<li>Interface: Gigabit Ethernet<\/li>\n<li>Syst\u00e8me d&#8217;exploitation: RouterOS<\/li>\n<li>Bande: 2,4 GHz &#8211; 5 GHz<\/li>\n<li>Caract\u00e9ristiques: Bouton de r\u00e9initialisation<\/li>\n<\/ul>","protected":false},"excerpt":{"rendered":"<p>Si vous \u00eates passionn\u00e9 d&#8217;informatique et d&#8217;\u00e9lectronique, si vous \u00eates \u00e0 la pointe de la technologie et qu&#8217;aucun d\u00e9tail ne vous \u00e9chappe, achetez Router Trendnet TI-WP100 au meilleur prix. Le routeur industriel de bureau TRENDnet TI-WP100 en couleur noir est con\u00e7u pour des environnements exigeants et professionnels n\u00e9cessitant des connexions fiables et rapides. Cet appareil [&hellip;]<\/p>\n","protected":false},"featured_media":17312,"comment_status":"open","ping_status":"closed","template":"","meta":[],"product_brand":[635],"product_cat":[65,584,612],"product_tag":[106],"class_list":{"0":"post-17315","1":"product","2":"type-product","3":"status-publish","4":"has-post-thumbnail","6":"product_brand-brandp_4777","7":"product_cat-informatique-electronique","8":"product_cat-informatique-reseaux-et-composants","9":"product_cat-routeurs-et-modems","10":"product_tag-tag_1295","12":"first","13":"instock","14":"taxable","15":"shipping-taxable","16":"purchasable","17":"product-type-simple"},"_links":{"self":[{"href":"https:\/\/bigbuy.tupique.com\/pt\/wp-json\/wp\/v2\/product\/17315","targetHints":{"allow":["GET"]}}],"collection":[{"href":"https:\/\/bigbuy.tupique.com\/pt\/wp-json\/wp\/v2\/product"}],"about":[{"href":"https:\/\/bigbuy.tupique.com\/pt\/wp-json\/wp\/v2\/types\/product"}],"replies":[{"embeddable":true,"href":"https:\/\/bigbuy.tupique.com\/pt\/wp-json\/wp\/v2\/comments?post=17315"}],"wp:featuredmedia":[{"embeddable":true,"href":"https:\/\/bigbuy.tupique.com\/pt\/wp-json\/wp\/v2\/media\/17312"}],"wp:attachment":[{"href":"https:\/\/bigbuy.tupique.com\/pt\/wp-json\/wp\/v2\/media?parent=17315"}],"wp:term":[{"taxonomy":"product_brand","embeddable":true,"href":"https:\/\/bigbuy.tupique.com\/pt\/wp-json\/wp\/v2\/product_brand?post=17315"},{"taxonomy":"product_cat","embeddable":true,"href":"https:\/\/bigbuy.tupique.com\/pt\/wp-json\/wp\/v2\/product_cat?post=17315"},{"taxonomy":"product_tag","embeddable":true,"href":"https:\/\/bigbuy.tupique.com\/pt\/wp-json\/wp\/v2\/product_tag?post=17315"}],"curies":[{"name":"wp","href":"https:\/\/api.w.org\/{rel}","templated":true}]}}