{"id":17216,"date":"2026-03-29T14:31:18","date_gmt":"2026-03-29T13:31:18","guid":{"rendered":"https:\/\/bigbuy.tupique.com\/produto\/gaming-chair-corsair-tc100-black\/"},"modified":"2026-04-16T17:21:19","modified_gmt":"2026-04-16T16:21:19","slug":"gaming-chair-corsair-tc100-black","status":"publish","type":"product","link":"https:\/\/bigbuy.tupique.com\/pt\/produto\/gaming-chair-corsair-tc100-black\/","title":{"rendered":"Chaise de jeu Corsair TC100 Noir"},"content":{"rendered":"<p>Vous voulez donner une touche d&#8217;originalit\u00e9 \u00e0 votre maison ? Vous y arriverez gr\u00e2ce au <b>Chaise de jeu Corsair TC100 Noir<\/b>.<\/p>\n<p>La <b>chaise gaming Corsair TC100<\/b> est un mod\u00e8le con\u00e7u pour offrir confort et fonctionnalit\u00e9 lors de longues sessions de jeu ou de travail au bureau. Ce <b>si\u00e8ge r\u00e9glable<\/b> est fabriqu\u00e9 avec des mat\u00e9riaux durables et de haute qualit\u00e9, combinant un <b>rev\u00eatement en cuir noir<\/b> facile \u00e0 nettoyer et au design \u00e9l\u00e9gant avec une structure robuste en <b>acier<\/b> garantissant stabilit\u00e9 et r\u00e9sistance sur le long terme. Il int\u00e8gre \u00e9galement des composants en <b>nylon<\/b> qui apportent plus de flexibilit\u00e9 et de l\u00e9g\u00e8ret\u00e9, permettant un d\u00e9placement confortable et s\u00e9curis\u00e9 gr\u00e2ce \u00e0 ses roulettes ou base. L\u2019<b>ergonomie<\/b> est un de ses points forts, avec un dossier con\u00e7u pour pr\u00e9server la posture, compl\u00e9t\u00e9 par des <b>accoudoirs<\/b> qui r\u00e9duisent la fatigue des bras et \u00e9paules lors d\u2019une utilisation prolong\u00e9e. Son syst\u00e8me r\u00e9glable facilite l\u2019adaptation de la hauteur et de l\u2019inclinaison selon les besoins et pr\u00e9f\u00e9rences, favorisant une position optimale qui aide \u00e0 pr\u00e9venir les douleurs musculaires. La chaise gaming Corsair TC100 se distingue par son design fonctionnel et sobre en noir, adapt\u00e9 aussi bien aux environnements de jeu qu\u2019aux espaces professionnels. Dans l\u2019ensemble, ce produit offre un \u00e9quilibre entre robustesse, confort et adaptabilit\u00e9, r\u00e9pondant aux exigences des utilisateurs recherchant une chaise durable et polyvalente pour un usage quotidien. Sa conception et ses mat\u00e9riaux en font une option solide dans le segment interm\u00e9diaire des chaises gaming, id\u00e9ale pour ceux qui valorisent qualit\u00e9 et praticit\u00e9 dans un si\u00e8ge indispensable pour de longues heures assises.<\/p>\n<ul>\n<li>Couleur: Noir<\/li>\n<li>Mat\u00e9riel:\n<ul>\n<li>Cuir<\/li>\n<li>Acier<\/li>\n<\/ul>\n<\/li>\n<li>Caract\u00e9ristiques:\n<ul>\n<li>R\u00e9glable<\/li>\n<li>Avec accoudoirs<\/li>\n<li>Rembourrage ergonomique<\/li>\n<li>Ergonomique<\/li>\n<\/ul>\n<\/li>\n<li>Dimensions approx.: 81 x 38 x 59,5 cm<\/li>\n<li>Type:\n<ul>\n<li>Chaise de jeu<\/li>\n<li>Chaise de Bureau<\/li>\n<\/ul>\n<\/li>\n<li>Composition: Tissu<\/li>\n<li>roues: 5 roues<\/li>\n<\/ul>","protected":false},"excerpt":{"rendered":"<p>Vous voulez donner une touche d&#8217;originalit\u00e9 \u00e0 votre maison ? Vous y arriverez gr\u00e2ce au Chaise de jeu Corsair TC100 Noir. La chaise gaming Corsair TC100 est un mod\u00e8le con\u00e7u pour offrir confort et fonctionnalit\u00e9 lors de longues sessions de jeu ou de travail au bureau. Ce si\u00e8ge r\u00e9glable est fabriqu\u00e9 avec des mat\u00e9riaux durables [&hellip;]<\/p>\n","protected":false},"featured_media":17210,"comment_status":"open","ping_status":"closed","template":"","meta":[],"product_brand":[857],"product_cat":[739,65,737],"product_tag":[59,572],"class_list":{"0":"post-17216","1":"product","2":"type-product","3":"status-publish","4":"has-post-thumbnail","6":"product_brand-brandp_3072","7":"product_cat-accessoires-gaming","8":"product_cat-informatique-electronique","9":"product_cat-informatique-gaming","10":"product_tag-tag_1304","11":"product_tag-tag_29","13":"first","14":"instock","15":"taxable","16":"shipping-taxable","17":"purchasable","18":"product-type-simple"},"_links":{"self":[{"href":"https:\/\/bigbuy.tupique.com\/pt\/wp-json\/wp\/v2\/product\/17216","targetHints":{"allow":["GET"]}}],"collection":[{"href":"https:\/\/bigbuy.tupique.com\/pt\/wp-json\/wp\/v2\/product"}],"about":[{"href":"https:\/\/bigbuy.tupique.com\/pt\/wp-json\/wp\/v2\/types\/product"}],"replies":[{"embeddable":true,"href":"https:\/\/bigbuy.tupique.com\/pt\/wp-json\/wp\/v2\/comments?post=17216"}],"wp:featuredmedia":[{"embeddable":true,"href":"https:\/\/bigbuy.tupique.com\/pt\/wp-json\/wp\/v2\/media\/17210"}],"wp:attachment":[{"href":"https:\/\/bigbuy.tupique.com\/pt\/wp-json\/wp\/v2\/media?parent=17216"}],"wp:term":[{"taxonomy":"product_brand","embeddable":true,"href":"https:\/\/bigbuy.tupique.com\/pt\/wp-json\/wp\/v2\/product_brand?post=17216"},{"taxonomy":"product_cat","embeddable":true,"href":"https:\/\/bigbuy.tupique.com\/pt\/wp-json\/wp\/v2\/product_cat?post=17216"},{"taxonomy":"product_tag","embeddable":true,"href":"https:\/\/bigbuy.tupique.com\/pt\/wp-json\/wp\/v2\/product_tag?post=17216"}],"curies":[{"name":"wp","href":"https:\/\/api.w.org\/{rel}","templated":true}]}}