{"id":171885,"date":"2026-04-11T07:48:53","date_gmt":"2026-04-11T06:48:53","guid":{"rendered":"https:\/\/bigbuy.tupique.com\/produto\/projector-epson-v11hb59040-full-hd-4100-lm\/"},"modified":"2026-04-15T05:47:31","modified_gmt":"2026-04-15T04:47:31","slug":"projector-epson-v11hb59040-full-hd-4100-lm","status":"publish","type":"product","link":"https:\/\/bigbuy.tupique.com\/pt\/produto\/projector-epson-v11hb59040-full-hd-4100-lm\/","title":{"rendered":"Projecteur Epson V11HB59040 Full HD 4100 Lm"},"content":{"rendered":"<p>Si vous \u00eates passionn\u00e9 d&#8217;<b>informatique et d&#8217;\u00e9lectronique<\/b>, si vous \u00eates \u00e0 la pointe de la technologie et qu&#8217;aucun d\u00e9tail ne vous \u00e9chappe, achetez <b>Projecteur Epson V11HB59040 Full HD 4100 Lm<\/b> au meilleur prix.<\/p>\n<p>Le <b>projecteur Epson EB-FH54 V11HB59040<\/b> est un appareil professionnel offrant une exp\u00e9rience visuelle nette et lumineuse, id\u00e9al pour les environnements d\u2019entreprise, \u00e9ducatifs ou les pr\u00e9sentations de haute qualit\u00e9. Ce <b>projecteur blanc<\/b> utilise la technologie <b>3LCD<\/b> pour fournir des images vibrantes avec une <b>luminosit\u00e9 de 4100 lumens ANSI<\/b>, garantissant une visibilit\u00e9 optimale m\u00eame dans des pi\u00e8ces avec un \u00e9clairage ambiant mod\u00e9r\u00e9. Sa <b>r\u00e9solution Full HD 1080p (1920&#215;1080 pixels)<\/b> permet d\u2019afficher le contenu avec un grand niveau de d\u00e9tail et de r\u00e9alisme, favorisant les pr\u00e9sentations, vid\u00e9os et graphiques en haute d\u00e9finition. Ce mod\u00e8le int\u00e8gre une source lumineuse de type <b>laser<\/b> avec une <b>dur\u00e9e de vie estim\u00e9e jusqu\u2019\u00e0 12 000 heures<\/b> en mode \u00e9conomique, offrant une meilleure fiabilit\u00e9 et r\u00e9duisant les co\u00fbts d\u2019entretien \u00e0 long terme. Il se distingue par sa mise au point automatique et un zoom de <b>1:1,62<\/b>, facilitant l\u2019adaptation rapide \u00e0 diff\u00e9rentes tailles d\u2019image sans perte de nettet\u00e9. Il dispose de multiples options de connectivit\u00e9, incluant des <b>ports HDMI, USB 2.0 et Ethernet LAN<\/b>, permettant de connecter facilement ordinateurs, appareils multim\u00e9dias et r\u00e9seaux pour une grande polyvalence. De plus, son niveau sonore est faible, avec seulement <b>25 dB<\/b>, contribuant \u00e0 un environnement silencieux lors de son utilisation. Con\u00e7u avec un bo\u00eetier en plastique robuste et une finition blanche, l\u2019Epson EB-FH54 allie fonctionnalit\u00e9 et design discret qui s\u2019int\u00e8gre bien dans tout espace. En r\u00e9sum\u00e9, c\u2019est une solution technologique avanc\u00e9e assurant une projection de haute qualit\u00e9 avec fiabilit\u00e9 et compatibilit\u00e9, adapt\u00e9e aux utilisateurs recherchant pr\u00e9cision, luminosit\u00e9 et durabilit\u00e9 dans un projecteur professionnel.<\/p>\n<ul>\n<li>Type: Projecteur<\/li>\n<li>Couleur: Blanc<\/li>\n<li>Mati\u00e8re: Plastique<\/li>\n<li>Connexions:\n<ul>\n<li>HDMI<\/li>\n<li>USB 2.0<\/li>\n<li>Ethernet LAN<\/li>\n<\/ul>\n<\/li>\n<li>R\u00e9solution: Full HD<\/li>\n<li>Piles incluses: Oui<\/li>\n<li>Inclut:\n<ul>\n<li>T\u00e9l\u00e9commande<\/li>\n<li>Manuel de l&#8217;utilisateur<\/li>\n<\/ul>\n<\/li>\n<li>Connectivit\u00e9: Miracast<\/li>\n<li>Technologie: HDR<\/li>\n<li>Vid\u00e9o: 1080 p<\/li>\n<li>Bloc d\u2019Alimentation: C\u00e2ble USB<\/li>\n<li>\u00c9cran integr\u00e9: Non<\/li>\n<li>Caract\u00e9ristiques: Haut-parleurs int\u00e9gr\u00e9s<\/li>\n<li>Flux lumineux: 4100 Lm<\/li>\n<\/ul>","protected":false},"excerpt":{"rendered":"<p>Si vous \u00eates passionn\u00e9 d&#8217;informatique et d&#8217;\u00e9lectronique, si vous \u00eates \u00e0 la pointe de la technologie et qu&#8217;aucun d\u00e9tail ne vous \u00e9chappe, achetez Projecteur Epson V11HB59040 Full HD 4100 Lm au meilleur prix. Le projecteur Epson EB-FH54 V11HB59040 est un appareil professionnel offrant une exp\u00e9rience visuelle nette et lumineuse, id\u00e9al pour les environnements d\u2019entreprise, \u00e9ducatifs [&hellip;]<\/p>\n","protected":false},"featured_media":171883,"comment_status":"open","ping_status":"closed","template":"","meta":[],"product_brand":[632],"product_cat":[65,581,583],"product_tag":[],"class_list":{"0":"post-171885","1":"product","2":"type-product","3":"status-publish","4":"has-post-thumbnail","6":"product_brand-brandp_547","7":"product_cat-informatique-electronique","8":"product_cat-informatique-peripheriques-et-consommables","9":"product_cat-projecteurs","11":"first","12":"instock","13":"taxable","14":"shipping-taxable","15":"purchasable","16":"product-type-simple"},"_links":{"self":[{"href":"https:\/\/bigbuy.tupique.com\/pt\/wp-json\/wp\/v2\/product\/171885","targetHints":{"allow":["GET"]}}],"collection":[{"href":"https:\/\/bigbuy.tupique.com\/pt\/wp-json\/wp\/v2\/product"}],"about":[{"href":"https:\/\/bigbuy.tupique.com\/pt\/wp-json\/wp\/v2\/types\/product"}],"replies":[{"embeddable":true,"href":"https:\/\/bigbuy.tupique.com\/pt\/wp-json\/wp\/v2\/comments?post=171885"}],"wp:featuredmedia":[{"embeddable":true,"href":"https:\/\/bigbuy.tupique.com\/pt\/wp-json\/wp\/v2\/media\/171883"}],"wp:attachment":[{"href":"https:\/\/bigbuy.tupique.com\/pt\/wp-json\/wp\/v2\/media?parent=171885"}],"wp:term":[{"taxonomy":"product_brand","embeddable":true,"href":"https:\/\/bigbuy.tupique.com\/pt\/wp-json\/wp\/v2\/product_brand?post=171885"},{"taxonomy":"product_cat","embeddable":true,"href":"https:\/\/bigbuy.tupique.com\/pt\/wp-json\/wp\/v2\/product_cat?post=171885"},{"taxonomy":"product_tag","embeddable":true,"href":"https:\/\/bigbuy.tupique.com\/pt\/wp-json\/wp\/v2\/product_tag?post=171885"}],"curies":[{"name":"wp","href":"https:\/\/api.w.org\/{rel}","templated":true}]}}