{"id":171882,"date":"2026-04-11T07:48:48","date_gmt":"2026-04-11T06:48:48","guid":{"rendered":"https:\/\/bigbuy.tupique.com\/produto\/switch-netgear-gs748t-600eus\/"},"modified":"2026-04-15T03:32:30","modified_gmt":"2026-04-15T02:32:30","slug":"switch-netgear-gs748t-600eus","status":"publish","type":"product","link":"https:\/\/bigbuy.tupique.com\/pt\/produto\/switch-netgear-gs748t-600eus\/","title":{"rendered":"Switch Netgear GS748T-600EUS"},"content":{"rendered":"<p>Si vous \u00eates passionn\u00e9 d&#8217;<b>informatique et d&#8217;\u00e9lectronique<\/b>, si vous \u00eates \u00e0 la pointe de la technologie et qu&#8217;aucun d\u00e9tail ne vous \u00e9chappe, achetez <b>Switch Netgear GS748T-600EUS<\/b> au meilleur prix.<\/p>\n<p>Le <b>switch<\/b> <b>Netgear GS748T-600EUS<\/b> est un \u00e9quipement r\u00e9seau manageable con\u00e7u pour offrir des performances \u00e9lev\u00e9es et une gestion avanc\u00e9e dans des environnements professionnels et d\u2019entreprise. Il dispose de <b>48 ports Ethernet RJ-45 Gigabit (10\/100\/1000 Mbps)<\/b> assurant une connectivit\u00e9 fiable et rapide pour de nombreux postes de travail ou appareils. De plus, il int\u00e8gre <b>2 ports SFP<\/b> facilitant la connexion aux r\u00e9seaux fibre optique, augmentant ainsi la polyvalence et la port\u00e9e de l\u2019infrastructure r\u00e9seau. Son architecture supporte la commutation aux couches L2, L3 et L4, permettant un contr\u00f4le efficace du trafic gr\u00e2ce \u00e0 des fonctions avanc\u00e9es de transfert et de filtrage, optimisant la distribution des donn\u00e9es tout en am\u00e9liorant la s\u00e9curit\u00e9 et les performances globales du r\u00e9seau. Ce mod\u00e8le peut g\u00e9rer jusqu\u2019\u00e0 <b>100 Gbit\/s de capacit\u00e9 de commutation<\/b> et poss\u00e8de une table d\u2019adresses MAC supportant <b>16 000 entr\u00e9es<\/b>, garantissant une gestion fluide et organis\u00e9e des appareils connect\u00e9s. Il est compatible avec des normes telles que IEEE 802.1D, 802.1as, 802.1s, 802.1v et 802.3ad, permettant des configurations avanc\u00e9es de VLAN, d\u2019agr\u00e9gation de liens et de priorisation du trafic (QoS), s\u2019adaptant aux besoins \u00e9volutifs des r\u00e9seaux d\u2019entreprise complexes. Son design en couleur <b>noir<\/b> facilite son int\u00e9gration esth\u00e9tique dans des solutions mont\u00e9es en rack, avec une alimentation en <b>tension universelle 100-240 V<\/b>, garantissant une compatibilit\u00e9 internationale. Son fonctionnement en mode full duplex am\u00e9liore l\u2019efficacit\u00e9 des transferts simultan\u00e9s dans les deux sens, contribuant \u00e0 un r\u00e9seau stable et performant. En r\u00e9sum\u00e9, le <b>Netgear GS748T-600EUS<\/b> est une solution robuste et flexible con\u00e7ue pour optimiser les r\u00e9seaux d\u2019entreprise n\u00e9cessitant performance, \u00e9volutivit\u00e9 et contr\u00f4le avanc\u00e9 dans un format compact et manageable.<\/p>\n<ul>\n<li>Produit \u00e0 brancher: Oui<\/li>\n<li>Type de prise: Prise EU<\/li>\n<li>Type: Switch<\/li>\n<li>Bloc d\u2019Alimentation:\n<ul>\n<li>r\u00e9seau \u00e9lectrique<\/li>\n<li>Cordon d&#8217;alimentation CA<\/li>\n<\/ul>\n<\/li>\n<li>Couleur:\n<ul>\n<li>Noir<\/li>\n<li>Gris<\/li>\n<\/ul>\n<\/li>\n<li>Connexions:\n<ul>\n<li>RJ45 x 48<\/li>\n<li>2<\/li>\n<li>Ethernet LAN<\/li>\n<li>SFP<\/li>\n<\/ul>\n<\/li>\n<li>Tension:\n<ul>\n<li>100-240 V<\/li>\n<li>100 &#8211; 240 V<\/li>\n<\/ul>\n<\/li>\n<li>Support: Multisupport<\/li>\n<li>N\u00b0 de rainures: 2<\/li>\n<li>T\u00e9moin LED: allumage, changement d&#8217;intensit\u00e9 ou de charge<\/li>\n<li>Largeur: 44 cm<\/li>\n<li>Pr\u00e9cision (humidit\u00e9 relative): 0 % &#8211; 90 %<\/li>\n<li>Temp\u00e9rature approximative: &#8211; 20\u00baC \/ 70\u00b0C<\/li>\n<li>Inclut: Manuel de l&#8217;utilisateur<\/li>\n<li>S\u00e9curit\u00e9: IGMP<\/li>\n<\/ul>","protected":false},"excerpt":{"rendered":"<p>Si vous \u00eates passionn\u00e9 d&#8217;informatique et d&#8217;\u00e9lectronique, si vous \u00eates \u00e0 la pointe de la technologie et qu&#8217;aucun d\u00e9tail ne vous \u00e9chappe, achetez Switch Netgear GS748T-600EUS au meilleur prix. Le switch Netgear GS748T-600EUS est un \u00e9quipement r\u00e9seau manageable con\u00e7u pour offrir des performances \u00e9lev\u00e9es et une gestion avanc\u00e9e dans des environnements professionnels et d\u2019entreprise. Il [&hellip;]<\/p>\n","protected":false},"featured_media":171880,"comment_status":"open","ping_status":"closed","template":"","meta":[],"product_brand":[633],"product_cat":[65,584,585],"product_tag":[106],"class_list":{"0":"post-171882","1":"product","2":"type-product","3":"status-publish","4":"has-post-thumbnail","6":"product_brand-brandp_567","7":"product_cat-informatique-electronique","8":"product_cat-informatique-reseaux-et-composants","9":"product_cat-switch","10":"product_tag-tag_1295","12":"first","13":"instock","14":"taxable","15":"shipping-taxable","16":"purchasable","17":"product-type-simple"},"_links":{"self":[{"href":"https:\/\/bigbuy.tupique.com\/pt\/wp-json\/wp\/v2\/product\/171882","targetHints":{"allow":["GET"]}}],"collection":[{"href":"https:\/\/bigbuy.tupique.com\/pt\/wp-json\/wp\/v2\/product"}],"about":[{"href":"https:\/\/bigbuy.tupique.com\/pt\/wp-json\/wp\/v2\/types\/product"}],"replies":[{"embeddable":true,"href":"https:\/\/bigbuy.tupique.com\/pt\/wp-json\/wp\/v2\/comments?post=171882"}],"wp:featuredmedia":[{"embeddable":true,"href":"https:\/\/bigbuy.tupique.com\/pt\/wp-json\/wp\/v2\/media\/171880"}],"wp:attachment":[{"href":"https:\/\/bigbuy.tupique.com\/pt\/wp-json\/wp\/v2\/media?parent=171882"}],"wp:term":[{"taxonomy":"product_brand","embeddable":true,"href":"https:\/\/bigbuy.tupique.com\/pt\/wp-json\/wp\/v2\/product_brand?post=171882"},{"taxonomy":"product_cat","embeddable":true,"href":"https:\/\/bigbuy.tupique.com\/pt\/wp-json\/wp\/v2\/product_cat?post=171882"},{"taxonomy":"product_tag","embeddable":true,"href":"https:\/\/bigbuy.tupique.com\/pt\/wp-json\/wp\/v2\/product_tag?post=171882"}],"curies":[{"name":"wp","href":"https:\/\/api.w.org\/{rel}","templated":true}]}}