{"id":171868,"date":"2026-04-11T07:48:15","date_gmt":"2026-04-11T06:48:15","guid":{"rendered":"https:\/\/bigbuy.tupique.com\/produto\/multimode-sfp-fibre-module-netgear-axm763-10000s\/"},"modified":"2026-05-11T19:58:48","modified_gmt":"2026-05-11T17:58:48","slug":"multimode-sfp-fibre-module-netgear-axm763-10000s","status":"publish","type":"product","link":"https:\/\/bigbuy.tupique.com\/pt\/produto\/multimode-sfp-fibre-module-netgear-axm763-10000s\/","title":{"rendered":"Module SFP+ \u00e0 fibre optique multimode Netgear AXM763-10000S"},"content":{"rendered":"<p>Si vous \u00eates passionn\u00e9 d&#8217;<b>informatique et d&#8217;\u00e9lectronique<\/b>, si vous \u00eates \u00e0 la pointe de la technologie et qu&#8217;aucun d\u00e9tail ne vous \u00e9chappe, achetez <b>Module SFP+ \u00e0 fibre optique multimode Netgear AXM763-10000S<\/b> au meilleur prix.<\/p>\n<ul>\n<li>Type:\n<ul>\n<li>Avec fil<\/li>\n<li>Module SFP+ \u00e0 fibre optique multimode<\/li>\n<\/ul>\n<\/li>\n<li>vitesse: 10000 Mbit\/s<\/li>\n<li>Mati\u00e8re: Plastique<\/li>\n<li>Tension: 240 V<\/li>\n<li>Bloc d\u2019Alimentation: Avec fil<\/li>\n<li>Transmission de donn\u00e9es: 10000 Mbit\/s<\/li>\n<li>Connexions:\n<ul>\n<li>PCI Express x16 2.0<\/li>\n<li>USB 2.0 x 2<\/li>\n<\/ul>\n<\/li>\n<\/ul>","protected":false},"excerpt":{"rendered":"<p>Si vous \u00eates passionn\u00e9 d&#8217;informatique et d&#8217;\u00e9lectronique, si vous \u00eates \u00e0 la pointe de la technologie et qu&#8217;aucun d\u00e9tail ne vous \u00e9chappe, achetez Module SFP+ \u00e0 fibre optique multimode Netgear AXM763-10000S au meilleur prix. Type: Avec fil Module SFP+ \u00e0 fibre optique multimode vitesse: 10000 Mbit\/s Mati\u00e8re: Plastique Tension: 240 V Bloc d\u2019Alimentation: Avec fil [&hellip;]<\/p>\n","protected":false},"featured_media":171867,"comment_status":"open","ping_status":"closed","template":"","meta":[],"product_brand":[633],"product_cat":[65,584,597],"product_tag":[106],"class_list":{"0":"post-171868","1":"product","2":"type-product","3":"status-publish","4":"has-post-thumbnail","6":"product_brand-brandp_567","7":"product_cat-informatique-electronique","8":"product_cat-informatique-reseaux-et-composants","9":"product_cat-reseaux-cables","10":"product_tag-tag_1295","12":"first","13":"instock","14":"taxable","15":"shipping-taxable","16":"purchasable","17":"product-type-simple"},"_links":{"self":[{"href":"https:\/\/bigbuy.tupique.com\/pt\/wp-json\/wp\/v2\/product\/171868","targetHints":{"allow":["GET"]}}],"collection":[{"href":"https:\/\/bigbuy.tupique.com\/pt\/wp-json\/wp\/v2\/product"}],"about":[{"href":"https:\/\/bigbuy.tupique.com\/pt\/wp-json\/wp\/v2\/types\/product"}],"replies":[{"embeddable":true,"href":"https:\/\/bigbuy.tupique.com\/pt\/wp-json\/wp\/v2\/comments?post=171868"}],"wp:featuredmedia":[{"embeddable":true,"href":"https:\/\/bigbuy.tupique.com\/pt\/wp-json\/wp\/v2\/media\/171867"}],"wp:attachment":[{"href":"https:\/\/bigbuy.tupique.com\/pt\/wp-json\/wp\/v2\/media?parent=171868"}],"wp:term":[{"taxonomy":"product_brand","embeddable":true,"href":"https:\/\/bigbuy.tupique.com\/pt\/wp-json\/wp\/v2\/product_brand?post=171868"},{"taxonomy":"product_cat","embeddable":true,"href":"https:\/\/bigbuy.tupique.com\/pt\/wp-json\/wp\/v2\/product_cat?post=171868"},{"taxonomy":"product_tag","embeddable":true,"href":"https:\/\/bigbuy.tupique.com\/pt\/wp-json\/wp\/v2\/product_tag?post=171868"}],"curies":[{"name":"wp","href":"https:\/\/api.w.org\/{rel}","templated":true}]}}