{"id":171860,"date":"2026-04-11T07:47:57","date_gmt":"2026-04-11T06:47:57","guid":{"rendered":"https:\/\/bigbuy.tupique.com\/produto\/switch-netgear-xsm4216f-100eus-rj-45\/"},"modified":"2026-04-14T23:38:56","modified_gmt":"2026-04-14T22:38:56","slug":"switch-netgear-xsm4216f-100eus-rj-45","status":"publish","type":"product","link":"https:\/\/bigbuy.tupique.com\/pt\/produto\/switch-netgear-xsm4216f-100eus-rj-45\/","title":{"rendered":"Switch Netgear XSM4216F-100EUS RJ-45"},"content":{"rendered":"<p>Si vous \u00eates passionn\u00e9 d&#8217;<b>informatique et d&#8217;\u00e9lectronique<\/b>, si vous \u00eates \u00e0 la pointe de la technologie et qu&#8217;aucun d\u00e9tail ne vous \u00e9chappe, achetez <b>Switch Netgear XSM4216F-100EUS RJ-45<\/b> au meilleur prix.<\/p>\n<p>Le <b>Netgear XSM4216F-100EUS<\/b> est un <b>switch<\/b> manageable haute performance destin\u00e9 aux environnements professionnels n\u00e9cessitant une connectivit\u00e9 robuste et avanc\u00e9e. Cet appareil, construit en <b>m\u00e9tal<\/b> et disponible en <b>blanc<\/b> et <b>noir<\/b>, offre une capacit\u00e9 de commutation jusqu\u2019\u00e0 <b>320 Gbit\/s<\/b>, permettant de g\u00e9rer de gros volumes de trafic r\u00e9seau avec une latence minimale. Compatible avec les normes r\u00e9seau majeures telles que <b>IEEE 802.1D<\/b> (Spanning Tree), <b>802.1Q<\/b> (VLAN), <b>802.1x<\/b> (s\u00e9curit\u00e9 par port), et supportant des protocoles avanc\u00e9s comme <b>802.3ad<\/b> pour l\u2019agr\u00e9gation de liens, il garantit une gestion flexible, s\u00e9curis\u00e9e et efficace des connexions. Ce mod\u00e8le dispose d\u2019une table d\u2019adresses MAC pouvant contenir <b>16 000 entr\u00e9es<\/b>, optimisant l\u2019identification et la gestion des appareils dans des r\u00e9seaux complexes. Le port console double avec connexion <b>RJ-45<\/b> et <b>USB Type-C<\/b> facilite la configuration et la supervision, tandis que la technologie <b>full duplex<\/b> maximise le transfert simultan\u00e9 des donn\u00e9es. Son format <b>1U pour montage en rack<\/b> le rend id\u00e9al pour les infrastructures IT professionnelles et les centres de donn\u00e9es, offrant un design compact et durable. De plus, il poss\u00e8de <b>2 Go de m\u00e9moire<\/b> interne supportant des fonctions multi-protocoles, renfor\u00e7ant l\u2019int\u00e9gration avec divers syst\u00e8mes et protocoles. Le Netgear M4250-16XF repr\u00e9sente une solution avanc\u00e9e pour la gestion des r\u00e9seaux de niveau 2 et 3, offrant un excellent \u00e9quilibre entre capacit\u00e9, fiabilit\u00e9 et polyvalence. C\u2019est un choix pertinent pour les organisations exigeant un switch avec des fonctions de haute disponibilit\u00e9 et de s\u00e9curit\u00e9 dans les r\u00e9seaux d\u2019entreprise.<\/p>\n<ul>\n<li>Largeur: 44 cm<\/li>\n<li>Connexions: RJ45<\/li>\n<li>Produit \u00e0 brancher: Oui<\/li>\n<li>Type de prise: Prise EU<\/li>\n<li>Type: Switch<\/li>\n<li>Bloc d\u2019Alimentation: r\u00e9seau \u00e9lectrique<\/li>\n<li>Couleur:\n<ul>\n<li>Noir<\/li>\n<li>Blanc<\/li>\n<\/ul>\n<\/li>\n<li>Mati\u00e8re: M\u00e9tal<\/li>\n<li>Support: Multisupport<\/li>\n<li>Processeur: ARM Cortex A9<\/li>\n<li>Facteur de forme: 1U<\/li>\n<li>Pr\u00e9cision (humidit\u00e9 relative): 0 % &#8211; 90 %<\/li>\n<li>Temp\u00e9rature approximative: &#8211; 20\u00baC \/ 70\u00b0C<\/li>\n<li>S\u00e9curit\u00e9: IGMP<\/li>\n<li>M\u00e9moire RAM: 2 GB<\/li>\n<\/ul>","protected":false},"excerpt":{"rendered":"<p>Si vous \u00eates passionn\u00e9 d&#8217;informatique et d&#8217;\u00e9lectronique, si vous \u00eates \u00e0 la pointe de la technologie et qu&#8217;aucun d\u00e9tail ne vous \u00e9chappe, achetez Switch Netgear XSM4216F-100EUS RJ-45 au meilleur prix. Le Netgear XSM4216F-100EUS est un switch manageable haute performance destin\u00e9 aux environnements professionnels n\u00e9cessitant une connectivit\u00e9 robuste et avanc\u00e9e. Cet appareil, construit en m\u00e9tal et [&hellip;]<\/p>\n","protected":false},"featured_media":171857,"comment_status":"open","ping_status":"closed","template":"","meta":[],"product_brand":[633],"product_cat":[65,584,585],"product_tag":[106],"class_list":{"0":"post-171860","1":"product","2":"type-product","3":"status-publish","4":"has-post-thumbnail","6":"product_brand-brandp_567","7":"product_cat-informatique-electronique","8":"product_cat-informatique-reseaux-et-composants","9":"product_cat-switch","10":"product_tag-tag_1295","12":"first","13":"instock","14":"taxable","15":"shipping-taxable","16":"purchasable","17":"product-type-simple"},"_links":{"self":[{"href":"https:\/\/bigbuy.tupique.com\/pt\/wp-json\/wp\/v2\/product\/171860","targetHints":{"allow":["GET"]}}],"collection":[{"href":"https:\/\/bigbuy.tupique.com\/pt\/wp-json\/wp\/v2\/product"}],"about":[{"href":"https:\/\/bigbuy.tupique.com\/pt\/wp-json\/wp\/v2\/types\/product"}],"replies":[{"embeddable":true,"href":"https:\/\/bigbuy.tupique.com\/pt\/wp-json\/wp\/v2\/comments?post=171860"}],"wp:featuredmedia":[{"embeddable":true,"href":"https:\/\/bigbuy.tupique.com\/pt\/wp-json\/wp\/v2\/media\/171857"}],"wp:attachment":[{"href":"https:\/\/bigbuy.tupique.com\/pt\/wp-json\/wp\/v2\/media?parent=171860"}],"wp:term":[{"taxonomy":"product_brand","embeddable":true,"href":"https:\/\/bigbuy.tupique.com\/pt\/wp-json\/wp\/v2\/product_brand?post=171860"},{"taxonomy":"product_cat","embeddable":true,"href":"https:\/\/bigbuy.tupique.com\/pt\/wp-json\/wp\/v2\/product_cat?post=171860"},{"taxonomy":"product_tag","embeddable":true,"href":"https:\/\/bigbuy.tupique.com\/pt\/wp-json\/wp\/v2\/product_tag?post=171860"}],"curies":[{"name":"wp","href":"https:\/\/api.w.org\/{rel}","templated":true}]}}