{"id":171690,"date":"2026-04-11T07:28:05","date_gmt":"2026-04-11T06:28:05","guid":{"rendered":"https:\/\/bigbuy.tupique.com\/produto\/smartphone-samsung-sm-a376blvgeue-67-octa-core-exynos-1480-8-gb-ram-256-gb-violet\/"},"modified":"2026-04-16T22:34:49","modified_gmt":"2026-04-16T21:34:49","slug":"smartphone-samsung-sm-a376blvgeue-67-octa-core-exynos-1480-8-gb-ram-256-gb-violet","status":"publish","type":"product","link":"https:\/\/bigbuy.tupique.com\/pt\/produto\/smartphone-samsung-sm-a376blvgeue-67-octa-core-exynos-1480-8-gb-ram-256-gb-violet\/","title":{"rendered":"Smartphone Samsung SM-A376BLVGEUE 6,7&#8243; Octa Core Exynos 1480 8 GB RAM 256 GB Violet"},"content":{"rendered":"<p>Si vous \u00eates passionn\u00e9 d&#8217;<b>informatique et d&#8217;\u00e9lectronique<\/b>, si vous \u00eates \u00e0 la pointe de la technologie et qu&#8217;aucun d\u00e9tail ne vous \u00e9chappe, achetez <b>Smartphone Samsung SM-A376 6,7&#8243; Octa Core Exynos 1480 8 GB RAM 256 GB Violet<\/b> au meilleur prix.<\/p>\n<ul>\n<li>Diagonale de l&#8217;\u00e9cran (cm): 17 cm<\/li>\n<li>Produit \u00e0 brancher: Oui<\/li>\n<li>Type: Smartphone<\/li>\n<li>Bloc d\u2019Alimentation:\n<ul>\n<li>Batterie<\/li>\n<li>r\u00e9seau \u00e9lectrique<\/li>\n<\/ul>\n<\/li>\n<li>Type de prise: Prise EU<\/li>\n<li>Type d\u2019\u00e9cran: SUPER AMOLED<\/li>\n<li>Technologie: Super AMOLED<\/li>\n<li>Capacit\u00e9 de la batterie: 5000 mAh<\/li>\n<li>Ecran: 6,7&#8243;<\/li>\n<li>Syst\u00e8me d&#8217;exploitation: Android<\/li>\n<li>puissance: 45 W<\/li>\n<li>Connectivit\u00e9:\n<ul>\n<li>NFC<\/li>\n<li>Dual SIM<\/li>\n<li>Glonass<\/li>\n<li>BeiDou<\/li>\n<li>Galileo<\/li>\n<li>5G<\/li>\n<li>Fonction de GPS assist\u00e9e (A-GPS)<\/li>\n<\/ul>\n<\/li>\n<li>Cam\u00e9ra\/Appareil Photo:\n<ul>\n<li>12 mpx<\/li>\n<li>50 Mp<\/li>\n<\/ul>\n<\/li>\n<li>Connexions: USB-C<\/li>\n<li>Processeur:\n<ul>\n<li>Octa Core<\/li>\n<li>Exynos 1480<\/li>\n<\/ul>\n<\/li>\n<li>M\u00e9moire RAM: 8 GB RAM<\/li>\n<li>M\u00e9moire interne: 256 GB<\/li>\n<li>Couleur: Violet<\/li>\n<\/ul>","protected":false},"excerpt":{"rendered":"<p>Si vous \u00eates passionn\u00e9 d&#8217;informatique et d&#8217;\u00e9lectronique, si vous \u00eates \u00e0 la pointe de la technologie et qu&#8217;aucun d\u00e9tail ne vous \u00e9chappe, achetez Smartphone Samsung SM-A376 6,7&#8243; Octa Core Exynos 1480 8 GB RAM 256 GB Violet au meilleur prix. Diagonale de l&#8217;\u00e9cran (cm): 17 cm Produit \u00e0 brancher: Oui Type: Smartphone Bloc d\u2019Alimentation: Batterie [&hellip;]<\/p>\n","protected":false},"featured_media":171685,"comment_status":"open","ping_status":"closed","template":"","meta":[],"product_brand":[183],"product_cat":[575,65,960],"product_tag":[213,566,106],"class_list":{"0":"post-171690","1":"product","2":"type-product","3":"status-publish","4":"has-post-thumbnail","6":"product_brand-brandp_576","7":"product_cat-electronique-telephonie-et-tablettes","8":"product_cat-informatique-electronique","9":"product_cat-telephones-portables","10":"product_tag-tag_933","11":"product_tag-tag_547","12":"product_tag-tag_1295","14":"first","15":"instock","16":"taxable","17":"shipping-taxable","18":"purchasable","19":"product-type-simple"},"_links":{"self":[{"href":"https:\/\/bigbuy.tupique.com\/pt\/wp-json\/wp\/v2\/product\/171690","targetHints":{"allow":["GET"]}}],"collection":[{"href":"https:\/\/bigbuy.tupique.com\/pt\/wp-json\/wp\/v2\/product"}],"about":[{"href":"https:\/\/bigbuy.tupique.com\/pt\/wp-json\/wp\/v2\/types\/product"}],"replies":[{"embeddable":true,"href":"https:\/\/bigbuy.tupique.com\/pt\/wp-json\/wp\/v2\/comments?post=171690"}],"wp:featuredmedia":[{"embeddable":true,"href":"https:\/\/bigbuy.tupique.com\/pt\/wp-json\/wp\/v2\/media\/171685"}],"wp:attachment":[{"href":"https:\/\/bigbuy.tupique.com\/pt\/wp-json\/wp\/v2\/media?parent=171690"}],"wp:term":[{"taxonomy":"product_brand","embeddable":true,"href":"https:\/\/bigbuy.tupique.com\/pt\/wp-json\/wp\/v2\/product_brand?post=171690"},{"taxonomy":"product_cat","embeddable":true,"href":"https:\/\/bigbuy.tupique.com\/pt\/wp-json\/wp\/v2\/product_cat?post=171690"},{"taxonomy":"product_tag","embeddable":true,"href":"https:\/\/bigbuy.tupique.com\/pt\/wp-json\/wp\/v2\/product_tag?post=171690"}],"curies":[{"name":"wp","href":"https:\/\/api.w.org\/{rel}","templated":true}]}}