{"id":17151,"date":"2026-03-29T14:18:16","date_gmt":"2026-03-29T13:18:16","guid":{"rendered":"https:\/\/bigbuy.tupique.com\/produto\/drill-drivers-bosch-professional-gsr-12v-35-fc-solo-l-b\/"},"modified":"2026-05-11T20:02:46","modified_gmt":"2026-05-11T18:02:46","slug":"drill-drivers-bosch-professional-gsr-12v-35-fc-solo-l-b","status":"publish","type":"product","link":"https:\/\/bigbuy.tupique.com\/pt\/produto\/drill-drivers-bosch-professional-gsr-12v-35-fc-solo-l-b\/","title":{"rendered":"Perceuse visseuse BOSCH Professional GSR 12V-35 FC Solo L-B"},"content":{"rendered":"<p>Si vous aimez prendre soin de chaque d\u00e9tail de votre maison et d&#8217;\u00eatre \u00e0 la derni\u00e8re mode en mati\u00e8re de produits qui vous rendront la vie plus facile, achetez <b>Perceuse visseuse BOSCH Professional GSR 12V-35 FC Solo L-B<\/b> au meilleur prix.<\/p>\n<p>Le <b>perceuse-visseuse Professional GSR 12V-35 FC Solo L-B<\/b> de <b>BOSCH<\/b> est un outil sans fil puissant, con\u00e7u pour les professionnels exigeant performance et pr\u00e9cision dans les travaux de vissage et per\u00e7age. Il fonctionne avec une <b>tension de 12 V<\/b>, offrant un \u00e9quilibre optimal entre autonomie et puissance, id\u00e9al pour les t\u00e2ches exigeantes dans des espaces restreints ou difficiles d\u2019acc\u00e8s. Avec une <b>puissance \u00e9quivalente de 850 W<\/b> et une <b>vitesse maximale de 1750 tr\/min<\/b>, il assure une progression rapide et efficace, tandis que son <b>couple maximal de 35 Nm<\/b> garantit la force n\u00e9cessaire pour visser fermement sans ab\u00eemer les mat\u00e9riaux. Son design ergonomique en tons <b>bleu et noir<\/b> facilite une prise en main confortable et s\u00fbre lors d\u2019utilisations prolong\u00e9es. Il int\u00e8gre une technologie <b>sans balais<\/b> qui augmente la durabilit\u00e9 et l\u2019efficacit\u00e9 \u00e9nerg\u00e9tique, prolongeant la dur\u00e9e de vie du moteur et optimisant les performances. De plus, il dispose d\u2019une pratique <b>lumi\u00e8re LED<\/b> int\u00e9gr\u00e9e, am\u00e9liorant la visibilit\u00e9 dans les zones sombres ou mal \u00e9clair\u00e9es, ce qui accro\u00eet la pr\u00e9cision du travail. Cet outil l\u00e9ger, aliment\u00e9 par batterie, combine la mobilit\u00e9 sans fil avec la puissance n\u00e9cessaire pour des projets professionnels, aussi bien en bricolage avanc\u00e9 que sur des chantiers sp\u00e9cialis\u00e9s. En r\u00e9sum\u00e9, le Professional GSR 12V-35 FC Solo L-B de BOSCH est une solution compacte, robuste et technologiquement avanc\u00e9e, garantissant fiabilit\u00e9 et efficacit\u00e9 dans de multiples applications.<\/p>\n<ul>\n<li>Non inclut:\n<ul>\n<li>Batterie<\/li>\n<li>Chargeur de batterie<\/li>\n<\/ul>\n<\/li>\n<li>Inclut:\n<ul>\n<li>Mandrin de perceuse x 4<\/li>\n<li>Lumi\u00e8re LED<\/li>\n<\/ul>\n<\/li>\n<li>Couleur:\n<ul>\n<li>Bleu<\/li>\n<li>Noir\/Bleu<\/li>\n<\/ul>\n<\/li>\n<li>Tension: 12 V<\/li>\n<li>Bloc d\u2019Alimentation:\n<ul>\n<li>Batterie<\/li>\n<li>Batterie rechargeable<\/li>\n<\/ul>\n<\/li>\n<li>Moteur: Sans brosse<\/li>\n<li>Fonctionne \u00e0 piles: Oui<\/li>\n<li>puissance: 850 W<\/li>\n<li>vitesse: 1750 rpm<\/li>\n<li>Vitesse: 2 vitesses<\/li>\n<li>Couple de serrage: 35 Nm<\/li>\n<\/ul>","protected":false},"excerpt":{"rendered":"<p>Si vous aimez prendre soin de chaque d\u00e9tail de votre maison et d&#8217;\u00eatre \u00e0 la derni\u00e8re mode en mati\u00e8re de produits qui vous rendront la vie plus facile, achetez Perceuse visseuse BOSCH Professional GSR 12V-35 FC Solo L-B au meilleur prix. Le perceuse-visseuse Professional GSR 12V-35 FC Solo L-B de BOSCH est un outil sans [&hellip;]<\/p>\n","protected":false},"featured_media":17144,"comment_status":"open","ping_status":"closed","template":"","meta":[],"product_brand":[162],"product_cat":[613,239],"product_tag":[59,210],"class_list":{"0":"post-17151","1":"product","2":"type-product","3":"status-publish","4":"has-post-thumbnail","6":"product_brand-brandp_959","7":"product_cat-bricolage-et-materiel","8":"product_cat-maison-jardin","9":"product_tag-tag_1304","10":"product_tag-tag_25","12":"first","13":"instock","14":"taxable","15":"shipping-taxable","16":"purchasable","17":"product-type-simple"},"_links":{"self":[{"href":"https:\/\/bigbuy.tupique.com\/pt\/wp-json\/wp\/v2\/product\/17151","targetHints":{"allow":["GET"]}}],"collection":[{"href":"https:\/\/bigbuy.tupique.com\/pt\/wp-json\/wp\/v2\/product"}],"about":[{"href":"https:\/\/bigbuy.tupique.com\/pt\/wp-json\/wp\/v2\/types\/product"}],"replies":[{"embeddable":true,"href":"https:\/\/bigbuy.tupique.com\/pt\/wp-json\/wp\/v2\/comments?post=17151"}],"wp:featuredmedia":[{"embeddable":true,"href":"https:\/\/bigbuy.tupique.com\/pt\/wp-json\/wp\/v2\/media\/17144"}],"wp:attachment":[{"href":"https:\/\/bigbuy.tupique.com\/pt\/wp-json\/wp\/v2\/media?parent=17151"}],"wp:term":[{"taxonomy":"product_brand","embeddable":true,"href":"https:\/\/bigbuy.tupique.com\/pt\/wp-json\/wp\/v2\/product_brand?post=17151"},{"taxonomy":"product_cat","embeddable":true,"href":"https:\/\/bigbuy.tupique.com\/pt\/wp-json\/wp\/v2\/product_cat?post=17151"},{"taxonomy":"product_tag","embeddable":true,"href":"https:\/\/bigbuy.tupique.com\/pt\/wp-json\/wp\/v2\/product_tag?post=17151"}],"curies":[{"name":"wp","href":"https:\/\/api.w.org\/{rel}","templated":true}]}}