{"id":17127,"date":"2026-03-29T14:17:39","date_gmt":"2026-03-29T13:17:39","guid":{"rendered":"https:\/\/bigbuy.tupique.com\/produto\/induction-hot-plate-siemens-ag-ee611bpb5e-iq500-60-cm\/"},"modified":"2026-04-16T16:20:08","modified_gmt":"2026-04-16T15:20:08","slug":"induction-hot-plate-siemens-ag-ee611bpb5e-iq500-60-cm","status":"publish","type":"product","link":"https:\/\/bigbuy.tupique.com\/pt\/produto\/induction-hot-plate-siemens-ag-ee611bpb5e-iq500-60-cm\/","title":{"rendered":"Plaque \u00e0 Induction Siemens AG EE611BPB5E iq500 60 cm"},"content":{"rendered":"<p>Si vous pensez r\u00e9nover votre cuisine, achetez <b>Plaque \u00e0 Induction Siemens AG EE611BPB5E iq500 60 cm<\/b> et d\u00b4autres <b>produits Siemens AG<\/b> !<\/p>\n<p>La <b>plaque \u00e0 induction EE611BPB5E iq500<\/b> de <b>Siemens AG<\/b> est une solution moderne et efficace pour la cuisine, con\u00e7ue pour offrir une performance rapide et s\u00fbre. Elle dispose de <b>4 zones de cuisson<\/b>, permettant de pr\u00e9parer plusieurs plats simultan\u00e9ment, optimisant l\u2019espace gr\u00e2ce \u00e0 sa <b>largeur de 60 cm<\/b>, id\u00e9ale pour les cuisines standards. Sa puissance maximale de <b>4600 W<\/b> garantit un chauffage rapide et un contr\u00f4le pr\u00e9cis de la temp\u00e9rature, essentiel pour une cuisson uniforme et efficace. Cette plaque se pr\u00e9sente dans un \u00e9l\u00e9gant <b>coloris noir<\/b> qui s\u2019adapte \u00e0 tout style de cuisine, avec une finition sophistiqu\u00e9e et facile \u00e0 nettoyer. Parmi ses fonctionnalit\u00e9s cl\u00e9s figure le <b>minuteur int\u00e9gr\u00e9<\/b>, qui facilite la gestion du temps de cuisson pour \u00e9viter de trop cuire ou br\u00fbler les aliments. Elle int\u00e8gre \u00e9galement un <b>verrouillage enfant<\/b> offrant une s\u00e9curit\u00e9 suppl\u00e9mentaire, indispensable dans les foyers avec enfants pour pr\u00e9venir accidents et modifications involontaires pendant la cuisson. L\u2019<b>interrupteur marche\/arr\u00eat<\/b> apporte confort et une utilisation intuitive, rendant son usage quotidien simple et efficace. La technologie \u00e0 induction utilis\u00e9e permet un chauffage rapide et une r\u00e9action imm\u00e9diate aux r\u00e9glages, ce qui permet non seulement d\u2019\u00e9conomiser temps et \u00e9nergie, mais aussi d\u2019obtenir une exp\u00e9rience culinaire plus pr\u00e9cise et ma\u00eetris\u00e9e. Cette plaque \u00e0 induction fait partie de la gamme IQ500 de Siemens, garantissant un \u00e9quilibre entre performance avanc\u00e9e et fonctions essentielles, tout en maintenant un niveau de qualit\u00e9 propre \u00e0 une marque reconnue sur le march\u00e9 europ\u00e9en. En r\u00e9sum\u00e9, ce mod\u00e8le est une option fiable, s\u00fbre et pratique pour un usage quotidien \u00e0 la maison.<\/p>\n<ul>\n<li>Fonctions: Minuterie<\/li>\n<li>Type:\n<ul>\n<li>Appareils \u00e9lectriques<\/li>\n<li>Plaque \u00e0 Induction<\/li>\n<li>Int\u00e9gr\u00e9<\/li>\n<\/ul>\n<\/li>\n<li>Zones de cuisson: 4<\/li>\n<li>puissance: 4600 W<\/li>\n<li>diam\u00e8tre approx.: \u00d8 60 cm<\/li>\n<li>Dimensions approx.: 5,10 x 59,2 x 52,20 cm<\/li>\n<li>Produit \u00e0 brancher: Oui<\/li>\n<li>Type de prise: Prise EU<\/li>\n<li>Bloc d\u2019Alimentation: r\u00e9seau \u00e9lectrique<\/li>\n<li>Couleur:\n<ul>\n<li>Noir<\/li>\n<li>noir<\/li>\n<\/ul>\n<\/li>\n<li>Largeur:\n<ul>\n<li>56 cm<\/li>\n<li>59,2 cm<\/li>\n<li>60 cm<\/li>\n<\/ul>\n<\/li>\n<li>Hauteur: 5,1 cm<\/li>\n<li>Longueur du c\u00e2ble: 110 cm<\/li>\n<li>Poids approx.: 14 Kg<\/li>\n<li>Profondeur de compartiment d&#8217;installation: 49 cm<\/li>\n<li>Caract\u00e9ristiques:\n<ul>\n<li>Verrouillage pour enfants<\/li>\n<li>Interrupteur marche\/arr\u00eat<\/li>\n<\/ul>\n<\/li>\n<li>Forme: Rectangulaire<\/li>\n<li>Fr\u00e9quence: 50 &#8211; 60 Hz<\/li>\n<li>Inclut: Ecran<\/li>\n<li>Type de commande: Tactile<\/li>\n<li>Tension: 220-240 V<\/li>\n<li>Niveaux de puissance: 17<\/li>\n<li>Design: Sans cadre<\/li>\n<\/ul>","protected":false},"excerpt":{"rendered":"<p>Si vous pensez r\u00e9nover votre cuisine, achetez Plaque \u00e0 Induction Siemens AG EE611BPB5E iq500 60 cm et d\u00b4autres produits Siemens AG ! La plaque \u00e0 induction EE611BPB5E iq500 de Siemens AG est une solution moderne et efficace pour la cuisine, con\u00e7ue pour offrir une performance rapide et s\u00fbre. Elle dispose de 4 zones de cuisson, [&hellip;]<\/p>\n","protected":false},"featured_media":17125,"comment_status":"open","ping_status":"closed","template":"","meta":[],"product_brand":[851],"product_cat":[60,77,78],"product_tag":[55,59,56],"class_list":{"0":"post-17127","1":"product","2":"type-product","3":"status-publish","4":"has-post-thumbnail","6":"product_brand-brandp_930","7":"product_cat-cuisine-gourmet","8":"product_cat-petit-electromenager","9":"product_cat-plaques-de-cuisson","10":"product_tag-tag_926","11":"product_tag-tag_1304","12":"product_tag-tag_930","14":"first","15":"instock","16":"taxable","17":"shipping-taxable","18":"purchasable","19":"product-type-simple"},"_links":{"self":[{"href":"https:\/\/bigbuy.tupique.com\/pt\/wp-json\/wp\/v2\/product\/17127","targetHints":{"allow":["GET"]}}],"collection":[{"href":"https:\/\/bigbuy.tupique.com\/pt\/wp-json\/wp\/v2\/product"}],"about":[{"href":"https:\/\/bigbuy.tupique.com\/pt\/wp-json\/wp\/v2\/types\/product"}],"replies":[{"embeddable":true,"href":"https:\/\/bigbuy.tupique.com\/pt\/wp-json\/wp\/v2\/comments?post=17127"}],"wp:featuredmedia":[{"embeddable":true,"href":"https:\/\/bigbuy.tupique.com\/pt\/wp-json\/wp\/v2\/media\/17125"}],"wp:attachment":[{"href":"https:\/\/bigbuy.tupique.com\/pt\/wp-json\/wp\/v2\/media?parent=17127"}],"wp:term":[{"taxonomy":"product_brand","embeddable":true,"href":"https:\/\/bigbuy.tupique.com\/pt\/wp-json\/wp\/v2\/product_brand?post=17127"},{"taxonomy":"product_cat","embeddable":true,"href":"https:\/\/bigbuy.tupique.com\/pt\/wp-json\/wp\/v2\/product_cat?post=17127"},{"taxonomy":"product_tag","embeddable":true,"href":"https:\/\/bigbuy.tupique.com\/pt\/wp-json\/wp\/v2\/product_tag?post=17127"}],"curies":[{"name":"wp","href":"https:\/\/api.w.org\/{rel}","templated":true}]}}