{"id":17114,"date":"2026-03-29T14:17:22","date_gmt":"2026-03-29T13:17:22","guid":{"rendered":"https:\/\/bigbuy.tupique.com\/produto\/air-compressor-scheppach-hc30ox-horizontal-1100-w-8-bar-24-l\/"},"modified":"2026-04-16T19:56:42","modified_gmt":"2026-04-16T18:56:42","slug":"air-compressor-scheppach-hc30ox-horizontal-1100-w-8-bar-24-l","status":"publish","type":"product","link":"https:\/\/bigbuy.tupique.com\/pt\/produto\/air-compressor-scheppach-hc30ox-horizontal-1100-w-8-bar-24-l\/","title":{"rendered":"Compresseur d&#8217;air Scheppach HC30OX Horizontal 1100 W 8 bar 24 L"},"content":{"rendered":"<p>Si vous aimez prendre soin de chaque d\u00e9tail de votre maison et d&#8217;\u00eatre \u00e0 la derni\u00e8re mode en mati\u00e8re de produits qui vous rendront la vie plus facile, achetez <b>Compresseur d&#8217;air Scheppach HC30OX Horizontal 1100 W 8 bar 24 L<\/b> au meilleur prix.<\/p>\n<p>Le <b>compresseur d\u2019air Scheppach HC30OX<\/b> est un outil con\u00e7u pour offrir une performance fiable et efficace, tant en usage domestique que professionnel. Avec une <b>capacit\u00e9 de 24 litres<\/b>, ce compresseur <b>horizontal<\/b> dispose d\u2019un moteur puissant de <b>1100 W<\/b> garantissant un d\u00e9bit d\u2019air constant, adapt\u00e9 \u00e0 de multiples applications, du gonflage de pneus \u00e0 l\u2019utilisation d\u2019outils pneumatiques. Sa structure int\u00e8gre des <b>roues et une poign\u00e9e de transport<\/b>, facilitant sa mobilit\u00e9 et son d\u00e9placement sur le lieu de travail ou dans l\u2019atelier. De plus, l\u2019appareil est \u00e9quip\u00e9 d\u2019une <b>base antid\u00e9rapante<\/b> assurant la stabilit\u00e9 pendant le fonctionnement, \u00e9vitant vibrations excessives et d\u00e9placements. Il fonctionne sous <b>230 V<\/b> et est fourni avec un <b>c\u00e2ble \u00e9lectrique<\/b> de longueur adapt\u00e9e pour une connexion ais\u00e9e aux sources d\u2019alimentation standard. Bien que son niveau sonore soit de <b>97 dB<\/b>, ce qui est courant pour ce type de compresseurs, son usage est recommand\u00e9 avec pr\u00e9caution dans des espaces ferm\u00e9s ou sensibles au bruit. Son design horizontal optimise la r\u00e9partition du poids, offrant \u00e9quilibre et facilit\u00e9 de rangement. Ce mod\u00e8le Scheppach constitue une solution polyvalente et pratique pour les utilisateurs recherchant un compresseur compact avec une capacit\u00e9 suffisante pour diverses t\u00e2ches, alliant puissance, mobilit\u00e9 et stabilit\u00e9 dans un seul appareil.<\/p>\n<ul>\n<li>Produit \u00e0 brancher: Oui<\/li>\n<li>Type de prise: Prise EU<\/li>\n<li>Caract\u00e9ristiques:\n<ul>\n<li>Avec des roues<\/li>\n<li>Base antid\u00e9rapante<\/li>\n<li>Anse de transport<\/li>\n<\/ul>\n<\/li>\n<li>Type: Horizontal<\/li>\n<li>Tension: 230 V<\/li>\n<li>Bloc d\u2019Alimentation:\n<ul>\n<li>C\u00e2ble \u00e9lectrique<\/li>\n<li>r\u00e9seau \u00e9lectrique<\/li>\n<\/ul>\n<\/li>\n<li>Niveau sonore: 97 dB<\/li>\n<li>Capacit\u00e9: 24 L<\/li>\n<\/ul>","protected":false},"excerpt":{"rendered":"<p><span class=\"unit-info\">8.2496 &euro; \/ 1 l<\/span><\/p>","protected":false},"featured_media":17109,"comment_status":"open","ping_status":"closed","template":"","meta":[],"product_brand":[855],"product_cat":[613,239],"product_tag":[59,210],"class_list":{"0":"post-17114","1":"product","2":"type-product","3":"status-publish","4":"has-post-thumbnail","6":"product_brand-brandp_6013","7":"product_cat-bricolage-et-materiel","8":"product_cat-maison-jardin","9":"product_tag-tag_1304","10":"product_tag-tag_25","12":"first","13":"instock","14":"taxable","15":"shipping-taxable","16":"purchasable","17":"product-type-simple"},"_links":{"self":[{"href":"https:\/\/bigbuy.tupique.com\/pt\/wp-json\/wp\/v2\/product\/17114","targetHints":{"allow":["GET"]}}],"collection":[{"href":"https:\/\/bigbuy.tupique.com\/pt\/wp-json\/wp\/v2\/product"}],"about":[{"href":"https:\/\/bigbuy.tupique.com\/pt\/wp-json\/wp\/v2\/types\/product"}],"replies":[{"embeddable":true,"href":"https:\/\/bigbuy.tupique.com\/pt\/wp-json\/wp\/v2\/comments?post=17114"}],"wp:featuredmedia":[{"embeddable":true,"href":"https:\/\/bigbuy.tupique.com\/pt\/wp-json\/wp\/v2\/media\/17109"}],"wp:attachment":[{"href":"https:\/\/bigbuy.tupique.com\/pt\/wp-json\/wp\/v2\/media?parent=17114"}],"wp:term":[{"taxonomy":"product_brand","embeddable":true,"href":"https:\/\/bigbuy.tupique.com\/pt\/wp-json\/wp\/v2\/product_brand?post=17114"},{"taxonomy":"product_cat","embeddable":true,"href":"https:\/\/bigbuy.tupique.com\/pt\/wp-json\/wp\/v2\/product_cat?post=17114"},{"taxonomy":"product_tag","embeddable":true,"href":"https:\/\/bigbuy.tupique.com\/pt\/wp-json\/wp\/v2\/product_tag?post=17114"}],"curies":[{"name":"wp","href":"https:\/\/api.w.org\/{rel}","templated":true}]}}