{"id":17108,"date":"2026-03-29T14:17:13","date_gmt":"2026-03-29T13:17:13","guid":{"rendered":"https:\/\/bigbuy.tupique.com\/produto\/perforating-hammer-bosch-sds-plusgbh-2-26-f-professional-830-w\/"},"modified":"2026-04-16T16:45:48","modified_gmt":"2026-04-16T15:45:48","slug":"perforating-hammer-bosch-sds-plusgbh-2-26-f-professional-830-w","status":"publish","type":"product","link":"https:\/\/bigbuy.tupique.com\/pt\/produto\/perforating-hammer-bosch-sds-plusgbh-2-26-f-professional-830-w\/","title":{"rendered":"Marteau perforateur BOSCH SDS PlusGBH 2-26 F Professional 830 W"},"content":{"rendered":"<p>Si vous aimez prendre soin de chaque d\u00e9tail de votre maison et d&#8217;\u00eatre \u00e0 la derni\u00e8re mode en mati\u00e8re de produits qui vous rendront la vie plus facile, achetez <b>Marteau perforateur BOSCH SDS PlusGBH 2-26 F Professional 830 W<\/b> au meilleur prix.<\/p>\n<p>Le <b>marteau perforateur<\/b> <b>BOSCH mod\u00e8le 06112A4000<\/b> fait partie de la c\u00e9l\u00e8bre gamme <b>PROFESSIONAL GBH 2-26 F<\/b>, un outil con\u00e7u pour les utilisateurs exigeants recherchant polyvalence et puissance au quotidien. Ce mod\u00e8le se distingue par son moteur \u00e9lectrique de <b>830 W<\/b>, offrant une force d\u2019impact de <b>2,7 joules<\/b>, garantissant un per\u00e7age rapide m\u00eame dans des mat\u00e9riaux durs comme le b\u00e9ton ou la pierre. Il est \u00e9quip\u00e9 d\u2019un syst\u00e8me de mandrin interchangeable <b>SDS plus<\/b>, facilitant les changements rapides et s\u00fbrs d\u2019accessoires, augmentant ainsi l\u2019efficacit\u00e9 lors de travaux continus. Son alimentation par <b>c\u00e2ble \u00e9lectrique<\/b> assure une puissance constante, id\u00e9ale pour les projets n\u00e9cessitant une utilisation prolong\u00e9e sans interruption li\u00e9e \u00e0 la batterie. C\u00f4t\u00e9 design, il associe un bo\u00eetier aux couleurs <b>bleu et noir<\/b>, qui, en plus de son style professionnel, offre ergonomie et prise en main confortable et s\u00fbre pendant le travail. Le marteau est livr\u00e9 avec une mallette facilitant son rangement et transport, prot\u00e9geant les accessoires et l\u2019outil en parfait \u00e9tat. Sa capacit\u00e9 de burinage et de per\u00e7age en fait un outil robuste et fiable pour les professionnels du b\u00e2timent, ma\u00e7onnerie et bricolage avanc\u00e9. En r\u00e9sum\u00e9, le marteau perforateur Bosch GBH 2-26 F offre un \u00e9quilibre id\u00e9al entre puissance, durabilit\u00e9 et facilit\u00e9 d\u2019utilisation pour les t\u00e2ches exigeantes sur chantier ou en atelier.<\/p>\n<ul>\n<li>Type de prise: Prise EU<\/li>\n<li>Produit \u00e0 brancher: Oui<\/li>\n<li>Inclut:\n<ul>\n<li>Porte documents<\/li>\n<li>Mandrin de perceuse<\/li>\n<\/ul>\n<\/li>\n<li>Caract\u00e9ristiques:\n<ul>\n<li>Double poign\u00e9e<\/li>\n<li>Adh\u00e9sion douce<\/li>\n<\/ul>\n<\/li>\n<li>Couleur:\n<ul>\n<li>Noir<\/li>\n<li>Bleu<\/li>\n<\/ul>\n<\/li>\n<li>Bloc d\u2019Alimentation:\n<ul>\n<li>r\u00e9seau \u00e9lectrique<\/li>\n<li>C\u00e2ble \u00e9lectrique<\/li>\n<\/ul>\n<\/li>\n<li>Tension: 230 V<\/li>\n<li>puissance: 830 W<\/li>\n<li>Type d&#8217;ancrage: SDS Plus<\/li>\n<\/ul>","protected":false},"excerpt":{"rendered":"<p>Si vous aimez prendre soin de chaque d\u00e9tail de votre maison et d&#8217;\u00eatre \u00e0 la derni\u00e8re mode en mati\u00e8re de produits qui vous rendront la vie plus facile, achetez Marteau perforateur BOSCH SDS PlusGBH 2-26 F Professional 830 W au meilleur prix. Le marteau perforateur BOSCH mod\u00e8le 06112A4000 fait partie de la c\u00e9l\u00e8bre gamme PROFESSIONAL [&hellip;]<\/p>\n","protected":false},"featured_media":17100,"comment_status":"open","ping_status":"closed","template":"","meta":[],"product_brand":[162],"product_cat":[613,239],"product_tag":[59,210],"class_list":{"0":"post-17108","1":"product","2":"type-product","3":"status-publish","4":"has-post-thumbnail","6":"product_brand-brandp_959","7":"product_cat-bricolage-et-materiel","8":"product_cat-maison-jardin","9":"product_tag-tag_1304","10":"product_tag-tag_25","12":"first","13":"instock","14":"taxable","15":"shipping-taxable","16":"purchasable","17":"product-type-simple"},"_links":{"self":[{"href":"https:\/\/bigbuy.tupique.com\/pt\/wp-json\/wp\/v2\/product\/17108","targetHints":{"allow":["GET"]}}],"collection":[{"href":"https:\/\/bigbuy.tupique.com\/pt\/wp-json\/wp\/v2\/product"}],"about":[{"href":"https:\/\/bigbuy.tupique.com\/pt\/wp-json\/wp\/v2\/types\/product"}],"replies":[{"embeddable":true,"href":"https:\/\/bigbuy.tupique.com\/pt\/wp-json\/wp\/v2\/comments?post=17108"}],"wp:featuredmedia":[{"embeddable":true,"href":"https:\/\/bigbuy.tupique.com\/pt\/wp-json\/wp\/v2\/media\/17100"}],"wp:attachment":[{"href":"https:\/\/bigbuy.tupique.com\/pt\/wp-json\/wp\/v2\/media?parent=17108"}],"wp:term":[{"taxonomy":"product_brand","embeddable":true,"href":"https:\/\/bigbuy.tupique.com\/pt\/wp-json\/wp\/v2\/product_brand?post=17108"},{"taxonomy":"product_cat","embeddable":true,"href":"https:\/\/bigbuy.tupique.com\/pt\/wp-json\/wp\/v2\/product_cat?post=17108"},{"taxonomy":"product_tag","embeddable":true,"href":"https:\/\/bigbuy.tupique.com\/pt\/wp-json\/wp\/v2\/product_tag?post=17108"}],"curies":[{"name":"wp","href":"https:\/\/api.w.org\/{rel}","templated":true}]}}