{"id":17087,"date":"2026-03-29T14:16:41","date_gmt":"2026-03-29T13:16:41","guid":{"rendered":"https:\/\/bigbuy.tupique.com\/produto\/switch-zyxel-xgs2220-30-eu0101f\/"},"modified":"2026-04-15T00:48:49","modified_gmt":"2026-04-14T23:48:49","slug":"switch-zyxel-xgs2220-30-eu0101f","status":"publish","type":"product","link":"https:\/\/bigbuy.tupique.com\/pt\/produto\/switch-zyxel-xgs2220-30-eu0101f\/","title":{"rendered":"Switch ZyXEL XGS2220-30-EU0101F"},"content":{"rendered":"<p>Si vous \u00eates passionn\u00e9 d&#8217;<b>informatique et d&#8217;\u00e9lectronique<\/b>, si vous \u00eates \u00e0 la pointe de la technologie et qu&#8217;aucun d\u00e9tail ne vous \u00e9chappe, achetez <b>Switch ZyXEL XGS2220-30-EU0101F<\/b> au meilleur prix.<\/p>\n<p>Le <b>Zyxel XGS2220-30<\/b> est un <b>switch manageable<\/b> de <b>couche 3<\/b> con\u00e7u pour les environnements professionnels n\u00e9cessitant une grande capacit\u00e9 et flexibilit\u00e9 dans la gestion des r\u00e9seaux. Ce mod\u00e8le int\u00e8gre <b>24 ports RJ45 Gigabit Ethernet (10\/100\/1000 Mbps)<\/b>, offrant une connectivit\u00e9 fiable et rapide pour plusieurs appareils simultan\u00e9ment, compl\u00e9t\u00e9 par <b>4 modules SFP+<\/b> permettant des connexions fibre optique haut d\u00e9bit pour \u00e9tendre la port\u00e9e et am\u00e9liorer l\u2019efficacit\u00e9 du r\u00e9seau. Sa robuste table d\u2019adresses MAC avec une capacit\u00e9 de <b>32 000 entr\u00e9es<\/b> facilite une gestion avanc\u00e9e du trafic, destin\u00e9e \u00e0 optimiser la segmentation et la s\u00e9curit\u00e9 interne du r\u00e9seau via des protocoles standards tels que <b>IEEE 802.1Q (VLAN), 802.1p (QoS), 802.1x (s\u00e9curit\u00e9 d\u2019acc\u00e8s)<\/b> et d\u2019autres protocoles Ethernet garantissant interop\u00e9rabilit\u00e9 et contr\u00f4le des performances des donn\u00e9es. Avec une <b>capacit\u00e9 de commutation de 168 Gbit\/s<\/b>, ce switch assure des op\u00e9rations sans congestion et une transmission rapide, id\u00e9al pour les r\u00e9seaux demandant une large bande passante, comme bureaux, centres de donn\u00e9es moyens ou installations multim\u00e9dia. Il pr\u00e9sente un design compact de couleur <b>noir<\/b> et est pr\u00eat pour le <b>montage en rack<\/b>, facilitant son int\u00e9gration dans les infrastructures existantes. De plus, le XGS2220-30 supporte des fonctions avanc\u00e9es d\u2019administration et de s\u00e9curit\u00e9, adapt\u00e9es aux professionnels IT n\u00e9cessitant un contr\u00f4le pr\u00e9cis et une \u00e9volutivit\u00e9. En r\u00e9sum\u00e9, le Zyxel XGS2220-30 est une solution de commutation efficace et polyvalente, adapt\u00e9e aux r\u00e9seaux d\u2019entreprise exigeant haute vitesse, gestion compl\u00e8te et fiabilit\u00e9 dans leur infrastructure de communication.<\/p>\n<ul>\n<li>Produit \u00e0 brancher: Oui<\/li>\n<li>Type: Switch<\/li>\n<li>Type de prise: Prise EU<\/li>\n<li>Bloc d\u2019Alimentation:\n<ul>\n<li>r\u00e9seau \u00e9lectrique<\/li>\n<li>Incluses<\/li>\n<\/ul>\n<\/li>\n<li>Couleur: Noir<\/li>\n<li>Connexions:\n<ul>\n<li>RJ45<\/li>\n<li>RJ45 x 24<\/li>\n<li>2<\/li>\n<li>Ethernet LAN<\/li>\n<\/ul>\n<\/li>\n<li>Tension:\n<ul>\n<li>100-240 V<\/li>\n<li>100 &#8211; 240 V<\/li>\n<\/ul>\n<\/li>\n<li>Fr\u00e9quence:\n<ul>\n<li>50-60 Hz<\/li>\n<li>50 &#8211; 60 Hz<\/li>\n<\/ul>\n<\/li>\n<li>M\u00e9moire Flash: 64 MB<\/li>\n<li>Support: Multisupport<\/li>\n<li>Ports: 24<\/li>\n<li>Caract\u00e9ristiques: T\u00e9moin de fonctionnement LED<\/li>\n<li>Compatible: Ordinateurs<\/li>\n<li>Temp\u00e9rature approximative: -40\u00ba \/ 70\u00ba<\/li>\n<li>S\u00e9curit\u00e9: IGMP<\/li>\n<li>Pr\u00e9cision (humidit\u00e9 relative): 10 % &#8211; 95 %<\/li>\n<li>Disque dur: 1 GB<\/li>\n<\/ul>","protected":false},"excerpt":{"rendered":"<p>Si vous \u00eates passionn\u00e9 d&#8217;informatique et d&#8217;\u00e9lectronique, si vous \u00eates \u00e0 la pointe de la technologie et qu&#8217;aucun d\u00e9tail ne vous \u00e9chappe, achetez Switch ZyXEL XGS2220-30-EU0101F au meilleur prix. Le Zyxel XGS2220-30 est un switch manageable de couche 3 con\u00e7u pour les environnements professionnels n\u00e9cessitant une grande capacit\u00e9 et flexibilit\u00e9 dans la gestion des r\u00e9seaux. [&hellip;]<\/p>\n","protected":false},"featured_media":17084,"comment_status":"open","ping_status":"closed","template":"","meta":[],"product_brand":[648],"product_cat":[65,584,585],"product_tag":[106],"class_list":{"0":"post-17087","1":"product","2":"type-product","3":"status-publish","4":"has-post-thumbnail","6":"product_brand-brandp_669","7":"product_cat-informatique-electronique","8":"product_cat-informatique-reseaux-et-composants","9":"product_cat-switch","10":"product_tag-tag_1295","12":"first","13":"instock","14":"taxable","15":"shipping-taxable","16":"purchasable","17":"product-type-simple"},"_links":{"self":[{"href":"https:\/\/bigbuy.tupique.com\/pt\/wp-json\/wp\/v2\/product\/17087","targetHints":{"allow":["GET"]}}],"collection":[{"href":"https:\/\/bigbuy.tupique.com\/pt\/wp-json\/wp\/v2\/product"}],"about":[{"href":"https:\/\/bigbuy.tupique.com\/pt\/wp-json\/wp\/v2\/types\/product"}],"replies":[{"embeddable":true,"href":"https:\/\/bigbuy.tupique.com\/pt\/wp-json\/wp\/v2\/comments?post=17087"}],"wp:featuredmedia":[{"embeddable":true,"href":"https:\/\/bigbuy.tupique.com\/pt\/wp-json\/wp\/v2\/media\/17084"}],"wp:attachment":[{"href":"https:\/\/bigbuy.tupique.com\/pt\/wp-json\/wp\/v2\/media?parent=17087"}],"wp:term":[{"taxonomy":"product_brand","embeddable":true,"href":"https:\/\/bigbuy.tupique.com\/pt\/wp-json\/wp\/v2\/product_brand?post=17087"},{"taxonomy":"product_cat","embeddable":true,"href":"https:\/\/bigbuy.tupique.com\/pt\/wp-json\/wp\/v2\/product_cat?post=17087"},{"taxonomy":"product_tag","embeddable":true,"href":"https:\/\/bigbuy.tupique.com\/pt\/wp-json\/wp\/v2\/product_tag?post=17087"}],"curies":[{"name":"wp","href":"https:\/\/api.w.org\/{rel}","templated":true}]}}