{"id":17052,"date":"2026-03-29T14:15:49","date_gmt":"2026-03-29T13:15:49","guid":{"rendered":"https:\/\/bigbuy.tupique.com\/produto\/laser-printer-canon-i-sensys-mf275dw\/"},"modified":"2026-04-15T00:48:46","modified_gmt":"2026-04-14T23:48:46","slug":"laser-printer-canon-i-sensys-mf275dw","status":"publish","type":"product","link":"https:\/\/bigbuy.tupique.com\/pt\/produto\/laser-printer-canon-i-sensys-mf275dw\/","title":{"rendered":"Imprimante laser Canon I-SENSYS MF275DW"},"content":{"rendered":"<p>Si vous \u00eates passionn\u00e9 d&#8217;<b>informatique et d&#8217;\u00e9lectronique<\/b>, si vous \u00eates \u00e0 la pointe de la technologie et qu&#8217;aucun d\u00e9tail ne vous \u00e9chappe, achetez <b>Imprimante laser Canon I-SENSYS MF275DW<\/b> au meilleur prix.<\/p>\n<p>La <b>imprimante laser Canon I-SENSYS MF275DW<\/b> est un appareil multifonction con\u00e7u pour offrir des solutions efficaces dans des environnements professionnels ou domestiques n\u00e9cessitant une impression en noir et blanc. Cette imprimante laser monochrome se distingue par sa capacit\u00e9 \u00e0 produire des textes et graphiques nets \u00e0 grande vitesse, gr\u00e2ce \u00e0 la technologie laser qui garantit pr\u00e9cision et durabilit\u00e9 \u00e0 chaque impression. Son design compact et fonctionnel permet de gagner de l\u2019espace sans sacrifier les performances, id\u00e9ale pour les petits bureaux ou cabinets professionnels. Elle int\u00e8gre des fonctions d\u2019impression, de copie et de num\u00e9risation, facilitant la gestion documentaire et optimisant le flux de travail. De plus, elle dispose d\u2019une connectivit\u00e9 sans fil permettant d\u2019imprimer directement depuis des appareils mobiles ou des ordinateurs en r\u00e9seau, augmentant sa polyvalence et sa facilit\u00e9 d\u2019utilisation. La <b>Canon I-SENSYS MF275DW<\/b> utilise un toner noir sp\u00e9cifique assurant une qualit\u00e9 constante \u00e0 chaque page tout en contribuant \u00e0 maintenir un co\u00fbt d\u2019impression bas sur le long terme. Sa prise en main intuitive et son \u00e9cran clair simplifient la configuration et le suivi des t\u00e2ches, offrant \u00e0 l\u2019utilisateur une exp\u00e9rience pratique et professionnelle. L\u2019impression en <b>noir et blanc<\/b> en fait une option efficace pour les documents officiels, rapports et travaux n\u00e9cessitant un contraste et une lisibilit\u00e9 maximale sans besoin de couleur. En r\u00e9sum\u00e9, cette imprimante laser repr\u00e9sente un \u00e9quilibre entre qualit\u00e9, fonctionnalit\u00e9 et connectivit\u00e9 pour les utilisateurs recherchant un \u00e9quipement robuste et fiable pour leurs besoins d\u2019impression et de copie.<\/p>\n<ul>\n<li>Type:\n<ul>\n<li>Imprimante laser<\/li>\n<li>Noir et blanc<\/li>\n<\/ul>\n<\/li>\n<li>Produit \u00e0 brancher: Oui<\/li>\n<li>Type de prise: Prise EU<\/li>\n<li>Bloc d\u2019Alimentation: r\u00e9seau \u00e9lectrique<\/li>\n<li>Couleur: Noir<\/li>\n<li>Caract\u00e9ristiques:\n<ul>\n<li>\u00c9cran integr\u00e9<\/li>\n<li>Impression recto verso<\/li>\n<li>Commande tactile<\/li>\n<\/ul>\n<\/li>\n<li>Connexions:\n<ul>\n<li>USB<\/li>\n<li>USB 2.0<\/li>\n<li>Ethernet LAN<\/li>\n<\/ul>\n<\/li>\n<li>Connectivit\u00e9:\n<ul>\n<li>Wi-Fi<\/li>\n<li>Ethernet LAN<\/li>\n<\/ul>\n<\/li>\n<li>R\u00e9solution d&#8217;image maximale:\n<ul>\n<li>600 x 600 dpi<\/li>\n<li>2400 x 600 dpi<\/li>\n<\/ul>\n<\/li>\n<li>Technologie:\n<ul>\n<li>Laser<\/li>\n<li>Apple AirPrint<\/li>\n<\/ul>\n<\/li>\n<li>M\u00e9moire interne: 256 MB<\/li>\n<li>vitesse: 29 ppm<\/li>\n<li>Impression couleur: Non<\/li>\n<li>Scanner: 600 x 600 dpi<\/li>\n<li>Compatible: Linux<\/li>\n<li>Fr\u00e9quence:\n<ul>\n<li>50 &#8211; 60 Hz<\/li>\n<li>1200 Hz<\/li>\n<\/ul>\n<\/li>\n<li>Papier:\n<ul>\n<li>A4<\/li>\n<li>B5<\/li>\n<\/ul>\n<\/li>\n<li>Impression recto verso: Automatique<\/li>\n<li>Plateau: 1<\/li>\n<li>Tension: 220-240 V<\/li>\n<li>Largeur: 39 cm<\/li>\n<li>Capacit\u00e9: 35 Volets<\/li>\n<li>Pr\u00e9cision (humidit\u00e9 relative): 20 % &#8211; 80 %<\/li>\n<li>Taille maximale d&#8217;impression: 216 x 356 mm<\/li>\n<li>Utilisation recommand\u00e9e: Entreprise et commerce<\/li>\n<\/ul>","protected":false},"excerpt":{"rendered":"<p>Si vous \u00eates passionn\u00e9 d&#8217;informatique et d&#8217;\u00e9lectronique, si vous \u00eates \u00e0 la pointe de la technologie et qu&#8217;aucun d\u00e9tail ne vous \u00e9chappe, achetez Imprimante laser Canon I-SENSYS MF275DW au meilleur prix. La imprimante laser Canon I-SENSYS MF275DW est un appareil multifonction con\u00e7u pour offrir des solutions efficaces dans des environnements professionnels ou domestiques n\u00e9cessitant une [&hellip;]<\/p>\n","protected":false},"featured_media":17050,"comment_status":"open","ping_status":"closed","template":"","meta":[],"product_brand":[637],"product_cat":[592,65,581],"product_tag":[213,106],"class_list":{"0":"post-17052","1":"product","2":"type-product","3":"status-publish","4":"has-post-thumbnail","6":"product_brand-brandp_539","7":"product_cat-imprimantes","8":"product_cat-informatique-electronique","9":"product_cat-informatique-peripheriques-et-consommables","10":"product_tag-tag_933","11":"product_tag-tag_1295","13":"first","14":"instock","15":"taxable","16":"shipping-taxable","17":"purchasable","18":"product-type-simple"},"_links":{"self":[{"href":"https:\/\/bigbuy.tupique.com\/pt\/wp-json\/wp\/v2\/product\/17052","targetHints":{"allow":["GET"]}}],"collection":[{"href":"https:\/\/bigbuy.tupique.com\/pt\/wp-json\/wp\/v2\/product"}],"about":[{"href":"https:\/\/bigbuy.tupique.com\/pt\/wp-json\/wp\/v2\/types\/product"}],"replies":[{"embeddable":true,"href":"https:\/\/bigbuy.tupique.com\/pt\/wp-json\/wp\/v2\/comments?post=17052"}],"wp:featuredmedia":[{"embeddable":true,"href":"https:\/\/bigbuy.tupique.com\/pt\/wp-json\/wp\/v2\/media\/17050"}],"wp:attachment":[{"href":"https:\/\/bigbuy.tupique.com\/pt\/wp-json\/wp\/v2\/media?parent=17052"}],"wp:term":[{"taxonomy":"product_brand","embeddable":true,"href":"https:\/\/bigbuy.tupique.com\/pt\/wp-json\/wp\/v2\/product_brand?post=17052"},{"taxonomy":"product_cat","embeddable":true,"href":"https:\/\/bigbuy.tupique.com\/pt\/wp-json\/wp\/v2\/product_cat?post=17052"},{"taxonomy":"product_tag","embeddable":true,"href":"https:\/\/bigbuy.tupique.com\/pt\/wp-json\/wp\/v2\/product_tag?post=17052"}],"curies":[{"name":"wp","href":"https:\/\/api.w.org\/{rel}","templated":true}]}}