{"id":170396,"date":"2026-04-11T03:09:03","date_gmt":"2026-04-11T02:09:03","guid":{"rendered":"https:\/\/bigbuy.tupique.com\/produto\/tv-mount-vogels-rise-2005\/"},"modified":"2026-04-15T00:12:45","modified_gmt":"2026-04-14T23:12:45","slug":"tv-mount-vogels-rise-2005","status":"publish","type":"product","link":"https:\/\/bigbuy.tupique.com\/pt\/produto\/tv-mount-vogels-rise-2005\/","title":{"rendered":"Support de TV Vogel&#8217;s RISE 2005"},"content":{"rendered":"<p>Si vous \u00eates passionn\u00e9 d&#8217;<b>informatique et d&#8217;\u00e9lectronique<\/b>, si vous \u00eates \u00e0 la pointe de la technologie et qu&#8217;aucun d\u00e9tail ne vous \u00e9chappe, achetez <b>Support de TV Vogel&#8217;s RISE 2005<\/b> au meilleur prix.<\/p>\n<p>Le <b>support TV Vogel&#8217;s mod\u00e8le 7320050<\/b> est un <b>support TV \u00e9lectrique<\/b> con\u00e7u pour un montage au sol, offrant une solution robuste et fonctionnelle pour les grands \u00e9crans. Ce support est fabriqu\u00e9 en couleur <b>noir<\/b> et convient aux t\u00e9l\u00e9viseurs d\u2019une taille minimale de <b>65 pouces<\/b> et maximale de <b>86 pouces<\/b>, id\u00e9al pour les \u00e9quipements haut de gamme et les espaces larges. Il supporte un poids maximal de <b>140 kg<\/b>, garantissant stabilit\u00e9 et s\u00e9curit\u00e9 m\u00eame pour les mod\u00e8les les plus lourds. Son design motoris\u00e9 permet d\u2019ajuster la position de l\u2019\u00e9cran de mani\u00e8re confortable et pr\u00e9cise, facilitant une exp\u00e9rience visuelle optimale en environnement professionnel ou domestique. Ce support est pr\u00e9vu pour un seul t\u00e9l\u00e9viseur, avec une configuration qui privil\u00e9gie durabilit\u00e9 et \u00e9l\u00e9gance, sans joints visibles pour une finition plus soign\u00e9e. L\u2019installation inclut les vis n\u00e9cessaires, assurant une fixation solide et durable. Sa construction robuste et sa capacit\u00e9 \u00e0 g\u00e9rer de grands \u00e9crans en font une option fiable pour ceux qui recherchent un support motoris\u00e9 performant et adaptable. En r\u00e9sum\u00e9, le Vogel&#8217;s 7320050 repr\u00e9sente une solution technique avanc\u00e9e pour un montage s\u00fbr et esth\u00e9tique de grands t\u00e9l\u00e9viseurs dans des environnements exigeants.<\/p>\n<ul>\n<li>Type: Support de TV<\/li>\n<li>Couleur: Noir<\/li>\n<li>Caract\u00e9ristiques: \u00c9lectrique<\/li>\n<li>Pouces:\n<ul>\n<li>65&#8243;<\/li>\n<li>86&#8243;<\/li>\n<\/ul>\n<\/li>\n<\/ul>","protected":false},"excerpt":{"rendered":"<p>Si vous \u00eates passionn\u00e9 d&#8217;informatique et d&#8217;\u00e9lectronique, si vous \u00eates \u00e0 la pointe de la technologie et qu&#8217;aucun d\u00e9tail ne vous \u00e9chappe, achetez Support de TV Vogel&#8217;s RISE 2005 au meilleur prix. Le support TV Vogel&#8217;s mod\u00e8le 7320050 est un support TV \u00e9lectrique con\u00e7u pour un montage au sol, offrant une solution robuste et fonctionnelle [&hellip;]<\/p>\n","protected":false},"featured_media":170395,"comment_status":"open","ping_status":"closed","template":"","meta":[],"product_brand":[643],"product_cat":[589,65,590],"product_tag":[210],"class_list":{"0":"post-170396","1":"product","2":"type-product","3":"status-publish","4":"has-post-thumbnail","6":"product_brand-brandp_920","7":"product_cat-electronique-television","8":"product_cat-informatique-electronique","9":"product_cat-supports-de-television","10":"product_tag-tag_25","12":"first","13":"instock","14":"taxable","15":"shipping-taxable","16":"purchasable","17":"product-type-simple"},"_links":{"self":[{"href":"https:\/\/bigbuy.tupique.com\/pt\/wp-json\/wp\/v2\/product\/170396","targetHints":{"allow":["GET"]}}],"collection":[{"href":"https:\/\/bigbuy.tupique.com\/pt\/wp-json\/wp\/v2\/product"}],"about":[{"href":"https:\/\/bigbuy.tupique.com\/pt\/wp-json\/wp\/v2\/types\/product"}],"replies":[{"embeddable":true,"href":"https:\/\/bigbuy.tupique.com\/pt\/wp-json\/wp\/v2\/comments?post=170396"}],"wp:featuredmedia":[{"embeddable":true,"href":"https:\/\/bigbuy.tupique.com\/pt\/wp-json\/wp\/v2\/media\/170395"}],"wp:attachment":[{"href":"https:\/\/bigbuy.tupique.com\/pt\/wp-json\/wp\/v2\/media?parent=170396"}],"wp:term":[{"taxonomy":"product_brand","embeddable":true,"href":"https:\/\/bigbuy.tupique.com\/pt\/wp-json\/wp\/v2\/product_brand?post=170396"},{"taxonomy":"product_cat","embeddable":true,"href":"https:\/\/bigbuy.tupique.com\/pt\/wp-json\/wp\/v2\/product_cat?post=170396"},{"taxonomy":"product_tag","embeddable":true,"href":"https:\/\/bigbuy.tupique.com\/pt\/wp-json\/wp\/v2\/product_tag?post=170396"}],"curies":[{"name":"wp","href":"https:\/\/api.w.org\/{rel}","templated":true}]}}