{"id":16964,"date":"2026-03-29T14:13:39","date_gmt":"2026-03-29T13:13:39","guid":{"rendered":"https:\/\/bigbuy.tupique.com\/produto\/power-inverter-apc-br1200g-fr\/"},"modified":"2026-05-11T20:02:23","modified_gmt":"2026-05-11T18:02:23","slug":"power-inverter-apc-br1200g-fr","status":"publish","type":"product","link":"https:\/\/bigbuy.tupique.com\/pt\/produto\/power-inverter-apc-br1200g-fr\/","title":{"rendered":"Inverseur de puissance APC BR1200G-FR"},"content":{"rendered":"<p>Si vous \u00eates \u00e0 la recherche de nouvelles tendances sur le march\u00e9, nous vous pr\u00e9sentons <b>Inverseur de puissance APC BR1200G-FR<\/b> !<\/p>\n<ul>\n<li>Couleur: Noir<\/li>\n<li>Caract\u00e9ristiques: Alarme<\/li>\n<li>Connexions:\n<ul>\n<li>USB 2.0<\/li>\n<li>RJ45<\/li>\n<\/ul>\n<\/li>\n<li>Tension: 230 V<\/li>\n<li>Entr\u00e9e AC: 50\/60 Hz<\/li>\n<li>puissance: 720 W<\/li>\n<li>Temps de charge approx.: 8 heures<\/li>\n<li>Technologie: VRLA<\/li>\n<li>Niveau sonore: 45 dB<\/li>\n<\/ul>","protected":false},"excerpt":{"rendered":"<p>Si vous \u00eates \u00e0 la recherche de nouvelles tendances sur le march\u00e9, nous vous pr\u00e9sentons Inverseur de puissance APC BR1200G-FR ! Couleur: Noir Caract\u00e9ristiques: Alarme Connexions: USB 2.0 RJ45 Tension: 230 V Entr\u00e9e AC: 50\/60 Hz puissance: 720 W Temps de charge approx.: 8 heures Technologie: VRLA Niveau sonore: 45 dB<\/p>","protected":false},"featured_media":16963,"comment_status":"open","ping_status":"closed","template":"","meta":[],"product_brand":[649],"product_cat":[783,65,581],"product_tag":[59,106],"class_list":{"0":"post-16964","1":"product","2":"type-product","3":"status-publish","4":"has-post-thumbnail","6":"product_brand-brandp_532","7":"product_cat-accessoires-d-informatique","8":"product_cat-informatique-electronique","9":"product_cat-informatique-peripheriques-et-consommables","10":"product_tag-tag_1304","11":"product_tag-tag_1295","13":"first","14":"instock","15":"taxable","16":"shipping-taxable","17":"purchasable","18":"product-type-simple"},"_links":{"self":[{"href":"https:\/\/bigbuy.tupique.com\/pt\/wp-json\/wp\/v2\/product\/16964","targetHints":{"allow":["GET"]}}],"collection":[{"href":"https:\/\/bigbuy.tupique.com\/pt\/wp-json\/wp\/v2\/product"}],"about":[{"href":"https:\/\/bigbuy.tupique.com\/pt\/wp-json\/wp\/v2\/types\/product"}],"replies":[{"embeddable":true,"href":"https:\/\/bigbuy.tupique.com\/pt\/wp-json\/wp\/v2\/comments?post=16964"}],"wp:featuredmedia":[{"embeddable":true,"href":"https:\/\/bigbuy.tupique.com\/pt\/wp-json\/wp\/v2\/media\/16963"}],"wp:attachment":[{"href":"https:\/\/bigbuy.tupique.com\/pt\/wp-json\/wp\/v2\/media?parent=16964"}],"wp:term":[{"taxonomy":"product_brand","embeddable":true,"href":"https:\/\/bigbuy.tupique.com\/pt\/wp-json\/wp\/v2\/product_brand?post=16964"},{"taxonomy":"product_cat","embeddable":true,"href":"https:\/\/bigbuy.tupique.com\/pt\/wp-json\/wp\/v2\/product_cat?post=16964"},{"taxonomy":"product_tag","embeddable":true,"href":"https:\/\/bigbuy.tupique.com\/pt\/wp-json\/wp\/v2\/product_tag?post=16964"}],"curies":[{"name":"wp","href":"https:\/\/api.w.org\/{rel}","templated":true}]}}