{"id":169358,"date":"2026-04-10T23:48:13","date_gmt":"2026-04-10T22:48:13","guid":{"rendered":"https:\/\/bigbuy.tupique.com\/produto\/smartwatch-apple-mehq4zr-a-black-178-o-44-mm\/"},"modified":"2026-04-15T09:10:44","modified_gmt":"2026-04-15T08:10:44","slug":"smartwatch-apple-mehq4zr-a-black-178-o-44-mm","status":"publish","type":"product","link":"https:\/\/bigbuy.tupique.com\/pt\/produto\/smartwatch-apple-mehq4zr-a-black-178-o-44-mm\/","title":{"rendered":"Montre intelligente Apple MEHQ4ZR\/A Noir 1,78&#8243; \u00d8 44 mm"},"content":{"rendered":"<p>Si vous \u00eates passionn\u00e9 d&#8217;<b>informatique et d&#8217;\u00e9lectronique<\/b>, si vous \u00eates \u00e0 la pointe de la technologie et qu&#8217;aucun d\u00e9tail ne vous \u00e9chappe, achetez <b>Montre intelligente Apple MEHQ4ZR\/A Noir 1,78&#8243; \u00d8 44 mm<\/b> au meilleur prix.<\/p>\n<p>La <b>Apple Watch SE 3 GPS<\/b> est une <b>smartwatch<\/b> con\u00e7ue pour ceux qui recherchent des fonctionnalit\u00e9s avanc\u00e9es et un design \u00e9l\u00e9gant au poignet, se distinguant par sa l\u00e9g\u00e8ret\u00e9 gr\u00e2ce \u00e0 son <b>bo\u00eetier en aluminium<\/b> disponible en noir sobre. Ce mod\u00e8le est propos\u00e9 en deux tailles, <b>38 mm et 44 mm<\/b>, s\u2019adaptant ainsi \u00e0 diff\u00e9rentes pr\u00e9f\u00e9rences et offrant un confort tout au long de la journ\u00e9e. Son <b>\u00e9cran tactile<\/b> permet une navigation intuitive parmi les applications et notifications, tandis que la <b>connectivit\u00e9 Bluetooth<\/b> facilite l\u2019association avec l\u2019iPhone et d\u2019autres appareils compatibles de l\u2019\u00e9cosyst\u00e8me Apple. Dot\u00e9e d\u2019un <b>acc\u00e9l\u00e9rom\u00e8tre<\/b> et de <b>haut-parleurs int\u00e9gr\u00e9s<\/b>, cette smartwatch offre des fonctionnalit\u00e9s \u00e9tendues pour le suivi de l\u2019activit\u00e9 physique ainsi que pour la gestion efficace des appels, alarmes et messages, directement depuis le poignet. De plus, le bracelet sport et la robustesse de l\u2019aluminium garantissent durabilit\u00e9 et confort, id\u00e9aux au quotidien comme \u00e0 l\u2019entra\u00eenement. Gr\u00e2ce \u00e0 sa combinaison de technologie intuitive et de design premium, l\u2019Apple Watch SE 3 GPS s\u2019impose comme un choix \u00e9quilibr\u00e9 entre performance, style et praticit\u00e9 dans l\u2019univers des montres connect\u00e9es.<\/p>\n<ul>\n<li>Type de montre: Montre intelligente<\/li>\n<li>Produit \u00e0 brancher: Oui<\/li>\n<li>Type de prise: Prise EU<\/li>\n<li>Bloc d\u2019Alimentation: r\u00e9seau \u00e9lectrique<\/li>\n<li>Couleur: Noir<\/li>\n<li>M\u00e9moire interne: 64 GB<\/li>\n<li>Processeur: Dual Core<\/li>\n<li>Ecran: 1,78&#8243;<\/li>\n<li>Mati\u00e8re: Aluminium<\/li>\n<li>Caract\u00e9ristiques:\n<ul>\n<li>Acc\u00e9l\u00e9rom\u00e8tre<\/li>\n<li>Haut-parleurs int\u00e9gr\u00e9s<\/li>\n<li>Ecran tactile<\/li>\n<li>Capteur de lumi\u00e8re ambiante<\/li>\n<li>Gyroscope<\/li>\n<li>Altim\u00e8tre<\/li>\n<li>Microphone int\u00e9gr\u00e9<\/li>\n<li>Capteur optique<\/li>\n<li>Distance parcourue<\/li>\n<li>Moniteur de Sommeil<\/li>\n<li>Charge magn\u00e9tique<\/li>\n<li>Multisport<\/li>\n<li>\u00c9cran avec coins arrondis<\/li>\n<\/ul>\n<\/li>\n<li>Fonctions:\n<ul>\n<li>\u00c9cran couleur<\/li>\n<li>Moniteur de Sommeil<\/li>\n<li>Moniteur de fr\u00e9quence cardiaque<\/li>\n<\/ul>\n<\/li>\n<li>Type de batterie:\n<ul>\n<li>Int\u00e9gr\u00e9e<\/li>\n<li>Litio Ion<\/li>\n<\/ul>\n<\/li>\n<li>Connectivit\u00e9:\n<ul>\n<li>Bluetooth<\/li>\n<li>Wi-Fi<\/li>\n<li>GPS<\/li>\n<li>NFC<\/li>\n<li>Galileo<\/li>\n<li>Bluetooth Low Energy<\/li>\n<li>Bluetooth 5.3<\/li>\n<\/ul>\n<\/li>\n<li>Compatible: Siri<\/li>\n<li>Forme: Rectangulaire<\/li>\n<li>Cam\u00e9ra\/Appareil Photo: Non<\/li>\n<li>Chargeur sans fil: Oui<\/li>\n<li>Brille: 1000 cd\/m\u00b2<\/li>\n<li>Radio FM: Non<\/li>\n<li>R\u00e9sistant \u00e0 l&#8217;eau: 50 m<\/li>\n<li>Technologie: OLED<\/li>\n<li>Connexion USB: Non<\/li>\n<li>Sangle: Amovible<\/li>\n<li>Non Inclus: Connexion au r\u00e9seau mobile<\/li>\n<li>R\u00e9solution: 368 x 448 px<\/li>\n<li>M\u00e9moire Flash: 64 MB<\/li>\n<li>Noyaux: 4 Noyaux<\/li>\n<li>Diam\u00e8tre du bo\u00eetier de la montre: \u00d8 44 mm<\/li>\n<\/ul>","protected":false},"excerpt":{"rendered":"<p>Si vous \u00eates passionn\u00e9 d&#8217;informatique et d&#8217;\u00e9lectronique, si vous \u00eates \u00e0 la pointe de la technologie et qu&#8217;aucun d\u00e9tail ne vous \u00e9chappe, achetez Montre intelligente Apple MEHQ4ZR\/A Noir 1,78&#8243; \u00d8 44 mm au meilleur prix. La Apple Watch SE 3 GPS est une smartwatch con\u00e7ue pour ceux qui recherchent des fonctionnalit\u00e9s avanc\u00e9es et un design [&hellip;]<\/p>\n","protected":false},"featured_media":169341,"comment_status":"open","ping_status":"closed","template":"","meta":[],"product_brand":[979],"product_cat":[575,65,748],"product_tag":[103,566,106],"class_list":{"0":"post-169358","1":"product","2":"type-product","3":"status-publish","4":"has-post-thumbnail","6":"product_brand-brandp_533","7":"product_cat-electronique-telephonie-et-tablettes","8":"product_cat-informatique-electronique","9":"product_cat-smartwatches","10":"product_tag-tag_1261","11":"product_tag-tag_547","12":"product_tag-tag_1295","14":"first","15":"instock","16":"taxable","17":"shipping-taxable","18":"purchasable","19":"product-type-simple"},"_links":{"self":[{"href":"https:\/\/bigbuy.tupique.com\/pt\/wp-json\/wp\/v2\/product\/169358","targetHints":{"allow":["GET"]}}],"collection":[{"href":"https:\/\/bigbuy.tupique.com\/pt\/wp-json\/wp\/v2\/product"}],"about":[{"href":"https:\/\/bigbuy.tupique.com\/pt\/wp-json\/wp\/v2\/types\/product"}],"replies":[{"embeddable":true,"href":"https:\/\/bigbuy.tupique.com\/pt\/wp-json\/wp\/v2\/comments?post=169358"}],"wp:featuredmedia":[{"embeddable":true,"href":"https:\/\/bigbuy.tupique.com\/pt\/wp-json\/wp\/v2\/media\/169341"}],"wp:attachment":[{"href":"https:\/\/bigbuy.tupique.com\/pt\/wp-json\/wp\/v2\/media?parent=169358"}],"wp:term":[{"taxonomy":"product_brand","embeddable":true,"href":"https:\/\/bigbuy.tupique.com\/pt\/wp-json\/wp\/v2\/product_brand?post=169358"},{"taxonomy":"product_cat","embeddable":true,"href":"https:\/\/bigbuy.tupique.com\/pt\/wp-json\/wp\/v2\/product_cat?post=169358"},{"taxonomy":"product_tag","embeddable":true,"href":"https:\/\/bigbuy.tupique.com\/pt\/wp-json\/wp\/v2\/product_tag?post=169358"}],"curies":[{"name":"wp","href":"https:\/\/api.w.org\/{rel}","templated":true}]}}