{"id":167617,"date":"2026-04-10T19:27:41","date_gmt":"2026-04-10T18:27:41","guid":{"rendered":"https:\/\/bigbuy.tupique.com\/produto\/switch-d-link-dxs-1210-28s-24-x-10g-sfp\/"},"modified":"2026-05-11T19:59:05","modified_gmt":"2026-05-11T17:59:05","slug":"switch-d-link-dxs-1210-28s-24-x-10g-sfp","status":"publish","type":"product","link":"https:\/\/bigbuy.tupique.com\/pt\/produto\/switch-d-link-dxs-1210-28s-24-x-10g-sfp\/","title":{"rendered":"Switch D-Link DXS-1210-28S 24 X 10G SFP+"},"content":{"rendered":"<p>Si vous \u00eates passionn\u00e9 d&#8217;<b>informatique et d&#8217;\u00e9lectronique<\/b>, si vous \u00eates \u00e0 la pointe de la technologie et qu&#8217;aucun d\u00e9tail ne vous \u00e9chappe, achetez <b>Switch D-Link DXS-1210-28S 24 X 10G SFP+<\/b> au meilleur prix.<\/p>\n<ul>\n<li>Connexions:\n<ul>\n<li>10GBase-T x 4<\/li>\n<li>RJ45<\/li>\n<\/ul>\n<\/li>\n<li>Poids approx.: 3,3 kg<\/li>\n<li>Dimensions approx.: 44,1 x 20,95 x 4,4 cm<\/li>\n<li>Tension d&#8217;entr\u00e9e AC: 100-240V<\/li>\n<li>Produit \u00e0 brancher: Oui<\/li>\n<li>Type de prise: Prise EU<\/li>\n<li>Type: Switch<\/li>\n<li>Bloc d\u2019Alimentation: r\u00e9seau \u00e9lectrique<\/li>\n<li>Couleur: Noir<\/li>\n<li>Tension:\n<ul>\n<li>100-240 V<\/li>\n<li>100 &#8211; 240 V<\/li>\n<\/ul>\n<\/li>\n<li>Ventillateur: 2<\/li>\n<li>Caract\u00e9ristiques: T\u00e9moin LED<\/li>\n<li>Ports: 24<\/li>\n<li>Facteur de forme: 1U<\/li>\n<li>Temp\u00e9rature approximative: &#8211; 20\u00baC \/ 70\u00b0C<\/li>\n<li>S\u00e9curit\u00e9: IGMP<\/li>\n<\/ul>\n<p><\/p>\n<p>D-Link DXS-1210-28S. Type de commutateur: G\u00e9r\u00e9. Type de port Ethernet RJ-45 de commutation de base: 10G Ethernet (100\/1000\/10000), Quantit\u00e9 de ports Ethernet RJ-45 de commutation de base: 4, Port de console: RJ-45. R\u00e9pertoire MAC: 32000 entr\u00e9es, Capacit\u00e9 de commutation: 560 Gbit\/s. Standards r\u00e9seau: IEEE 802.3ab,IEEE 802.3ae,IEEE 802.3an,IEEE 802.3az,IEEE 802.3u,IEEE 802.3z. Grille de montage, Format: 1U<\/p>\n<p><\/p>\n<ul>\n<li>Type de commutateur: G\u00e9r\u00e9<\/li>\n<li>Qualit\u00e9 de service (QoS): Oui<\/li>\n<li>Gestion bas\u00e9e sur le web: Oui<\/li>\n<li>Quantit\u00e9 de ports Ethernet RJ-45 de commutation de base: 4<\/li>\n<li>Type de port Ethernet RJ-45 de commutation de base: 10G Ethernet (100\/1000\/10000)<\/li>\n<li>Quantit\u00e9s d&#8217;emplacements de module SFP+: 24<\/li>\n<li>Port de console: RJ-45<\/li>\n<li>Standards r\u00e9seau: IEEE 802.3ab,IEEE 802.3ae,IEEE 802.3an,IEEE 802.3az,IEEE 802.3u,IEEE 802.3z<\/li>\n<li>Soutien 10G: Oui<\/li>\n<li>Types de c\u00e2bles soutenus: Cat6,Cat6a,Cat7<\/li>\n<li>Port mirroring (Mise en miroir des ports): Oui<\/li>\n<li>Assistance contr\u00f4le des flux: Oui<\/li>\n<li>Agr\u00e9gation de lien: Oui<\/li>\n<li>Auto MDI\/MDI-X: Oui<\/li>\n<li>Protocles Spanning Tree (STP): Oui<\/li>\n<li>Support VLAN: Oui<\/li>\n<li>Nombre de VLANs: 4094<\/li>\n<li>R\u00e9pertoire MAC: 32000 entr\u00e9es<\/li>\n<li>Capacit\u00e9 de commutation: 560 Gbit\/s<\/li>\n<li>D\u00e9bit: 416,64 Mpps<\/li>\n<li>Enregistrement-et-r\u00e9\u00e9mission: Oui<\/li>\n<li>Support de trames \u00e9tendues (Jumbo Frames): Oui<\/li>\n<li>Trames g\u00e9antes: 9000<\/li>\n<li>Liste de contr\u00f4le d&#8217;acc\u00e8s (ACL): Oui<\/li>\n<li>R\u00e8gles de listes de contr\u00f4le d&#8217;acc\u00e8s: 256<\/li>\n<li>Filtrage IGMP: Oui<\/li>\n<li>Protocoles de gestion: SNMP v1\/v2c\/v3<\/li>\n<li>Protocole d&#8217;enregistrement GARP VLAN (GVRP): Oui<\/li>\n<li>Grille de montage: Oui<\/li>\n<li>Format: 1U<\/li>\n<li>Couleur du produit: Noir<\/li>\n<li>Voyants: Activit\u00e9, Liaison, Vitesse<\/li>\n<li>Nombre de ventilateurs: 2 ventilateur(s)<\/li>\n<li>Certification: CE Class A<br \/>\nFCC Class A<br \/>\nVCCI Class A<br \/>\nIC<br \/>\nBSMI<\/li>\n<li>Tension d&#8217;entr\u00e9e AC: 100 &#8211; 240 V<\/li>\n<li>Consommation (max): 85,7 W<\/li>\n<li>Connexion Ethernet, supportant l&#8217;alimentation via ce port (PoE): Non<\/li>\n<li>Temp\u00e9rature d&#8217;op\u00e9ration: -5 &#8211; 50 \u00b0C<\/li>\n<li>Temp\u00e9rature hors fonctionnement: -20 &#8211; 70 \u00b0C<\/li>\n<li>Taux d&#8217;humidit\u00e9 de fonctionnement: 0 &#8211; 95%<\/li>\n<li>Taux d&#8217;humidit\u00e9 relative (stockage): 0 &#8211; 95%<\/li>\n<li>Largeur: 441 mm<\/li>\n<li>Profondeur: 209,5 mm<\/li>\n<li>Hauteur: 44 mm<\/li>\n<li>Poids: 3,27 kg<\/li>\n<li>Manuel d&#8217;utilisation: Oui<\/li>\n<\/ul>","protected":false},"excerpt":{"rendered":"<p>Si vous \u00eates passionn\u00e9 d&#8217;informatique et d&#8217;\u00e9lectronique, si vous \u00eates \u00e0 la pointe de la technologie et qu&#8217;aucun d\u00e9tail ne vous \u00e9chappe, achetez Switch D-Link DXS-1210-28S 24 X 10G SFP+ au meilleur prix. Connexions: 10GBase-T x 4 RJ45 Poids approx.: 3,3 kg Dimensions approx.: 44,1 x 20,95 x 4,4 cm Tension d&#8217;entr\u00e9e AC: 100-240V Produit [&hellip;]<\/p>\n","protected":false},"featured_media":167613,"comment_status":"open","ping_status":"closed","template":"","meta":[],"product_brand":[640],"product_cat":[65,584,585],"product_tag":[106],"class_list":{"0":"post-167617","1":"product","2":"type-product","3":"status-publish","4":"has-post-thumbnail","6":"product_brand-brandp_543","7":"product_cat-informatique-electronique","8":"product_cat-informatique-reseaux-et-composants","9":"product_cat-switch","10":"product_tag-tag_1295","12":"first","13":"instock","14":"taxable","15":"shipping-taxable","16":"purchasable","17":"product-type-simple"},"_links":{"self":[{"href":"https:\/\/bigbuy.tupique.com\/pt\/wp-json\/wp\/v2\/product\/167617","targetHints":{"allow":["GET"]}}],"collection":[{"href":"https:\/\/bigbuy.tupique.com\/pt\/wp-json\/wp\/v2\/product"}],"about":[{"href":"https:\/\/bigbuy.tupique.com\/pt\/wp-json\/wp\/v2\/types\/product"}],"replies":[{"embeddable":true,"href":"https:\/\/bigbuy.tupique.com\/pt\/wp-json\/wp\/v2\/comments?post=167617"}],"wp:featuredmedia":[{"embeddable":true,"href":"https:\/\/bigbuy.tupique.com\/pt\/wp-json\/wp\/v2\/media\/167613"}],"wp:attachment":[{"href":"https:\/\/bigbuy.tupique.com\/pt\/wp-json\/wp\/v2\/media?parent=167617"}],"wp:term":[{"taxonomy":"product_brand","embeddable":true,"href":"https:\/\/bigbuy.tupique.com\/pt\/wp-json\/wp\/v2\/product_brand?post=167617"},{"taxonomy":"product_cat","embeddable":true,"href":"https:\/\/bigbuy.tupique.com\/pt\/wp-json\/wp\/v2\/product_cat?post=167617"},{"taxonomy":"product_tag","embeddable":true,"href":"https:\/\/bigbuy.tupique.com\/pt\/wp-json\/wp\/v2\/product_tag?post=167617"}],"curies":[{"name":"wp","href":"https:\/\/api.w.org\/{rel}","templated":true}]}}