{"id":167481,"date":"2026-04-10T19:14:31","date_gmt":"2026-04-10T18:14:31","guid":{"rendered":"https:\/\/bigbuy.tupique.com\/produto\/mens-watch-certina-c034654110470-blue\/"},"modified":"2026-04-15T09:10:38","modified_gmt":"2026-04-15T08:10:38","slug":"mens-watch-certina-c034654110470-blue","status":"publish","type":"product","link":"https:\/\/bigbuy.tupique.com\/pt\/produto\/mens-watch-certina-c034654110470-blue\/","title":{"rendered":"Montre Homme Certina C034654110470 Bleu"},"content":{"rendered":"<p>Si vous aimez suivre les derni\u00e8res tendances en mati\u00e8re de mode et accessoires, achetez <b>Montre Homme Certina C034654110470 Bleu<\/b> au meilleur prix.<\/p>\n<p>La <b>montre homme<\/b> Certina C034654110470 incarne la pr\u00e9cision et l\u2019\u00e9l\u00e9gance suisses, con\u00e7ue pour ceux qui recherchent un accessoire fiable et distingu\u00e9 au quotidien. Sa <b>fabrication suisse<\/b> garantit un haut niveau de qualit\u00e9 et de durabilit\u00e9, tandis que le <b>bracelet en acier inoxydable<\/b> assure r\u00e9sistance et confort m\u00eame lors d\u2019un port prolong\u00e9. Ce mod\u00e8le se distingue par son <b>cadran bleu<\/b> qui apporte une touche moderne et sophistiqu\u00e9e, encadr\u00e9 par un bo\u00eetier et un bracelet de <b>couleur argent\u00e9e<\/b>, id\u00e9al pour des tenues formelles ou d\u00e9contract\u00e9es. La <b>fermeture papillon<\/b> offre un ajustement s\u00fbr et facile \u00e0 manipuler, renfor\u00e7ant la robustesse et la praticit\u00e9. Gr\u00e2ce \u00e0 son <b>\u00e9tanch\u00e9it\u00e9 de 10 atm<\/b>, cette montre peut \u00eatre port\u00e9e lors d\u2019activit\u00e9s quotidiennes, sportives ou de loisirs sans crainte du contact avec l\u2019eau, tout en conservant sa fonctionnalit\u00e9 et son esth\u00e9tique. Son design sobre, alli\u00e9 \u00e0 des mat\u00e9riaux s\u00e9lectionn\u00e9s et au savoir-faire suisse, en fait un accessoire de choix pour les hommes appr\u00e9ciant la technologie et le style. Avec ce mod\u00e8le, Certina confirme son engagement envers l\u2019excellence de l\u2019horlogerie masculine, proposant une pi\u00e8ce \u00e9quilibr\u00e9e entre design intemporel et fonctionnalit\u00e9 avanc\u00e9e.<\/p>\n<ul>\n<li>Genre: Homme<\/li>\n<li>Liens suppl\u00e9mentaires: Non<\/li>\n<li>Type de montre: Montre-bracelet<\/li>\n<li>Inclut: Inclut un \u00e9tui ou une housse de la marque<\/li>\n<li>Diam\u00e8tre du bo\u00eetier de la montre: \u00d8 42 mm<\/li>\n<li>Mat\u00e9riau du bracelet: Acier inoxydable<\/li>\n<li>Mat\u00e9riau du bo\u00eetier de la montre: Acier inoxydable<\/li>\n<li>Type de mouvement: Quartz<\/li>\n<li>Imperm\u00e9abilit\u00e9: 10 atm<\/li>\n<li>Couleur du cadran: Bleu<\/li>\n<li>Couleur:\n<ul>\n<li>Argent\u00e9<\/li>\n<li>Bleu<\/li>\n<\/ul>\n<\/li>\n<li>Type de fermeture: Papillon<\/li>\n<li>Verre: Saphir<\/li>\n<\/ul>","protected":false},"excerpt":{"rendered":"<p>Si vous aimez suivre les derni\u00e8res tendances en mati\u00e8re de mode et accessoires, achetez Montre Homme Certina C034654110470 Bleu au meilleur prix. La montre homme Certina C034654110470 incarne la pr\u00e9cision et l\u2019\u00e9l\u00e9gance suisses, con\u00e7ue pour ceux qui recherchent un accessoire fiable et distingu\u00e9 au quotidien. Sa fabrication suisse garantit un haut niveau de qualit\u00e9 et [&hellip;]<\/p>\n","protected":false},"featured_media":168753,"comment_status":"open","ping_status":"closed","template":"","meta":[],"product_brand":[822],"product_cat":[544,574,545],"product_tag":[103,543],"class_list":{"0":"post-167481","1":"product","2":"type-product","3":"status-publish","4":"has-post-thumbnail","6":"product_brand-brandp_817","7":"product_cat-mode-accessoires","8":"product_cat-montres-homme","9":"product_cat-montres-bracelets","10":"product_tag-tag_1261","11":"product_tag-tag_61","13":"first","14":"instock","15":"taxable","16":"shipping-taxable","17":"purchasable","18":"product-type-simple"},"_links":{"self":[{"href":"https:\/\/bigbuy.tupique.com\/pt\/wp-json\/wp\/v2\/product\/167481","targetHints":{"allow":["GET"]}}],"collection":[{"href":"https:\/\/bigbuy.tupique.com\/pt\/wp-json\/wp\/v2\/product"}],"about":[{"href":"https:\/\/bigbuy.tupique.com\/pt\/wp-json\/wp\/v2\/types\/product"}],"replies":[{"embeddable":true,"href":"https:\/\/bigbuy.tupique.com\/pt\/wp-json\/wp\/v2\/comments?post=167481"}],"wp:featuredmedia":[{"embeddable":true,"href":"https:\/\/bigbuy.tupique.com\/pt\/wp-json\/wp\/v2\/media\/168753"}],"wp:attachment":[{"href":"https:\/\/bigbuy.tupique.com\/pt\/wp-json\/wp\/v2\/media?parent=167481"}],"wp:term":[{"taxonomy":"product_brand","embeddable":true,"href":"https:\/\/bigbuy.tupique.com\/pt\/wp-json\/wp\/v2\/product_brand?post=167481"},{"taxonomy":"product_cat","embeddable":true,"href":"https:\/\/bigbuy.tupique.com\/pt\/wp-json\/wp\/v2\/product_cat?post=167481"},{"taxonomy":"product_tag","embeddable":true,"href":"https:\/\/bigbuy.tupique.com\/pt\/wp-json\/wp\/v2\/product_tag?post=167481"}],"curies":[{"name":"wp","href":"https:\/\/api.w.org\/{rel}","templated":true}]}}