{"id":167316,"date":"2026-04-10T18:59:20","date_gmt":"2026-04-10T17:59:20","guid":{"rendered":"https:\/\/bigbuy.tupique.com\/produto\/vacuum-cleaner-bissell-spotclean-3697n\/"},"modified":"2026-04-15T09:10:35","modified_gmt":"2026-04-15T08:10:35","slug":"vacuum-cleaner-bissell-spotclean-3697n","status":"publish","type":"product","link":"https:\/\/bigbuy.tupique.com\/pt\/produto\/vacuum-cleaner-bissell-spotclean-3697n\/","title":{"rendered":"Aspirateur Bissell SPOTCLEAN 3697N"},"content":{"rendered":"<p>Si vous aimez prendre soin de chaque d\u00e9tail de votre maison et d&#8217;\u00eatre \u00e0 la derni\u00e8re mode en mati\u00e8re de produits qui vous rendront la vie plus facile, achetez <b>Aspirateur Bissell SPOTCLEAN 3697N<\/b> au meilleur prix.<\/p>\n<p>Le <b>aspirateur<\/b> Bissell est un appareil con\u00e7u pour offrir un nettoyage efficace et polyvalent \u00e0 la maison et dans la voiture, se distinguant par sa robuste <b>puissance de 1100 W<\/b> garantissant une haute performance dans l\u2019\u00e9limination de la salet\u00e9. Il pr\u00e9sente un design compact et fonctionnel de couleur <b>gris<\/b>, avec une largeur de travail de <b>25 cm<\/b>, id\u00e9al pour faciliter l\u2019acc\u00e8s dans les espaces r\u00e9duits et sur les surfaces complexes. Son c\u00e2ble d\u2019alimentation de <b>7,5 m\u00e8tres<\/b> offre flexibilit\u00e9 et autonomie de mouvement sans avoir \u00e0 changer constamment de prise. De plus, le mod\u00e8le maintient un niveau sonore mod\u00e9r\u00e9 de <b>76 dB<\/b>, \u00e9quilibrant puissance et confort acoustique pour ne pas perturber la routine quotidienne lors de son utilisation. Bien que son m\u00e9canisme principal soit l\u2019aspiration, il est con\u00e7u pour s\u2019adapter \u00e0 diff\u00e9rents types de surfaces gr\u00e2ce \u00e0 ses fonctions sp\u00e9cialis\u00e9es et modes de nettoyage r\u00e9glables, convenant aux tapis, aux tissus d\u2019ameublement de voiture et aux sols durs comme le carrelage. Sa structure permet une manipulation simple, favorisant un nettoyage en profondeur et l\u2019\u00e9limination efficace des taches et r\u00e9sidus. Le rapport entre puissance, taille et niveau sonore en fait une solution pratique pour les utilisateurs recherchant un aspirateur alliant fonctionnalit\u00e9, maniabilit\u00e9 et un usage moins bruyant que d\u2019autres mod\u00e8les traditionnels. Dans l\u2019ensemble, cet appareil Bissell repr\u00e9sente une alternative comp\u00e9tente et polyvalente dans le segment des aspirateurs domestiques, avec des caract\u00e9ristiques optimis\u00e9es pour un nettoyage d\u00e9taill\u00e9 et l\u2019entretien courant de diverses surfaces.<\/p>\n<ul>\n<li>Type: Aspirateur<\/li>\n<li>Longueur du c\u00e2ble:\n<ul>\n<li>7,5 m<\/li>\n<li>4,5 m<\/li>\n<\/ul>\n<\/li>\n<li>Niveau sonore:\n<ul>\n<li>76 dB<\/li>\n<li>73 dB<\/li>\n<\/ul>\n<\/li>\n<li>Couleur:\n<ul>\n<li>Gris<\/li>\n<li>Argent\u00e9<\/li>\n<\/ul>\n<\/li>\n<li>Largeur: 27 cm<\/li>\n<li>Profondeur: 25 cm<\/li>\n<li>Vapeur continue: 110 g\/min<\/li>\n<li>Dimensions approx.:\n<ul>\n<li>27 cm<\/li>\n<li>25 cm<\/li>\n<\/ul>\n<\/li>\n<li>Caract\u00e9ristiques: Humide et sec<\/li>\n<li>Inclut: Manuel de l&#8217;utilisateur<\/li>\n<li>Utilisation recommand\u00e9e: Maison<\/li>\n<li>Longueur du Tuyau: 1,5 m<\/li>\n<li>Poids approx.: 5,9 Kg<\/li>\n<li>Capacit\u00e9:\n<ul>\n<li>820 ml<\/li>\n<li>1,9 L<\/li>\n<\/ul>\n<\/li>\n<li>puissance: 1000 W<\/li>\n<li>Bloc d\u2019Alimentation: C\u00e2ble \u00e9lectrique<\/li>\n<\/ul>","protected":false},"excerpt":{"rendered":"<p>Si vous aimez prendre soin de chaque d\u00e9tail de votre maison et d&#8217;\u00eatre \u00e0 la derni\u00e8re mode en mati\u00e8re de produits qui vous rendront la vie plus facile, achetez Aspirateur Bissell SPOTCLEAN 3697N au meilleur prix. Le aspirateur Bissell est un appareil con\u00e7u pour offrir un nettoyage efficace et polyvalent \u00e0 la maison et dans [&hellip;]<\/p>\n","protected":false},"featured_media":167293,"comment_status":"open","ping_status":"closed","template":"","meta":[],"product_brand":[817],"product_cat":[762,239,240],"product_tag":[56],"class_list":{"0":"post-167316","1":"product","2":"type-product","3":"status-publish","4":"has-post-thumbnail","6":"product_brand-brandp_3102","7":"product_cat-aspirateurs-et-robots","8":"product_cat-maison-jardin","9":"product_cat-nettoyage-aspirateur-et-repassage","10":"product_tag-tag_930","12":"first","13":"instock","14":"taxable","15":"shipping-taxable","16":"purchasable","17":"product-type-simple"},"_links":{"self":[{"href":"https:\/\/bigbuy.tupique.com\/pt\/wp-json\/wp\/v2\/product\/167316","targetHints":{"allow":["GET"]}}],"collection":[{"href":"https:\/\/bigbuy.tupique.com\/pt\/wp-json\/wp\/v2\/product"}],"about":[{"href":"https:\/\/bigbuy.tupique.com\/pt\/wp-json\/wp\/v2\/types\/product"}],"replies":[{"embeddable":true,"href":"https:\/\/bigbuy.tupique.com\/pt\/wp-json\/wp\/v2\/comments?post=167316"}],"wp:featuredmedia":[{"embeddable":true,"href":"https:\/\/bigbuy.tupique.com\/pt\/wp-json\/wp\/v2\/media\/167293"}],"wp:attachment":[{"href":"https:\/\/bigbuy.tupique.com\/pt\/wp-json\/wp\/v2\/media?parent=167316"}],"wp:term":[{"taxonomy":"product_brand","embeddable":true,"href":"https:\/\/bigbuy.tupique.com\/pt\/wp-json\/wp\/v2\/product_brand?post=167316"},{"taxonomy":"product_cat","embeddable":true,"href":"https:\/\/bigbuy.tupique.com\/pt\/wp-json\/wp\/v2\/product_cat?post=167316"},{"taxonomy":"product_tag","embeddable":true,"href":"https:\/\/bigbuy.tupique.com\/pt\/wp-json\/wp\/v2\/product_tag?post=167316"}],"curies":[{"name":"wp","href":"https:\/\/api.w.org\/{rel}","templated":true}]}}