{"id":16727,"date":"2026-03-29T13:57:37","date_gmt":"2026-03-29T12:57:37","guid":{"rendered":"https:\/\/bigbuy.tupique.com\/produto\/nas-network-storage-qnap-ts-864eu-rp-8g-black-intel-celeron\/"},"modified":"2026-05-11T19:59:26","modified_gmt":"2026-05-11T17:59:26","slug":"nas-network-storage-qnap-ts-864eu-rp-8g-black-intel-celeron","status":"publish","type":"product","link":"https:\/\/bigbuy.tupique.com\/pt\/produto\/nas-network-storage-qnap-ts-864eu-rp-8g-black-intel-celeron\/","title":{"rendered":"Stockage en R\u00e9seau NAS Qnap TS-864EU-RP-8G Noir Intel Celeron"},"content":{"rendered":"<p>Si vous \u00eates passionn\u00e9 d&#8217;<b>informatique et d&#8217;\u00e9lectronique<\/b>, si vous \u00eates \u00e0 la pointe de la technologie et qu&#8217;aucun d\u00e9tail ne vous \u00e9chappe, achetez <b>Stockage en R\u00e9seau NAS Qnap TS-864EU-RP-8G Noir Intel Celeron<\/b> au meilleur prix.<\/p>\n<ul>\n<li>Connexions:\n<ul>\n<li>Ethernet LAN<\/li>\n<li>SO-DIMM<\/li>\n<li>HDMI<\/li>\n<li>USB 2.0<\/li>\n<li>RJ45 x 2<\/li>\n<li>2<\/li>\n<li>USB<\/li>\n<li>RJ45<\/li>\n<li>HDMI 1.4<\/li>\n<li>USB A 3.2 Gen 2 (3.1 Gen 2) x 2<\/li>\n<\/ul>\n<\/li>\n<li>Produit \u00e0 brancher: Oui<\/li>\n<li>Type de prise: Prise EU<\/li>\n<li>Bloc d\u2019Alimentation:\n<ul>\n<li>r\u00e9seau \u00e9lectrique<\/li>\n<li>300 W<\/li>\n<li>Int\u00e9rieur<\/li>\n<\/ul>\n<\/li>\n<li>Type:\n<ul>\n<li>DDR4<\/li>\n<li>NAS<\/li>\n<li>HDD\/SSD<\/li>\n<\/ul>\n<\/li>\n<li>Couleur: Noir<\/li>\n<li>Processeur:\n<ul>\n<li>Intel Celeron<\/li>\n<li>Intel Celeron N5095<\/li>\n<\/ul>\n<\/li>\n<li>M\u00e9moire RAM: 8 GB RAM<\/li>\n<li>Tension:\n<ul>\n<li>100-240 V<\/li>\n<li>12 V<\/li>\n<li>100 &#8211; 240 V<\/li>\n<\/ul>\n<\/li>\n<li>Compatible:\n<ul>\n<li>HDD\/SSD<\/li>\n<li>2,5&#8243;-3,5&#8243;<\/li>\n<li>Windows<\/li>\n<li>PC<\/li>\n<\/ul>\n<\/li>\n<li>Caract\u00e9ristiques:\n<ul>\n<li>Interrupteur marche\/arr\u00eat<\/li>\n<li>T\u00e9moin de fonctionnement LED<\/li>\n<li>Vibromasseur<\/li>\n<\/ul>\n<\/li>\n<li>Ventillateur: 2<\/li>\n<li>Connectivit\u00e9: Ethernet LAN<\/li>\n<li>Type de m\u00e9moire: DDR4<\/li>\n<li>diam\u00e8tre approx.: \u00d8 80 cm<\/li>\n<li>Facteur de forme: SO-DIMM<\/li>\n<li>M\u00e9moire: x 2<\/li>\n<li>Temp\u00e9rature approximative: &#8211; 20\u00baC \/ 70\u00b0C<\/li>\n<li>Noyaux: 4 Noyaux<\/li>\n<li>Famille de processeurs:\n<ul>\n<li>Intel Celeron<\/li>\n<li>Intel<\/li>\n<\/ul>\n<\/li>\n<\/ul>","protected":false},"excerpt":{"rendered":"<p>Si vous \u00eates passionn\u00e9 d&#8217;informatique et d&#8217;\u00e9lectronique, si vous \u00eates \u00e0 la pointe de la technologie et qu&#8217;aucun d\u00e9tail ne vous \u00e9chappe, achetez Stockage en R\u00e9seau NAS Qnap TS-864EU-RP-8G Noir Intel Celeron au meilleur prix. Connexions: Ethernet LAN SO-DIMM HDMI USB 2.0 RJ45 x 2 2 USB RJ45 HDMI 1.4 USB A 3.2 Gen 2 [&hellip;]<\/p>\n","protected":false},"featured_media":16725,"comment_status":"open","ping_status":"closed","template":"","meta":[],"product_brand":[646],"product_cat":[588,65,584],"product_tag":[106],"class_list":{"0":"post-16727","1":"product","2":"type-product","3":"status-publish","4":"has-post-thumbnail","6":"product_brand-brandp_4747","7":"product_cat-disques-durs","8":"product_cat-informatique-electronique","9":"product_cat-informatique-reseaux-et-composants","10":"product_tag-tag_1295","12":"first","13":"instock","14":"taxable","15":"shipping-taxable","16":"purchasable","17":"product-type-simple"},"_links":{"self":[{"href":"https:\/\/bigbuy.tupique.com\/pt\/wp-json\/wp\/v2\/product\/16727","targetHints":{"allow":["GET"]}}],"collection":[{"href":"https:\/\/bigbuy.tupique.com\/pt\/wp-json\/wp\/v2\/product"}],"about":[{"href":"https:\/\/bigbuy.tupique.com\/pt\/wp-json\/wp\/v2\/types\/product"}],"replies":[{"embeddable":true,"href":"https:\/\/bigbuy.tupique.com\/pt\/wp-json\/wp\/v2\/comments?post=16727"}],"wp:featuredmedia":[{"embeddable":true,"href":"https:\/\/bigbuy.tupique.com\/pt\/wp-json\/wp\/v2\/media\/16725"}],"wp:attachment":[{"href":"https:\/\/bigbuy.tupique.com\/pt\/wp-json\/wp\/v2\/media?parent=16727"}],"wp:term":[{"taxonomy":"product_brand","embeddable":true,"href":"https:\/\/bigbuy.tupique.com\/pt\/wp-json\/wp\/v2\/product_brand?post=16727"},{"taxonomy":"product_cat","embeddable":true,"href":"https:\/\/bigbuy.tupique.com\/pt\/wp-json\/wp\/v2\/product_cat?post=16727"},{"taxonomy":"product_tag","embeddable":true,"href":"https:\/\/bigbuy.tupique.com\/pt\/wp-json\/wp\/v2\/product_tag?post=16727"}],"curies":[{"name":"wp","href":"https:\/\/api.w.org\/{rel}","templated":true}]}}