{"id":16661,"date":"2026-03-29T13:56:09","date_gmt":"2026-03-29T12:56:09","guid":{"rendered":"https:\/\/bigbuy.tupique.com\/produto\/bluetooth-headset-with-microphone-gn-audio-evolve2-buds\/"},"modified":"2026-04-16T08:30:13","modified_gmt":"2026-04-16T07:30:13","slug":"bluetooth-headset-with-microphone-gn-audio-evolve2-buds","status":"publish","type":"product","link":"https:\/\/bigbuy.tupique.com\/pt\/produto\/bluetooth-headset-with-microphone-gn-audio-evolve2-buds\/","title":{"rendered":"Casques Bluetooth avec Microphone GN Audio EVOLVE2 BUDS"},"content":{"rendered":"<p>Si vous \u00eates passionn\u00e9 d&#8217;<b>informatique et d&#8217;\u00e9lectronique<\/b>, si vous \u00eates \u00e0 la pointe de la technologie et qu&#8217;aucun d\u00e9tail ne vous \u00e9chappe, achetez <b>Casques Bluetooth avec Microphone GN Audio EVOLVE2 BUDS<\/b> au meilleur prix.<\/p>\n<ul>\n<li>Type:\n<ul>\n<li>Casques Bluetooth avec Microphone<\/li>\n<li>\u00c9couteur<\/li>\n<li>Casques avec Microphone<\/li>\n<li>Intra-auriculaires<\/li>\n<li>\u00c9couteurs in Ear<\/li>\n<\/ul>\n<\/li>\n<li>Connexions:\n<ul>\n<li>USB<\/li>\n<li>USB-C<\/li>\n<\/ul>\n<\/li>\n<li>Temps de charge approx.:\n<ul>\n<li>2 heures<\/li>\n<li>5 minutes<\/li>\n<\/ul>\n<\/li>\n<li>Couleur: Noir<\/li>\n<li>Caract\u00e9ristiques:\n<ul>\n<li>Annulation du bruit<\/li>\n<li>Batterie int\u00e9gr\u00e9e<\/li>\n<li>3 paires de coussinets en silicone en diff\u00e9rentes tailles<\/li>\n<li>R\u00e9sistant \u00e0 l&#8217;eau<\/li>\n<li>Arr\u00eat Automatique<\/li>\n<li>\u00c9tui<\/li>\n<li>Indicateur de batterie<\/li>\n<li>R\u00e9duction du bruit<\/li>\n<li>Equalizer<\/li>\n<li>Microphone int\u00e9gr\u00e9<\/li>\n<li>Garantie<\/li>\n<li>T\u00e9moin LED<\/li>\n<li>Guide d&#8217;installation inclus<\/li>\n<li>LED indicateur de chargement<\/li>\n<li>Chargeur sans fil<\/li>\n<li>Commande tactile<\/li>\n<li>Guide vocal<\/li>\n<\/ul>\n<\/li>\n<li>Connectivit\u00e9:\n<ul>\n<li>Bluetooth<\/li>\n<li>Bluetooth 5.2<\/li>\n<\/ul>\n<\/li>\n<li>Port\u00e9e: 20 m<\/li>\n<li>Autonomie approx.: 8 heures<\/li>\n<li>Mati\u00e8re: Plastique<\/li>\n<li>Type de casque: Internet intra-auriculaires<\/li>\n<li>Inclut:\n<ul>\n<li>\u00c9tui avec fonction de charge<\/li>\n<li>Casque<\/li>\n<\/ul>\n<\/li>\n<li>Longueur du c\u00e2ble: 30 cm<\/li>\n<li>Technologie: True Wireless Stereo (TWS)<\/li>\n<li>Imperm\u00e9able: Oui<\/li>\n<li>Type de commande: Tactile<\/li>\n<li>Batterie: Oui<\/li>\n<li>\u00c2ge recommand\u00e9: Adultes<\/li>\n<li>Poids approx.: 18 g<\/li>\n<li>Casque: Binaural<\/li>\n<li>Utilisation recommand\u00e9e: Appels et musique<\/li>\n<li>Type de batterie: Litio Ion<\/li>\n<li>Ann\u00e9e: 2022<\/li>\n<\/ul>","protected":false},"excerpt":{"rendered":"<p>Si vous \u00eates passionn\u00e9 d&#8217;informatique et d&#8217;\u00e9lectronique, si vous \u00eates \u00e0 la pointe de la technologie et qu&#8217;aucun d\u00e9tail ne vous \u00e9chappe, achetez Casques Bluetooth avec Microphone GN Audio EVOLVE2 BUDS au meilleur prix. Type: Casques Bluetooth avec Microphone \u00c9couteur Casques avec Microphone Intra-auriculaires \u00c9couteurs in Ear Connexions: USB USB-C Temps de charge approx.: 2 [&hellip;]<\/p>\n","protected":false},"featured_media":156995,"comment_status":"open","ping_status":"closed","template":"","meta":[],"product_brand":[663],"product_cat":[756,755,65],"product_tag":[566,106],"class_list":{"0":"post-16661","1":"product","2":"type-product","3":"status-publish","4":"has-post-thumbnail","6":"product_brand-brandp_4843","7":"product_cat-casque-sans-fil","8":"product_cat-electronique-son","9":"product_cat-informatique-electronique","10":"product_tag-tag_547","11":"product_tag-tag_1295","13":"first","14":"instock","15":"taxable","16":"shipping-taxable","17":"purchasable","18":"product-type-simple"},"_links":{"self":[{"href":"https:\/\/bigbuy.tupique.com\/pt\/wp-json\/wp\/v2\/product\/16661","targetHints":{"allow":["GET"]}}],"collection":[{"href":"https:\/\/bigbuy.tupique.com\/pt\/wp-json\/wp\/v2\/product"}],"about":[{"href":"https:\/\/bigbuy.tupique.com\/pt\/wp-json\/wp\/v2\/types\/product"}],"replies":[{"embeddable":true,"href":"https:\/\/bigbuy.tupique.com\/pt\/wp-json\/wp\/v2\/comments?post=16661"}],"wp:featuredmedia":[{"embeddable":true,"href":"https:\/\/bigbuy.tupique.com\/pt\/wp-json\/wp\/v2\/media\/156995"}],"wp:attachment":[{"href":"https:\/\/bigbuy.tupique.com\/pt\/wp-json\/wp\/v2\/media?parent=16661"}],"wp:term":[{"taxonomy":"product_brand","embeddable":true,"href":"https:\/\/bigbuy.tupique.com\/pt\/wp-json\/wp\/v2\/product_brand?post=16661"},{"taxonomy":"product_cat","embeddable":true,"href":"https:\/\/bigbuy.tupique.com\/pt\/wp-json\/wp\/v2\/product_cat?post=16661"},{"taxonomy":"product_tag","embeddable":true,"href":"https:\/\/bigbuy.tupique.com\/pt\/wp-json\/wp\/v2\/product_tag?post=16661"}],"curies":[{"name":"wp","href":"https:\/\/api.w.org\/{rel}","templated":true}]}}