{"id":166368,"date":"2026-04-10T15:58:00","date_gmt":"2026-04-10T14:58:00","guid":{"rendered":"https:\/\/bigbuy.tupique.com\/produto\/monitor-elo-touch-systems-e607608-19\/"},"modified":"2026-04-15T00:50:21","modified_gmt":"2026-04-14T23:50:21","slug":"monitor-elo-touch-systems-e607608-19","status":"publish","type":"product","link":"https:\/\/bigbuy.tupique.com\/pt\/produto\/monitor-elo-touch-systems-e607608-19\/","title":{"rendered":"\u00c9cran Elo Touch Systems E607608 19&#8243;"},"content":{"rendered":"<p>Si vous \u00eates passionn\u00e9 d&#8217;<b>informatique et d&#8217;\u00e9lectronique<\/b>, si vous \u00eates \u00e0 la pointe de la technologie et qu&#8217;aucun d\u00e9tail ne vous \u00e9chappe, achetez <b>\u00c9cran Elo Touch Systems E607608 19&#8243;<\/b> au meilleur prix.<\/p>\n<p>Le <b>moniteur E607608<\/b> de <b>Elo Touch Systems<\/b> est un appareil con\u00e7u pour offrir une exp\u00e9rience visuelle pr\u00e9cise et efficace dans des environnements professionnels n\u00e9cessitant une interaction tactile. Ce <b>moniteur<\/b> dispose d\u2019un <b>\u00e9cran LCD de 19 pouces (48,3 cm)<\/b> avec une r\u00e9solution <b>Full HD de 1280 x 1024 pixels<\/b>, garantissant une image nette et bien d\u00e9finie, adapt\u00e9e aux applications exigeant qualit\u00e9 graphique et r\u00e9activit\u00e9 visuelle. Son <b>temps de r\u00e9ponse de 5 ms<\/b> minimise le flou ou le retard sur les images dynamiques, id\u00e9al pour les syst\u00e8mes de points de vente, kiosques, environnements industriels ou \u00e9quipements m\u00e9dicaux o\u00f9 la pr\u00e9cision tactile est essentielle. De couleur <b>grise<\/b>, il offre un contraste de <b>1000:1<\/b> et une luminosit\u00e9 de <b>187 cd\/m\u00b2<\/b>, assurant une bonne visibilit\u00e9 m\u00eame en lumi\u00e8re ambiante variable. Ce mod\u00e8le int\u00e8gre une technologie tactile d\u00e9velopp\u00e9e pour une haute <b>sensibilit\u00e9 et pr\u00e9cision<\/b>, facilitant l\u2019interaction directe et simplifiant l\u2019utilisation et l\u2019installation sur tout syst\u00e8me compatible. Sa robustesse est attest\u00e9e par un <b>MTBF de 50 000 heures<\/b>, garantissant durabilit\u00e9 et fiabilit\u00e9 dans des environnements exigeants. Il est certifi\u00e9 selon plusieurs normes de s\u00e9curit\u00e9 et qualit\u00e9 telles que <b>UL\/cUL, T\u00dcV-GS, CE, FCC\/IC\/VCCI et C-Tick Classe B<\/b>, assurant sa conformit\u00e9 aux r\u00e9glementations internationales. Avec un poids d\u2019environ <b>11,7 kg<\/b>, ce moniteur allie fonctionnalit\u00e9, stabilit\u00e9 et caract\u00e9ristiques techniques adapt\u00e9es aux besoins professionnels des secteurs n\u00e9cessitant des \u00e9crans tactiles performants et faciles \u00e0 int\u00e9grer. En somme, le <b>moniteur E607608<\/b> d\u2019Elo se positionne comme une solution fiable et pr\u00e9cise pour les applications industrielles, commerciales et m\u00e9dicales o\u00f9 la qualit\u00e9 visuelle et l\u2019interaction tactile de haute pr\u00e9cision sont prioritaires.<\/p>\n<ul>\n<li>Produit \u00e0 brancher: Oui<\/li>\n<li>Type de prise: Prise EU<\/li>\n<li>R\u00e9solution (px): 1280 x 1024 px<\/li>\n<li>Technologie: LCD<\/li>\n<li>Type: \u00c9cran<\/li>\n<li>Diagonale de l&#8217;\u00e9cran (cm): 48,3 cm<\/li>\n<li>R\u00e9solution: Full HD<\/li>\n<li>Classification \u00e9nerg\u00e9tique: E<\/li>\n<li>Bloc d\u2019Alimentation: r\u00e9seau \u00e9lectrique<\/li>\n<li>Couleur: Gris<\/li>\n<li>Caract\u00e9ristiques: Ecran tactile<\/li>\n<li>Connexions: VGA D-sub<\/li>\n<li>Rapport d&#8217;aspect: 5:4<\/li>\n<li>Ecran: 19&#8243;<\/li>\n<li>VESA: 10 x 10 cm<\/li>\n<li>Temps de r\u00e9ponse: 5 ms<\/li>\n<li>Rapport de contraste: 1000:1<\/li>\n<li>Pr\u00e9cision (humidit\u00e9 relative): 20 % &#8211; 80 %<\/li>\n<\/ul>","protected":false},"excerpt":{"rendered":"<p>Si vous \u00eates passionn\u00e9 d&#8217;informatique et d&#8217;\u00e9lectronique, si vous \u00eates \u00e0 la pointe de la technologie et qu&#8217;aucun d\u00e9tail ne vous \u00e9chappe, achetez \u00c9cran Elo Touch Systems E607608 19&#8243; au meilleur prix. Le moniteur E607608 de Elo Touch Systems est un appareil con\u00e7u pour offrir une exp\u00e9rience visuelle pr\u00e9cise et efficace dans des environnements professionnels [&hellip;]<\/p>\n","protected":false},"featured_media":166366,"comment_status":"open","ping_status":"closed","template":"","meta":[],"product_brand":[980],"product_cat":[65,581,616],"product_tag":[213,106],"class_list":{"0":"post-166368","1":"product","2":"type-product","3":"status-publish","4":"has-post-thumbnail","6":"product_brand-brandp_4775","7":"product_cat-informatique-electronique","8":"product_cat-informatique-peripheriques-et-consommables","9":"product_cat-moniteurs","10":"product_tag-tag_933","11":"product_tag-tag_1295","13":"first","14":"instock","15":"taxable","16":"shipping-taxable","17":"purchasable","18":"product-type-simple"},"_links":{"self":[{"href":"https:\/\/bigbuy.tupique.com\/pt\/wp-json\/wp\/v2\/product\/166368","targetHints":{"allow":["GET"]}}],"collection":[{"href":"https:\/\/bigbuy.tupique.com\/pt\/wp-json\/wp\/v2\/product"}],"about":[{"href":"https:\/\/bigbuy.tupique.com\/pt\/wp-json\/wp\/v2\/types\/product"}],"replies":[{"embeddable":true,"href":"https:\/\/bigbuy.tupique.com\/pt\/wp-json\/wp\/v2\/comments?post=166368"}],"wp:featuredmedia":[{"embeddable":true,"href":"https:\/\/bigbuy.tupique.com\/pt\/wp-json\/wp\/v2\/media\/166366"}],"wp:attachment":[{"href":"https:\/\/bigbuy.tupique.com\/pt\/wp-json\/wp\/v2\/media?parent=166368"}],"wp:term":[{"taxonomy":"product_brand","embeddable":true,"href":"https:\/\/bigbuy.tupique.com\/pt\/wp-json\/wp\/v2\/product_brand?post=166368"},{"taxonomy":"product_cat","embeddable":true,"href":"https:\/\/bigbuy.tupique.com\/pt\/wp-json\/wp\/v2\/product_cat?post=166368"},{"taxonomy":"product_tag","embeddable":true,"href":"https:\/\/bigbuy.tupique.com\/pt\/wp-json\/wp\/v2\/product_tag?post=166368"}],"curies":[{"name":"wp","href":"https:\/\/api.w.org\/{rel}","templated":true}]}}