{"id":166365,"date":"2026-04-10T15:57:55","date_gmt":"2026-04-10T14:57:55","guid":{"rendered":"https:\/\/bigbuy.tupique.com\/produto\/nas-network-storage-qnap-ts-873a-8g-black\/"},"modified":"2026-04-14T23:51:22","modified_gmt":"2026-04-14T22:51:22","slug":"nas-network-storage-qnap-ts-873a-8g-black","status":"publish","type":"product","link":"https:\/\/bigbuy.tupique.com\/pt\/produto\/nas-network-storage-qnap-ts-873a-8g-black\/","title":{"rendered":"Stockage en R\u00e9seau NAS Qnap TS-873A-8G           Noir"},"content":{"rendered":"<p>Si vous \u00eates passionn\u00e9 d&#8217;<b>informatique et d&#8217;\u00e9lectronique<\/b>, si vous \u00eates \u00e0 la pointe de la technologie et qu&#8217;aucun d\u00e9tail ne vous \u00e9chappe, achetez <b>Stockage en R\u00e9seau NAS Qnap TS-873A-8G           Noir<\/b> au meilleur prix.<\/p>\n<p>El <b>Qnap TS-873A-8G<\/b> es un avanzado dispositivo de <b>almacenamiento en red NAS<\/b> dise\u00f1ado para entornos profesionales y peque\u00f1as y medianas empresas que requieren alta capacidad, flexibilidad y conectividad robusta. Este modelo incorpora memoria <b>DDR4<\/b>, lo que garantiza un rendimiento eficiente y estable para la gesti\u00f3n de grandes vol\u00famenes de datos y aplicaciones multitarea. Sus m\u00faltiples puertos de conexi\u00f3n incluyen variadas interfaces como <b>USB<\/b> para conexi\u00f3n perif\u00e9rica, <b>RJ45<\/b> y especialmente <b>dos puertos RJ45<\/b> para <b>Ethernet LAN<\/b>, permitiendo configuraciones de red redundantes o en agregaci\u00f3n para optimizar el ancho de banda y la fiabilidad en la transferencia de datos. Adem\u00e1s, ofrece soporte para <b>SATA<\/b>, facilitando la integraci\u00f3n de discos duros adicionales para ampliar el espacio de almacenamiento o configurar arrays RAID seg\u00fan las necesidades del usuario. Estas caracter\u00edsticas lo convierten en una soluci\u00f3n vers\u00e1til para la centralizaci\u00f3n, el acceso y la protecci\u00f3n de datos en entornos corporativos, permitiendo adem\u00e1s implementar estrategias de backup y almacenamiento en la nube con total seguridad y eficiencia. La robusta conectividad y la r\u00e1pida memoria DDR4 otorgan al <b>Qnap TS-873A-8G<\/b> la capacidad para afrontar cargas de trabajo intensivas con fluidez y fiabilidad, garantizando una gesti\u00f3n eficaz de archivos y un rendimiento \u00f3ptimo en tareas de sincronizaci\u00f3n, compartici\u00f3n y recuperaci\u00f3n de datos. En definitiva, este NAS se presenta como una opci\u00f3n s\u00f3lida y competente para aquellos que buscan una infraestructura de almacenamiento profesional con gran capacidad de conexi\u00f3n y velocidad de procesamiento.<\/p>\n<ul>\n<li>Noyaux: 4 Noyaux<\/li>\n<li>Produit \u00e0 brancher: Oui<\/li>\n<li>Type de prise: Prise EU<\/li>\n<li>Connexions:\n<ul>\n<li>Ethernet LAN<\/li>\n<li>SO-DIMM<\/li>\n<li>RJ45 x 2<\/li>\n<li>3<\/li>\n<li>M.2<\/li>\n<li>USB<\/li>\n<li>RJ45<\/li>\n<li>SATA<\/li>\n<li>USB-C 3.2 Gen 1 (3.1 Gen 1)<\/li>\n<li>USB 3.2 x 3<\/li>\n<\/ul>\n<\/li>\n<li>Bloc d\u2019Alimentation:\n<ul>\n<li>r\u00e9seau \u00e9lectrique<\/li>\n<li>Int\u00e9rieur<\/li>\n<\/ul>\n<\/li>\n<li>Type:\n<ul>\n<li>DDR4<\/li>\n<li>NAS<\/li>\n<li>HDD\/SSD<\/li>\n<\/ul>\n<\/li>\n<li>Couleur: Noir<\/li>\n<li>M\u00e9moire RAM: 8 GB RAM<\/li>\n<li>Tension:\n<ul>\n<li>100-240 V<\/li>\n<li>100 &#8211; 240 V<\/li>\n<\/ul>\n<\/li>\n<li>Fr\u00e9quence: 50-60 Hz<\/li>\n<li>Inclut:\n<ul>\n<li>C\u00e2ble Ethernet LAN<\/li>\n<li>C\u00e2ble RJ45<\/li>\n<\/ul>\n<\/li>\n<li>Niveau sonore: 23 dB<\/li>\n<li>Compatible:\n<ul>\n<li>HDD\/SSD<\/li>\n<li>PC<\/li>\n<\/ul>\n<\/li>\n<li>Caract\u00e9ristiques:\n<ul>\n<li>Interrupteur marche\/arr\u00eat<\/li>\n<li>Vibromasseur<\/li>\n<\/ul>\n<\/li>\n<li>Ventillateur:\n<ul>\n<li>3<\/li>\n<li>12 cm<\/li>\n<\/ul>\n<\/li>\n<li>Connectivit\u00e9: Ethernet LAN<\/li>\n<li>Fr\u00e9quence d&#8217;entr\u00e9e AC: 50-60 Hz<\/li>\n<li>Type de m\u00e9moire: DDR4<\/li>\n<li>Facteur de forme: SO-DIMM<\/li>\n<li>Connecteurs: Kensington<\/li>\n<li>M\u00e9moire: x 2<\/li>\n<li>Temp\u00e9rature approximative: &#8211; 20\u00baC \/ 70\u00b0C<\/li>\n<li>Processeur: AMD Ryzen V1500B<\/li>\n<li>vitesse: 2.2 GHz<\/li>\n<li>Famille de processeurs: AMD<\/li>\n<\/ul>","protected":false},"excerpt":{"rendered":"<p>Si vous \u00eates passionn\u00e9 d&#8217;informatique et d&#8217;\u00e9lectronique, si vous \u00eates \u00e0 la pointe de la technologie et qu&#8217;aucun d\u00e9tail ne vous \u00e9chappe, achetez Stockage en R\u00e9seau NAS Qnap TS-873A-8G Noir au meilleur prix. El Qnap TS-873A-8G es un avanzado dispositivo de almacenamiento en red NAS dise\u00f1ado para entornos profesionales y peque\u00f1as y medianas empresas que [&hellip;]<\/p>\n","protected":false},"featured_media":166363,"comment_status":"open","ping_status":"closed","template":"","meta":[],"product_brand":[646],"product_cat":[588,65,584],"product_tag":[106],"class_list":{"0":"post-166365","1":"product","2":"type-product","3":"status-publish","4":"has-post-thumbnail","6":"product_brand-brandp_4747","7":"product_cat-disques-durs","8":"product_cat-informatique-electronique","9":"product_cat-informatique-reseaux-et-composants","10":"product_tag-tag_1295","12":"first","13":"instock","14":"taxable","15":"shipping-taxable","16":"purchasable","17":"product-type-simple"},"_links":{"self":[{"href":"https:\/\/bigbuy.tupique.com\/pt\/wp-json\/wp\/v2\/product\/166365","targetHints":{"allow":["GET"]}}],"collection":[{"href":"https:\/\/bigbuy.tupique.com\/pt\/wp-json\/wp\/v2\/product"}],"about":[{"href":"https:\/\/bigbuy.tupique.com\/pt\/wp-json\/wp\/v2\/types\/product"}],"replies":[{"embeddable":true,"href":"https:\/\/bigbuy.tupique.com\/pt\/wp-json\/wp\/v2\/comments?post=166365"}],"wp:featuredmedia":[{"embeddable":true,"href":"https:\/\/bigbuy.tupique.com\/pt\/wp-json\/wp\/v2\/media\/166363"}],"wp:attachment":[{"href":"https:\/\/bigbuy.tupique.com\/pt\/wp-json\/wp\/v2\/media?parent=166365"}],"wp:term":[{"taxonomy":"product_brand","embeddable":true,"href":"https:\/\/bigbuy.tupique.com\/pt\/wp-json\/wp\/v2\/product_brand?post=166365"},{"taxonomy":"product_cat","embeddable":true,"href":"https:\/\/bigbuy.tupique.com\/pt\/wp-json\/wp\/v2\/product_cat?post=166365"},{"taxonomy":"product_tag","embeddable":true,"href":"https:\/\/bigbuy.tupique.com\/pt\/wp-json\/wp\/v2\/product_tag?post=166365"}],"curies":[{"name":"wp","href":"https:\/\/api.w.org\/{rel}","templated":true}]}}