{"id":16591,"date":"2026-03-29T13:54:30","date_gmt":"2026-03-29T12:54:30","guid":{"rendered":"https:\/\/bigbuy.tupique.com\/produto\/mens-watch-ingersoll-1892-i09305\/"},"modified":"2026-04-15T00:47:41","modified_gmt":"2026-04-14T23:47:41","slug":"mens-watch-ingersoll-1892-i09305","status":"publish","type":"product","link":"https:\/\/bigbuy.tupique.com\/pt\/produto\/mens-watch-ingersoll-1892-i09305\/","title":{"rendered":"Montre Homme Ingersoll 1892 I09305"},"content":{"rendered":"<p>Si vous aimez suivre les derni\u00e8res tendances en mati\u00e8re de mode et accessoires, achetez <b>Montre Homme Ingersoll 1892 I09305<\/b> au meilleur prix.<\/p>\n<ul>\n<li>Genre: Homme<\/li>\n<li>Liens suppl\u00e9mentaires: Non<\/li>\n<li>Type de montre: Montre-bracelet<\/li>\n<li>Pays \/ r\u00e9gion de fabrication: Chine<\/li>\n<li>Ann\u00e9e: 2021<\/li>\n<\/ul>","protected":false},"excerpt":{"rendered":"<p>Si vous aimez suivre les derni\u00e8res tendances en mati\u00e8re de mode et accessoires, achetez Montre Homme Ingersoll 1892 I09305 au meilleur prix. Genre: Homme Liens suppl\u00e9mentaires: Non Type de montre: Montre-bracelet Pays \/ r\u00e9gion de fabrication: Chine Ann\u00e9e: 2021<\/p>","protected":false},"featured_media":16587,"comment_status":"open","ping_status":"closed","template":"","meta":[],"product_brand":[835],"product_cat":[544,574,545],"product_tag":[103,543],"class_list":{"0":"post-16591","1":"product","2":"type-product","3":"status-publish","4":"has-post-thumbnail","6":"product_brand-brandp_7989","7":"product_cat-mode-accessoires","8":"product_cat-montres-homme","9":"product_cat-montres-bracelets","10":"product_tag-tag_1261","11":"product_tag-tag_61","13":"first","14":"instock","15":"taxable","16":"shipping-taxable","17":"purchasable","18":"product-type-simple"},"_links":{"self":[{"href":"https:\/\/bigbuy.tupique.com\/pt\/wp-json\/wp\/v2\/product\/16591","targetHints":{"allow":["GET"]}}],"collection":[{"href":"https:\/\/bigbuy.tupique.com\/pt\/wp-json\/wp\/v2\/product"}],"about":[{"href":"https:\/\/bigbuy.tupique.com\/pt\/wp-json\/wp\/v2\/types\/product"}],"replies":[{"embeddable":true,"href":"https:\/\/bigbuy.tupique.com\/pt\/wp-json\/wp\/v2\/comments?post=16591"}],"wp:featuredmedia":[{"embeddable":true,"href":"https:\/\/bigbuy.tupique.com\/pt\/wp-json\/wp\/v2\/media\/16587"}],"wp:attachment":[{"href":"https:\/\/bigbuy.tupique.com\/pt\/wp-json\/wp\/v2\/media?parent=16591"}],"wp:term":[{"taxonomy":"product_brand","embeddable":true,"href":"https:\/\/bigbuy.tupique.com\/pt\/wp-json\/wp\/v2\/product_brand?post=16591"},{"taxonomy":"product_cat","embeddable":true,"href":"https:\/\/bigbuy.tupique.com\/pt\/wp-json\/wp\/v2\/product_cat?post=16591"},{"taxonomy":"product_tag","embeddable":true,"href":"https:\/\/bigbuy.tupique.com\/pt\/wp-json\/wp\/v2\/product_tag?post=16591"}],"curies":[{"name":"wp","href":"https:\/\/api.w.org\/{rel}","templated":true}]}}