{"id":165174,"date":"2026-04-10T12:54:18","date_gmt":"2026-04-10T11:54:18","guid":{"rendered":"https:\/\/bigbuy.tupique.com\/produto\/smartphone-samsung-galaxy-a36-67-octa-core-8-gb-ram-256-gb-white\/"},"modified":"2026-05-11T19:55:32","modified_gmt":"2026-05-11T17:55:32","slug":"smartphone-samsung-galaxy-a36-67-octa-core-8-gb-ram-256-gb-white","status":"publish","type":"product","link":"https:\/\/bigbuy.tupique.com\/pt\/produto\/smartphone-samsung-galaxy-a36-67-octa-core-8-gb-ram-256-gb-white\/","title":{"rendered":"Smartphone Samsung Galaxy A36 6,7&#8243; Octa Core 8 GB RAM 256 GB Blanc"},"content":{"rendered":"<p>Si vous \u00eates passionn\u00e9 d&#8217;<b>informatique et d&#8217;\u00e9lectronique<\/b>, si vous \u00eates \u00e0 la pointe de la technologie et qu&#8217;aucun d\u00e9tail ne vous \u00e9chappe, achetez <b>Smartphone Samsung Galaxy A36 6,7&#8243; Octa Core 8 GB RAM 256 GB Blanc<\/b> au meilleur prix.<\/p>\n<p>Le <b>smartphone Samsung Galaxy A36 5G<\/b> de couleur <b>blanc<\/b> offre de solides performances avec une configuration tr\u00e8s compl\u00e8te pour un usage quotidien et avanc\u00e9, \u00e0 commencer par son large <b>\u00e9cran plat Super AMOLED FHD+ de 6,7&#8243;<\/b> (env. 17\u201317,5 cm) avec <b>taux de rafra\u00eechissement de 120 Hz<\/b> et luminosit\u00e9 jusqu\u2019\u00e0 <b>1200 cd\/m\u00b2<\/b>, pens\u00e9 pour une bonne fluidit\u00e9 dans les jeux, les r\u00e9seaux sociaux et la lecture vid\u00e9o. Il int\u00e8gre un processeur <b>Qualcomm Snapdragon Octa Core (8 c\u0153urs, jusqu\u2019\u00e0 1,8 GHz)<\/b> associ\u00e9 \u00e0 <b>8 Go de RAM<\/b>, une combinaison qui permet de g\u00e9rer plusieurs applications et t\u00e2ches en parall\u00e8le avec stabilit\u00e9, et une large <b>m\u00e9moire interne de 256 Go<\/b> pour enregistrer applis, photos et vid\u00e9os, extensible selon la configuration de l\u2019appareil. Le syst\u00e8me photo comprend un <b>triple capteur arri\u00e8re<\/b> avec capteur principal de <b>50 MP<\/b>, ultra grand-angle de <b>8 MP<\/b> avec champ de vision de <b>120\u00b0<\/b> et capteur additionnel de <b>5 MP<\/b>, ainsi qu\u2019une <b>cam\u00e9ra frontale de 12 MP<\/b> (les sp\u00e9cifications g\u00e9n\u00e9rales du mod\u00e8le indiquent aussi des valeurs de 8 MP et 5 MP selon le mode et le capteur), con\u00e7ue pour des selfies nets et des appels vid\u00e9o clairs ; l\u2019ensemble est soutenu par un <b>flash LED<\/b> et une ouverture <b>f\/1,8<\/b> pour am\u00e9liorer la capture en basse lumi\u00e8re. Il int\u00e8gre une batterie de <b>5000 mAh<\/b> avec <b>charge ultra rapide de 45 W<\/b>, pens\u00e9e pour couvrir des journ\u00e9es intensives avec des recharges plus rapides, et une connectivit\u00e9 moderne avec la <b>5G<\/b>, le <b>Wi\u2011Fi 6<\/b> (y compris bande 6 GHz et MIMO), le <b>Bluetooth<\/b>, le <b>NFC<\/b> pour les paiements mobiles, et un positionnement avanc\u00e9 gr\u00e2ce au <b>GPS, Glonass et BeiDou<\/b>. Au niveau physique, il propose un <b>USB\u2011C (USB 2.0)<\/b>, un format <b>barre rectangulaire<\/b> au design fin, une protection <b>Gorilla Glass<\/b> pour l\u2019\u00e9cran et la certification de r\u00e9sistance \u00e0 l\u2019eau et \u00e0 la poussi\u00e8re <b>IP67<\/b>, ce qui ajoute un plus de durabilit\u00e9 face aux \u00e9claboussures et aux particules. Le syst\u00e8me int\u00e8gre un <b>lecteur d\u2019empreinte digitale<\/b>, ainsi que des capteurs comme <b>acc\u00e9l\u00e9rom\u00e8tre, gyroscope, capteur g\u00e9omagn\u00e9tique, capteur de proximit\u00e9 et capteur de lumi\u00e8re ambiante<\/b>, pour un fonctionnement plus pr\u00e9cis dans les jeux, la navigation et le r\u00e9glage automatique de l\u2019\u00e9cran. Il fonctionne avec <b>Android<\/b> dans une version r\u00e9cente (la fiche indique la compatibilit\u00e9 avec <b>Android 15<\/b>, ce qui implique un logiciel \u00e0 jour selon la planification du fabricant) et dispose de la fonction <b>Dual SIM<\/b>, utile pour g\u00e9rer deux lignes mobiles sur le m\u00eame appareil. Globalement, le <b>Samsung Galaxy A36 5G<\/b> se pr\u00e9sente comme un smartphone milieu de gamme bien \u00e9quip\u00e9, destin\u00e9 \u00e0 ceux qui recherchent un grand \u00e9cran, une bonne autonomie et la connectivit\u00e9 5G dans un appareil \u00e9quilibr\u00e9.<\/p>\n<ul>\n<li>Type de prise: Prise EU<\/li>\n<li>Diagonale de l&#8217;\u00e9cran (cm):\n<ul>\n<li>17 cm<\/li>\n<li>17,5 cm<\/li>\n<\/ul>\n<\/li>\n<li>Produit \u00e0 brancher: Oui<\/li>\n<li>Type:\n<ul>\n<li>Smartphone<\/li>\n<li>USB-C<\/li>\n<li>Smartphones, t\u00e9l\u00e9phones mobiles<\/li>\n<\/ul>\n<\/li>\n<li>Bloc d\u2019Alimentation:\n<ul>\n<li>r\u00e9seau \u00e9lectrique<\/li>\n<li>USB<\/li>\n<\/ul>\n<\/li>\n<li>Facteur de forme: Bar<\/li>\n<li>GPS: Oui<\/li>\n<li>Gyroscope: Oui<\/li>\n<li>Glonass: Oui<\/li>\n<li>Acc\u00e9l\u00e9rom\u00e8tre: Oui<\/li>\n<li>Type de flash: LED<\/li>\n<li>Brille: 1200 CD \/ M\u00b2<\/li>\n<li>Stabilisateur d&#8217;image: Oui<\/li>\n<li>vitesse:\n<ul>\n<li>1,8 ghz<\/li>\n<li>2,4 GHz<\/li>\n<\/ul>\n<\/li>\n<li>Zoom Num\u00e9rique: 10x<\/li>\n<li>Syst\u00e8me d&#8217;exploitation:\n<ul>\n<li>Android 15<\/li>\n<li>Android<\/li>\n<\/ul>\n<\/li>\n<li>Ecran:\n<ul>\n<li>6,9&#8243;<\/li>\n<li>6,7&#8243;<\/li>\n<\/ul>\n<\/li>\n<li>Indice de r\u00e9parabilit\u00e9: 8.4<\/li>\n<li>Capacit\u00e9 de la batterie: 5000 mAh<\/li>\n<li>puissance: 45 W<\/li>\n<li>Connectivit\u00e9:\n<ul>\n<li>NFC<\/li>\n<li>5G<\/li>\n<li>Bluetooth<\/li>\n<li>Wi-Fi<\/li>\n<li>BeiDou<\/li>\n<li>Wi-Fi 6 GHz<\/li>\n<\/ul>\n<\/li>\n<li>Cam\u00e9ra\/Appareil Photo:\n<ul>\n<li>12 mpx<\/li>\n<li>50 Mp<\/li>\n<li>8 MP<\/li>\n<li>5 Mp<\/li>\n<li>Frontal<\/li>\n<li>Triple<\/li>\n<\/ul>\n<\/li>\n<li>Connexions:\n<ul>\n<li>USB-C<\/li>\n<li>USB 2.0<\/li>\n<li>Dual SIM<\/li>\n<\/ul>\n<\/li>\n<li>Processeur: Octa Core<\/li>\n<li>M\u00e9moire RAM: 8 GB RAM<\/li>\n<li>M\u00e9moire interne: 256 GB<\/li>\n<li>Couleur: Blanc<\/li>\n<li>Caract\u00e9ristiques:\n<ul>\n<li>GPS<\/li>\n<li>Capteur de lumi\u00e8re ambiante<\/li>\n<li>Lecteur d&#8217;empreintes<\/li>\n<li>Capteur g\u00e9omagn\u00e9tique<\/li>\n<li>Capteur de proximit\u00e9<\/li>\n<li>Gorilla Glass<\/li>\n<li>\u00c9cran plat<\/li>\n<\/ul>\n<\/li>\n<li>Classification \u00e9nerg\u00e9tique: C<\/li>\n<li>Forme: Rectangulaire<\/li>\n<li>Ouverture: F\/1,8<\/li>\n<li>Technologie:\n<ul>\n<li>LED<\/li>\n<li>Mime<\/li>\n<li>Glonass<\/li>\n<\/ul>\n<\/li>\n<li>Capteurs:\n<ul>\n<li>Acc\u00e9l\u00e9rom\u00e8tre<\/li>\n<li>Gyroscope<\/li>\n<\/ul>\n<\/li>\n<li>Classification IP: IP67<\/li>\n<li>R\u00e9solution: 1080 x 2340 px<\/li>\n<li>Fr\u00e9quence: 120 Hz<\/li>\n<li>Flux lumineux: 1200 Lm<\/li>\n<li>Angle: 120\u00ba<\/li>\n<li>Chargeur sans fil: Non<\/li>\n<li>Noyaux: 8 Noyaux<\/li>\n<li>Famille de processeurs: Qualcomm Snapdragon<\/li>\n<\/ul>","protected":false},"excerpt":{"rendered":"<p>Si vous \u00eates passionn\u00e9 d&#8217;informatique et d&#8217;\u00e9lectronique, si vous \u00eates \u00e0 la pointe de la technologie et qu&#8217;aucun d\u00e9tail ne vous \u00e9chappe, achetez Smartphone Samsung Galaxy A36 6,7&#8243; Octa Core 8 GB RAM 256 GB Blanc au meilleur prix. Le smartphone Samsung Galaxy A36 5G de couleur blanc offre de solides performances avec une configuration [&hellip;]<\/p>\n","protected":false},"featured_media":165168,"comment_status":"open","ping_status":"closed","template":"","meta":[],"product_brand":[183],"product_cat":[575,65,960],"product_tag":[213,566,106],"class_list":{"0":"post-165174","1":"product","2":"type-product","3":"status-publish","4":"has-post-thumbnail","6":"product_brand-brandp_576","7":"product_cat-electronique-telephonie-et-tablettes","8":"product_cat-informatique-electronique","9":"product_cat-telephones-portables","10":"product_tag-tag_933","11":"product_tag-tag_547","12":"product_tag-tag_1295","14":"first","15":"instock","16":"taxable","17":"shipping-taxable","18":"purchasable","19":"product-type-simple"},"_links":{"self":[{"href":"https:\/\/bigbuy.tupique.com\/pt\/wp-json\/wp\/v2\/product\/165174","targetHints":{"allow":["GET"]}}],"collection":[{"href":"https:\/\/bigbuy.tupique.com\/pt\/wp-json\/wp\/v2\/product"}],"about":[{"href":"https:\/\/bigbuy.tupique.com\/pt\/wp-json\/wp\/v2\/types\/product"}],"replies":[{"embeddable":true,"href":"https:\/\/bigbuy.tupique.com\/pt\/wp-json\/wp\/v2\/comments?post=165174"}],"wp:featuredmedia":[{"embeddable":true,"href":"https:\/\/bigbuy.tupique.com\/pt\/wp-json\/wp\/v2\/media\/165168"}],"wp:attachment":[{"href":"https:\/\/bigbuy.tupique.com\/pt\/wp-json\/wp\/v2\/media?parent=165174"}],"wp:term":[{"taxonomy":"product_brand","embeddable":true,"href":"https:\/\/bigbuy.tupique.com\/pt\/wp-json\/wp\/v2\/product_brand?post=165174"},{"taxonomy":"product_cat","embeddable":true,"href":"https:\/\/bigbuy.tupique.com\/pt\/wp-json\/wp\/v2\/product_cat?post=165174"},{"taxonomy":"product_tag","embeddable":true,"href":"https:\/\/bigbuy.tupique.com\/pt\/wp-json\/wp\/v2\/product_tag?post=165174"}],"curies":[{"name":"wp","href":"https:\/\/api.w.org\/{rel}","templated":true}]}}