{"id":165159,"date":"2026-04-10T12:53:48","date_gmt":"2026-04-10T11:53:48","guid":{"rendered":"https:\/\/bigbuy.tupique.com\/produto\/tablet-apple-ipad-air-m3-11-m3-8-gb-ram-256-gb-grey\/"},"modified":"2026-04-16T19:51:28","modified_gmt":"2026-04-16T18:51:28","slug":"tablet-apple-ipad-air-m3-11-m3-8-gb-ram-256-gb-grey","status":"publish","type":"product","link":"https:\/\/bigbuy.tupique.com\/pt\/produto\/tablet-apple-ipad-air-m3-11-m3-8-gb-ram-256-gb-grey\/","title":{"rendered":"Tablette Apple iPad Air M3 11&#8243; M3 8 GB RAM 256 GB Gris"},"content":{"rendered":"<p>Si vous \u00eates passionn\u00e9 d&#8217;<b>informatique et d&#8217;\u00e9lectronique<\/b>, si vous \u00eates \u00e0 la pointe de la technologie et qu&#8217;aucun d\u00e9tail ne vous \u00e9chappe, achetez <b>Tablette Apple iPad Air M3 11&#8243; M3 8 GB RAM 256 GB Gris<\/b> au meilleur prix.<\/p>\n<p>L\u2019<b>iPad Air Wi-Fi + Cellular<\/b> d\u2019Apple est une <b>tablette<\/b> avanc\u00e9e, id\u00e9ale pour ceux qui recherchent la portabilit\u00e9 sans compromis sur la puissance et la polyvalence dans tous les environnements. Dot\u00e9 de <b>8 Go de m\u00e9moire RAM<\/b>, cet appareil assure un fonctionnement fluide pour le multit\u00e2che intensif ainsi que pour les applications cr\u00e9atives et professionnelles. Son <b>\u00e9cran de 11 pouces<\/b> offre de larges angles de vision et une image nette, parfait pour la navigation, l\u2019\u00e9dition de documents ou le divertissement multim\u00e9dia. La finition <b>gris sid\u00e9ral<\/b> et le ch\u00e2ssis en <b>aluminium<\/b> apportent r\u00e9sistance, l\u00e9g\u00e8ret\u00e9 et un aspect \u00e9l\u00e9gant et moderne. C\u00f4t\u00e9 stockage, il dispose de <b>256 Go<\/b> de capacit\u00e9, permettant de conserver de nombreux fichiers, applications et contenus audiovisuels sans souci d\u2019espace. L\u2019<b>appareil photo principal de 12 MP<\/b> permet de r\u00e9aliser des photos et vid\u00e9os de haute qualit\u00e9, tandis que la <b>cam\u00e9ra frontale<\/b> est id\u00e9ale pour les appels vid\u00e9o et r\u00e9unions virtuelles. Gr\u00e2ce \u00e0 la connectivit\u00e9 <b>Wi-Fi et Cellular<\/b>, ainsi qu\u2019au <b>Bluetooth<\/b>, l\u2019utilisateur reste connect\u00e9 et productif \u00e0 tout moment, profitant d\u2019une mobilit\u00e9 maximale. Il int\u00e8gre \u00e9galement un <b>microphone int\u00e9gr\u00e9<\/b> et un flash, des \u00e9l\u00e9ments qui renforcent ses capacit\u00e9s en communication et pour la capture de contenu en basse lumi\u00e8re. Ainsi, l\u2019iPad Air Wi-Fi + Cellular d\u2019Apple s\u2019impose comme une option \u00e9quilibr\u00e9e et performante pour ceux qui recherchent un compromis entre performance, design et portabilit\u00e9 dans le segment des tablettes premium.<\/p>\n<ul>\n<li>Type de prise: Prise EU<\/li>\n<li>Type:\n<ul>\n<li>Tablette<\/li>\n<li>Flash<\/li>\n<\/ul>\n<\/li>\n<li>Produit \u00e0 brancher: Oui<\/li>\n<li>Bloc d\u2019Alimentation:\n<ul>\n<li>r\u00e9seau \u00e9lectrique<\/li>\n<li>USB<\/li>\n<\/ul>\n<\/li>\n<li>Cam\u00e9ra\/Appareil Photo:\n<ul>\n<li>12 MP<\/li>\n<li>Arri\u00e8re<\/li>\n<\/ul>\n<\/li>\n<li>Connectivit\u00e9:\n<ul>\n<li>Wi-Fi<\/li>\n<li>Bluetooth<\/li>\n<li>GPS<\/li>\n<li>5G<\/li>\n<li>eSIM<\/li>\n<li>Wi-Fi 6 GHz<\/li>\n<li>Bluetooth 5.3<\/li>\n<\/ul>\n<\/li>\n<li>R\u00e9solution:\n<ul>\n<li>12 MP<\/li>\n<li>2360 x 1640 px<\/li>\n<\/ul>\n<\/li>\n<li>Classification \u00e9nerg\u00e9tique: G<\/li>\n<li>Technologie:\n<ul>\n<li>IPS<\/li>\n<li>LED<\/li>\n<li>Mime<\/li>\n<\/ul>\n<\/li>\n<li>Couleur: Gris<\/li>\n<li>Mati\u00e8re: Aluminium<\/li>\n<li>Caract\u00e9ristiques:\n<ul>\n<li>Cam\u00e9ra frontale<\/li>\n<li>Microphone int\u00e9gr\u00e9<\/li>\n<li>Autofocus<\/li>\n<li>2 Haut-parleurs<\/li>\n<li>4 Haut-parleurs<\/li>\n<li>Lecteur d&#8217;empreintes<\/li>\n<li>Connexion au r\u00e9seau mobile<\/li>\n<li>Boussole \u00e9lectronique<\/li>\n<li>\u00c9cran avec coins arrondis<\/li>\n<\/ul>\n<\/li>\n<li>Connexions:\n<ul>\n<li>USB-C<\/li>\n<li>USB-C 3.2 Gen 2 (3.1 Gen 2)<\/li>\n<\/ul>\n<\/li>\n<li>Fonctions:\n<ul>\n<li>Barom\u00e8tre<\/li>\n<li>Acc\u00e9l\u00e9rom\u00e8tre<\/li>\n<li>G\u00e9olocalisation<\/li>\n<\/ul>\n<\/li>\n<li>Syst\u00e8me d&#8217;exploitation: iOS<\/li>\n<li>Ouverture: F\/1,8<\/li>\n<li>M\u00e9moire RAM: 8 GB RAM<\/li>\n<li>Brille: 500 cd\/m2<\/li>\n<li>Non Inclus: Adaptateur AC<\/li>\n<li>Ecran: 11&#8243;<\/li>\n<li>Certificat: Certification ENERGY STAR<\/li>\n<li>Compatible: iPadOS<\/li>\n<li>Type de stockage: SSD<\/li>\n<li>Type de batterie: Litio Ion<\/li>\n<li>M\u00e9moire interne: 256 GB<\/li>\n<li>Noyaux:\n<ul>\n<li>8 Noyaux<\/li>\n<li>16 Noyaux<\/li>\n<\/ul>\n<\/li>\n<li>R\u00e9solution (px):\n<ul>\n<li>3840 x 2160 px<\/li>\n<li>2160 px<\/li>\n<\/ul>\n<\/li>\n<li>Diagonale de l&#8217;\u00e9cran (cm): 27,9 cm<\/li>\n<li>Autonomie approx.: 10 heures<\/li>\n<li>Processeur: M3<\/li>\n<li>Dispositif intelligent: Apple Intelligence<\/li>\n<\/ul>","protected":false},"excerpt":{"rendered":"<p>Si vous \u00eates passionn\u00e9 d&#8217;informatique et d&#8217;\u00e9lectronique, si vous \u00eates \u00e0 la pointe de la technologie et qu&#8217;aucun d\u00e9tail ne vous \u00e9chappe, achetez Tablette Apple iPad Air M3 11&#8243; M3 8 GB RAM 256 GB Gris au meilleur prix. L\u2019iPad Air Wi-Fi + Cellular d\u2019Apple est une tablette avanc\u00e9e, id\u00e9ale pour ceux qui recherchent la [&hellip;]<\/p>\n","protected":false},"featured_media":165152,"comment_status":"open","ping_status":"closed","template":"","meta":[],"product_brand":[979],"product_cat":[575,65,1052],"product_tag":[59,566,106],"class_list":{"0":"post-165159","1":"product","2":"type-product","3":"status-publish","4":"has-post-thumbnail","6":"product_brand-brandp_533","7":"product_cat-electronique-telephonie-et-tablettes","8":"product_cat-informatique-electronique","9":"product_cat-tablettes","10":"product_tag-tag_1304","11":"product_tag-tag_547","12":"product_tag-tag_1295","14":"first","15":"instock","16":"taxable","17":"shipping-taxable","18":"purchasable","19":"product-type-simple"},"_links":{"self":[{"href":"https:\/\/bigbuy.tupique.com\/pt\/wp-json\/wp\/v2\/product\/165159","targetHints":{"allow":["GET"]}}],"collection":[{"href":"https:\/\/bigbuy.tupique.com\/pt\/wp-json\/wp\/v2\/product"}],"about":[{"href":"https:\/\/bigbuy.tupique.com\/pt\/wp-json\/wp\/v2\/types\/product"}],"replies":[{"embeddable":true,"href":"https:\/\/bigbuy.tupique.com\/pt\/wp-json\/wp\/v2\/comments?post=165159"}],"wp:featuredmedia":[{"embeddable":true,"href":"https:\/\/bigbuy.tupique.com\/pt\/wp-json\/wp\/v2\/media\/165152"}],"wp:attachment":[{"href":"https:\/\/bigbuy.tupique.com\/pt\/wp-json\/wp\/v2\/media?parent=165159"}],"wp:term":[{"taxonomy":"product_brand","embeddable":true,"href":"https:\/\/bigbuy.tupique.com\/pt\/wp-json\/wp\/v2\/product_brand?post=165159"},{"taxonomy":"product_cat","embeddable":true,"href":"https:\/\/bigbuy.tupique.com\/pt\/wp-json\/wp\/v2\/product_cat?post=165159"},{"taxonomy":"product_tag","embeddable":true,"href":"https:\/\/bigbuy.tupique.com\/pt\/wp-json\/wp\/v2\/product_tag?post=165159"}],"curies":[{"name":"wp","href":"https:\/\/api.w.org\/{rel}","templated":true}]}}