{"id":165133,"date":"2026-04-10T12:52:50","date_gmt":"2026-04-10T11:52:50","guid":{"rendered":"https:\/\/bigbuy.tupique.com\/produto\/vaporeta-steam-cleaner-polti-eco-pro-3-0-4-5-bar-2-l-2000w\/"},"modified":"2026-04-15T09:10:22","modified_gmt":"2026-04-15T08:10:22","slug":"vaporeta-steam-cleaner-polti-eco-pro-3-0-4-5-bar-2-l-2000w","status":"publish","type":"product","link":"https:\/\/bigbuy.tupique.com\/pt\/produto\/vaporeta-steam-cleaner-polti-eco-pro-3-0-4-5-bar-2-l-2000w\/","title":{"rendered":"Nettoyeur vapeur Vaporeta POLTI Eco PRO 3.0 4.5 bar 2 L 2000W"},"content":{"rendered":"<p>Si vous aimez prendre soin de chaque d\u00e9tail de votre maiosn et d&#8217;\u00eatre \u00e0 la derni\u00e8re mode en mati\u00e8re de produits qui vous rendront la vie plus facile, achetez <b>Nettoyeur vapeur Vaporeta POLTI Eco PRO 3.0 4.5 bar 2 L 2000W<\/b> au meilleur prix.<\/p>\n<p>Le <b>POLTI PTEU0260<\/b> est une <b>vapeur nettoyeur<\/b> haute performance con\u00e7ue pour offrir un nettoyage efficace et en profondeur \u00e0 domicile ou en milieu professionnel. Avec une puissance de <b>2000 W<\/b>, il assure un chauffage rapide et constant pour produire une vapeur continue, permettant d\u2019\u00e9liminer la salet\u00e9 incrust\u00e9e sans utiliser de produits chimiques. Son r\u00e9servoir a une capacit\u00e9 de <b>2 litres<\/b>, facilitant des sessions de nettoyage prolong\u00e9es sans interruptions fr\u00e9quentes pour le remplissage. Il fonctionne \u00e0 une pression de <b>4,5 bar<\/b>, favorisant une sortie de vapeur puissante avec un d\u00e9bit de <b>110 g\/min<\/b>, adapt\u00e9 \u00e0 l\u2019hygi\u00e8ne de diverses surfaces, des sols et carrelages aux textiles ou joints, garantissant efficacit\u00e9 et rapidit\u00e9. Ce mod\u00e8le se distingue aussi par sa construction robuste en <b>acier inoxydable<\/b>, avec un design combinant les couleurs <b>blanc, noir et gris<\/b>, offrant une apparence moderne et r\u00e9sistante \u00e0 la corrosion. Il comprend plusieurs indicateurs, tels que celui de pression de vapeur et de vapeur pr\u00eate, facilitant le contr\u00f4le et l\u2019utilisation s\u00e9curis\u00e9e de l\u2019appareil. Pour plus de confort, une brosse sp\u00e9cialis\u00e9e est incluse pour les t\u00e2ches de nettoyage cibl\u00e9es. Le POLTI PTEU0260 b\u00e9n\u00e9ficie d\u2019une garantie de <b>2 ans<\/b>, gage de durabilit\u00e9 et de qualit\u00e9. En r\u00e9sum\u00e9, ce nettoyeur vapeur propose une solution technique avanc\u00e9e et pratique pour ceux qui recherchent un appareil fiable et puissant pour une d\u00e9sinfection et un nettoyage vapeur professionnels dans divers environnements.<\/p>\n<ul>\n<li>puissance: 2000 W<\/li>\n<li>Capacit\u00e9: 2 L<\/li>\n<li>Longueur du c\u00e2ble: 4 m<\/li>\n<li>Couleur: Noir\/Blanc<\/li>\n<li>Inclut: Accessoires<\/li>\n<li>Tension: 1 V<\/li>\n<\/ul>","protected":false},"excerpt":{"rendered":"<p><span class=\"unit-info\">80.2475 &euro; \/ 1 m<\/span><\/p>","protected":false},"featured_media":165129,"comment_status":"open","ping_status":"closed","template":"","meta":[],"product_brand":[799],"product_cat":[239,741,240],"product_tag":[104,56],"class_list":{"0":"post-165133","1":"product","2":"type-product","3":"status-publish","4":"has-post-thumbnail","6":"product_brand-brandp_957","7":"product_cat-maison-jardin","8":"product_cat-nettoyage-a-la-vapeur","9":"product_cat-nettoyage-aspirateur-et-repassage","10":"product_tag-tag_1279","11":"product_tag-tag_930","13":"first","14":"instock","15":"taxable","16":"shipping-taxable","17":"purchasable","18":"product-type-simple"},"_links":{"self":[{"href":"https:\/\/bigbuy.tupique.com\/pt\/wp-json\/wp\/v2\/product\/165133","targetHints":{"allow":["GET"]}}],"collection":[{"href":"https:\/\/bigbuy.tupique.com\/pt\/wp-json\/wp\/v2\/product"}],"about":[{"href":"https:\/\/bigbuy.tupique.com\/pt\/wp-json\/wp\/v2\/types\/product"}],"replies":[{"embeddable":true,"href":"https:\/\/bigbuy.tupique.com\/pt\/wp-json\/wp\/v2\/comments?post=165133"}],"wp:featuredmedia":[{"embeddable":true,"href":"https:\/\/bigbuy.tupique.com\/pt\/wp-json\/wp\/v2\/media\/165129"}],"wp:attachment":[{"href":"https:\/\/bigbuy.tupique.com\/pt\/wp-json\/wp\/v2\/media?parent=165133"}],"wp:term":[{"taxonomy":"product_brand","embeddable":true,"href":"https:\/\/bigbuy.tupique.com\/pt\/wp-json\/wp\/v2\/product_brand?post=165133"},{"taxonomy":"product_cat","embeddable":true,"href":"https:\/\/bigbuy.tupique.com\/pt\/wp-json\/wp\/v2\/product_cat?post=165133"},{"taxonomy":"product_tag","embeddable":true,"href":"https:\/\/bigbuy.tupique.com\/pt\/wp-json\/wp\/v2\/product_tag?post=165133"}],"curies":[{"name":"wp","href":"https:\/\/api.w.org\/{rel}","templated":true}]}}