{"id":16459,"date":"2026-03-29T13:40:35","date_gmt":"2026-03-29T12:40:35","guid":{"rendered":"https:\/\/bigbuy.tupique.com\/produto\/water-pump-karcher-bp-6-1000-w\/"},"modified":"2026-04-16T15:10:49","modified_gmt":"2026-04-16T14:10:49","slug":"water-pump-karcher-bp-6-1000-w","status":"publish","type":"product","link":"https:\/\/bigbuy.tupique.com\/pt\/produto\/water-pump-karcher-bp-6-1000-w\/","title":{"rendered":"Pompe \u00e0 eau K\u00e4rcher BP 6 1000 W"},"content":{"rendered":"<p>Si vous aimez prendre soin de chaque d\u00e9tail de votre maison et d&#8217;\u00eatre \u00e0 la derni\u00e8re mode en mati\u00e8re de produits qui vous rendront la vie plus facile, achetez <b>Pompe \u00e0 eau K\u00e4rcher BP 6 1000 W<\/b> au meilleur prix.<\/p>\n<p>La <b>K\u00e4rcher BP 6<\/b> est une <b>pompe \u00e0 eau submersible<\/b> con\u00e7ue pour des usages exigeants tels que le pompage dans des puits profonds et les syst\u00e8mes d\u2019irrigation submerg\u00e9s. \u00c9quip\u00e9e d\u2019un puissant <b>moteur de 1000 W<\/b>, cette pompe multicellulaire offre un d\u00e9bit maximal de <b>5000 litres par heure<\/b> et une pression allant jusqu\u2019\u00e0 <b>5,5 bar<\/b>, capable d\u2019atteindre une <b>hauteur de pression totale de 55 m\u00e8tres<\/b>, facilitant ainsi le pompage d\u2019eau depuis de grandes profondeurs avec une haute efficacit\u00e9. Son design robuste comprend un <b>corps et filetage en acier inoxydable<\/b>, garantissant une excellente r\u00e9sistance \u00e0 la corrosion et une longue durabilit\u00e9 m\u00eame dans des conditions difficiles. Avec un poids d\u2019environ <b>8,1 kg<\/b> et un diam\u00e8tre compact de <b>10,2 cm<\/b>, la BP 6 peut \u00eatre immerg\u00e9e jusqu\u2019\u00e0 une <b>profondeur maximale de 27 m\u00e8tres<\/b>, s\u2019adaptant \u00e0 divers environnements et besoins d\u2019installation. Ce mod\u00e8le est particuli\u00e8rement adapt\u00e9 aux syst\u00e8mes d\u2019irrigation et \u00e0 l\u2019alimentation domestique ou agricole n\u00e9cessitant un approvisionnement continu et fiable. Sa combinaison de puissance, qualit\u00e9 des mat\u00e9riaux et performances techniques positionne la K\u00e4rcher BP 6 comme une option solide dans le segment des pompes submersibles pour puits profonds, garantissant un rendement professionnel et durable dans les applications de pompage exigeantes.<\/p>\n<ul>\n<li>Couleur: Gris<\/li>\n<li>Mati\u00e8re: Acier inoxydable<\/li>\n<li>puissance: 1000 W<\/li>\n<\/ul>","protected":false},"excerpt":{"rendered":"<p>Si vous aimez prendre soin de chaque d\u00e9tail de votre maison et d&#8217;\u00eatre \u00e0 la derni\u00e8re mode en mati\u00e8re de produits qui vous rendront la vie plus facile, achetez Pompe \u00e0 eau K\u00e4rcher BP 6 1000 W au meilleur prix. La K\u00e4rcher BP 6 est une pompe \u00e0 eau submersible con\u00e7ue pour des usages exigeants [&hellip;]<\/p>\n","protected":false},"featured_media":16453,"comment_status":"open","ping_status":"closed","template":"","meta":[],"product_brand":[828],"product_cat":[613,239],"product_tag":[59,210],"class_list":{"0":"post-16459","1":"product","2":"type-product","3":"status-publish","4":"has-post-thumbnail","6":"product_brand-brandp_1299","7":"product_cat-bricolage-et-materiel","8":"product_cat-maison-jardin","9":"product_tag-tag_1304","10":"product_tag-tag_25","12":"first","13":"instock","14":"taxable","15":"shipping-taxable","16":"purchasable","17":"product-type-simple"},"_links":{"self":[{"href":"https:\/\/bigbuy.tupique.com\/pt\/wp-json\/wp\/v2\/product\/16459","targetHints":{"allow":["GET"]}}],"collection":[{"href":"https:\/\/bigbuy.tupique.com\/pt\/wp-json\/wp\/v2\/product"}],"about":[{"href":"https:\/\/bigbuy.tupique.com\/pt\/wp-json\/wp\/v2\/types\/product"}],"replies":[{"embeddable":true,"href":"https:\/\/bigbuy.tupique.com\/pt\/wp-json\/wp\/v2\/comments?post=16459"}],"wp:featuredmedia":[{"embeddable":true,"href":"https:\/\/bigbuy.tupique.com\/pt\/wp-json\/wp\/v2\/media\/16453"}],"wp:attachment":[{"href":"https:\/\/bigbuy.tupique.com\/pt\/wp-json\/wp\/v2\/media?parent=16459"}],"wp:term":[{"taxonomy":"product_brand","embeddable":true,"href":"https:\/\/bigbuy.tupique.com\/pt\/wp-json\/wp\/v2\/product_brand?post=16459"},{"taxonomy":"product_cat","embeddable":true,"href":"https:\/\/bigbuy.tupique.com\/pt\/wp-json\/wp\/v2\/product_cat?post=16459"},{"taxonomy":"product_tag","embeddable":true,"href":"https:\/\/bigbuy.tupique.com\/pt\/wp-json\/wp\/v2\/product_tag?post=16459"}],"curies":[{"name":"wp","href":"https:\/\/api.w.org\/{rel}","templated":true}]}}