{"id":16442,"date":"2026-03-29T13:40:10","date_gmt":"2026-03-29T12:40:10","guid":{"rendered":"https:\/\/bigbuy.tupique.com\/produto\/monitor-videowall-philips-37bdl3050s-00-37\/"},"modified":"2026-04-16T14:45:36","modified_gmt":"2026-04-16T13:45:36","slug":"monitor-videowall-philips-37bdl3050s-00-37","status":"publish","type":"product","link":"https:\/\/bigbuy.tupique.com\/pt\/produto\/monitor-videowall-philips-37bdl3050s-00-37\/","title":{"rendered":"\u00c9cran Videowall Philips 37BDL3050S\/00 37&#8243;"},"content":{"rendered":"<p>Si vous \u00eates passionn\u00e9 d&#8217;<b>informatique et d&#8217;\u00e9lectronique<\/b>, si vous \u00eates \u00e0 la pointe de la technologie et qu&#8217;aucun d\u00e9tail ne vous \u00e9chappe, achetez <b>\u00c9cran Videowall Philips 37BDL3050S\/00 37&#8243;<\/b> au meilleur prix.<\/p>\n<p>Le <b>Philips 37BDL3050S\/00<\/b> est un <b>moniteur<\/b> videowall professionnel con\u00e7u pour offrir une solution visuelle de haute qualit\u00e9 dans les environnements d\u2019entreprise et commerciaux. Avec un <b>\u00e9cran de 37 pouces (94 cm)<\/b> et une r\u00e9solution <b>Full HD 1920 x 540 pixels<\/b>, ce moniteur pr\u00e9sente un format panoramique sp\u00e9cialement adapt\u00e9 aux configurations en mosa\u00efque et videowalls, garantissant des images nettes et un texte lisible. Sa luminosit\u00e9 de <b>700 cd\/m\u00b2<\/b> assure une excellente visibilit\u00e9 m\u00eame dans des espaces tr\u00e8s \u00e9clair\u00e9s, tandis qu\u2019un temps de r\u00e9ponse de <b>8 ms<\/b> permet une reproduction fluide des contenus, \u00e9vitant flous ou images fant\u00f4mes, essentiel pour la lecture de vid\u00e9os ou d\u2019informations dynamiques. \u00c9quip\u00e9 du syst\u00e8me d\u2019exploitation <b>Android 8.0<\/b> int\u00e9gr\u00e9, il permet l\u2019installation et l\u2019ex\u00e9cution d\u2019applications professionnelles de signalisation digitale sans appareils externes, facilitant la gestion et la personnalisation des contenus. Parmi ses options de connectivit\u00e9 figurent des ports <b>HDMI et USB 2.0<\/b>, offrant une grande polyvalence pour la connexion directe \u00e0 diverses sources vid\u00e9o et de stockage, optimisant son int\u00e9gration dans des syst\u00e8mes audiovisuels complexes. Sa conception en couleur <b>noir<\/b> et son format robuste sont pens\u00e9s pour un usage intensif, supportant un fonctionnement continu <b>24\/7<\/b>, ce qui confirme son aptitude aux installations permanentes en espaces ouverts ou ferm\u00e9s comme centres commerciaux, salles de contr\u00f4le ou expositions. Ce moniteur videowall Philips combine des technologies garantissant haute fid\u00e9lit\u00e9 visuelle, adaptabilit\u00e9 et r\u00e9sistance pour les applications professionnelles de signalisation digitale. Son design et ses caract\u00e9ristiques techniques positionnent le 37BDL3050S\/00 comme une option fiable pour ceux qui recherchent qualit\u00e9, stabilit\u00e9 et flexibilit\u00e9 dans des solutions audiovisuelles grand format.<\/p>\n<ul>\n<li>Type:\n<ul>\n<li>\u00c9cran<\/li>\n<li>Moniteur Videowall<\/li>\n<\/ul>\n<\/li>\n<li>Produit \u00e0 brancher: Oui<\/li>\n<li>Type de prise: Prise EU<\/li>\n<li>R\u00e9solution: Full HD<\/li>\n<li>Diagonale de l&#8217;\u00e9cran (cm): 94 cm<\/li>\n<li>Connexions:\n<ul>\n<li>Ethernet LAN<\/li>\n<li>HDMI<\/li>\n<li>USB<\/li>\n<li>USB 2.0<\/li>\n<li>RJ45<\/li>\n<li>HDMI 2.0<\/li>\n<li>VGA D-sub<\/li>\n<\/ul>\n<\/li>\n<li>Bloc d\u2019Alimentation: r\u00e9seau \u00e9lectrique<\/li>\n<li>Couleur: Noir<\/li>\n<li>Temps de r\u00e9ponse: 8 ms<\/li>\n<li>Brille: 700 cd\/m\u00b2<\/li>\n<li>Ecran: 37&#8243;<\/li>\n<li>M\u00e9moire interne: 8 GB<\/li>\n<li>Rapport d&#8217;aspect: 32:9<\/li>\n<li>R\u00e9solution (px): 1920 x 540 px<\/li>\n<li>Fr\u00e9quence: 50-60 Hz<\/li>\n<\/ul>","protected":false},"excerpt":{"rendered":"<p>Si vous \u00eates passionn\u00e9 d&#8217;informatique et d&#8217;\u00e9lectronique, si vous \u00eates \u00e0 la pointe de la technologie et qu&#8217;aucun d\u00e9tail ne vous \u00e9chappe, achetez \u00c9cran Videowall Philips 37BDL3050S\/00 37&#8243; au meilleur prix. Le Philips 37BDL3050S\/00 est un moniteur videowall professionnel con\u00e7u pour offrir une solution visuelle de haute qualit\u00e9 dans les environnements d\u2019entreprise et commerciaux. Avec [&hellip;]<\/p>\n","protected":false},"featured_media":16441,"comment_status":"open","ping_status":"closed","template":"","meta":[],"product_brand":[315],"product_cat":[65,581,616],"product_tag":[213,106],"class_list":{"0":"post-16442","1":"product","2":"type-product","3":"status-publish","4":"has-post-thumbnail","6":"product_brand-brandp_571","7":"product_cat-informatique-electronique","8":"product_cat-informatique-peripheriques-et-consommables","9":"product_cat-moniteurs","10":"product_tag-tag_933","11":"product_tag-tag_1295","13":"first","14":"instock","15":"taxable","16":"shipping-taxable","17":"purchasable","18":"product-type-simple"},"_links":{"self":[{"href":"https:\/\/bigbuy.tupique.com\/pt\/wp-json\/wp\/v2\/product\/16442","targetHints":{"allow":["GET"]}}],"collection":[{"href":"https:\/\/bigbuy.tupique.com\/pt\/wp-json\/wp\/v2\/product"}],"about":[{"href":"https:\/\/bigbuy.tupique.com\/pt\/wp-json\/wp\/v2\/types\/product"}],"replies":[{"embeddable":true,"href":"https:\/\/bigbuy.tupique.com\/pt\/wp-json\/wp\/v2\/comments?post=16442"}],"wp:featuredmedia":[{"embeddable":true,"href":"https:\/\/bigbuy.tupique.com\/pt\/wp-json\/wp\/v2\/media\/16441"}],"wp:attachment":[{"href":"https:\/\/bigbuy.tupique.com\/pt\/wp-json\/wp\/v2\/media?parent=16442"}],"wp:term":[{"taxonomy":"product_brand","embeddable":true,"href":"https:\/\/bigbuy.tupique.com\/pt\/wp-json\/wp\/v2\/product_brand?post=16442"},{"taxonomy":"product_cat","embeddable":true,"href":"https:\/\/bigbuy.tupique.com\/pt\/wp-json\/wp\/v2\/product_cat?post=16442"},{"taxonomy":"product_tag","embeddable":true,"href":"https:\/\/bigbuy.tupique.com\/pt\/wp-json\/wp\/v2\/product_tag?post=16442"}],"curies":[{"name":"wp","href":"https:\/\/api.w.org\/{rel}","templated":true}]}}