{"id":16440,"date":"2026-03-29T13:40:08","date_gmt":"2026-03-29T12:40:08","guid":{"rendered":"https:\/\/bigbuy.tupique.com\/produto\/monitor-samsung-s5-s50gc-100-hz-34-led-hdr10-va-amd-freesync-flicker-free\/"},"modified":"2026-05-11T20:02:44","modified_gmt":"2026-05-11T18:02:44","slug":"monitor-samsung-s5-s50gc-100-hz-34-led-hdr10-va-amd-freesync-flicker-free","status":"publish","type":"product","link":"https:\/\/bigbuy.tupique.com\/pt\/produto\/monitor-samsung-s5-s50gc-100-hz-34-led-hdr10-va-amd-freesync-flicker-free\/","title":{"rendered":"\u00c9cran Samsung S5 S50GC 100 Hz 34&#8243; LED HDR10 VA AMD FreeSync Flicker free"},"content":{"rendered":"<p>Si vous \u00eates passionn\u00e9 d&#8217;<b>informatique et d&#8217;\u00e9lectronique<\/b>, si vous \u00eates \u00e0 la pointe de la technologie et qu&#8217;aucun d\u00e9tail ne vous \u00e9chappe, achetez <b>\u00c9cran Samsung S5 S50GC 100 Hz 34&#8243; LED HDR10 VA AMD FreeSync Flicker free<\/b> au meilleur prix.<\/p>\n<p>Le <b>moniteur<\/b> professionnel Samsung ViewFinity <b>S5 S50GC<\/b> se distingue par sa configuration avanc\u00e9e con\u00e7ue pour les environnements professionnels et cr\u00e9atifs exigeant une grande pr\u00e9cision visuelle et un confort ergonomique. Avec un <b>\u00e9cran ultralarge de 34 pouces<\/b> et une r\u00e9solution UWQHD, ce moniteur offre une large surface de travail qui am\u00e9liore la productivit\u00e9 et facilite la gestion simultan\u00e9e de plusieurs applications. Sa technologie de dalle <b>VA LCD LED<\/b> garantit un fort contraste et des couleurs vives, compl\u00e9t\u00e9e par l\u2019int\u00e9gration du standard <b>HDR10<\/b>, offrant une plage dynamique am\u00e9lior\u00e9e pour des images plus r\u00e9alistes et d\u00e9taill\u00e9es. L\u2019\u00e9cran int\u00e8gre la technologie <b>flicker free<\/b> qui r\u00e9duit le scintillement, diminuant la fatigue oculaire lors de longues sessions devant l\u2019appareil. De plus, il pr\u00e9sente un design noir \u00e9l\u00e9gant et fonctionnel, avec des options de fixation murale et un support solide permettant une inclinaison ajustable pour s\u2019adapter \u00e0 diff\u00e9rentes positions de travail et assurer un confort optimal. Ce moniteur allie caract\u00e9ristiques professionnelles, design ergonomique et technologies visuelles avanc\u00e9es, se positionnant comme une solution optimale pour les professionnels n\u00e9cessitant pr\u00e9cision d\u2019image et flexibilit\u00e9 en milieu de travail.<\/p>\n<ul>\n<li>Fr\u00e9quence:\n<ul>\n<li>100 Hz<\/li>\n<li>75 Hz<\/li>\n<\/ul>\n<\/li>\n<li>Ecran: 34&#8243;<\/li>\n<li>Type: \u00c9cran<\/li>\n<li>Produit \u00e0 brancher: Oui<\/li>\n<li>Type de prise: Prise EU<\/li>\n<li>Diagonale de l&#8217;\u00e9cran (cm): 86,4 cm<\/li>\n<li>Caract\u00e9ristiques:\n<ul>\n<li>\u00c9cran plat<\/li>\n<li>HDR<\/li>\n<li>Avec stand<\/li>\n<li>Inclinaison r\u00e9glable<\/li>\n<li>D\u00e9montable<\/li>\n<\/ul>\n<\/li>\n<li>R\u00e9solution:\n<ul>\n<li>UltraWide Quad HD<\/li>\n<li>QHD<\/li>\n<\/ul>\n<\/li>\n<li>Connexions:\n<ul>\n<li>DisplayPort 1.2<\/li>\n<li>HDMI<\/li>\n<li>HDMI 2.0<\/li>\n<li>HDCP<\/li>\n<li>DisplayPort x 1<\/li>\n<li>HDMI x 2<\/li>\n<\/ul>\n<\/li>\n<li>Bloc d\u2019Alimentation: r\u00e9seau \u00e9lectrique<\/li>\n<li>Couleur: Noir<\/li>\n<li>consommation d&#8217;\u00e9nergie:\n<ul>\n<li>50 W<\/li>\n<li>0,5 W<\/li>\n<li>32 kWh<\/li>\n<\/ul>\n<\/li>\n<li>Brille:\n<ul>\n<li>250 cd\/m2<\/li>\n<li>300 lm ANSI<\/li>\n<\/ul>\n<\/li>\n<li>\u00c9lev\u00e9: 45,7 cm<\/li>\n<li>Classification \u00e9nerg\u00e9tique: G<\/li>\n<li>Rapport d&#8217;aspect: 21:9<\/li>\n<li>Largeur:\n<ul>\n<li>15 cm<\/li>\n<li>150 mm<\/li>\n<\/ul>\n<\/li>\n<li>Temps de r\u00e9ponse:\n<ul>\n<li>4 ms<\/li>\n<li>5 ms<\/li>\n<\/ul>\n<\/li>\n<li>Technologie:\n<ul>\n<li>TN<\/li>\n<li>HDR10<\/li>\n<li>AMD FreeSync<\/li>\n<li>LED<\/li>\n<li>VA<\/li>\n<li>LCD<\/li>\n<li>Flicker free<\/li>\n<\/ul>\n<\/li>\n<li>Rapport de contraste: 3000:1<\/li>\n<li>Standard: NTSC<\/li>\n<li>Compatible: Windows 10<\/li>\n<li>Inclut:\n<ul>\n<li>HDMI 2.0<\/li>\n<li>Adaptateur de courant<\/li>\n<li>Sortie d&#8217;\u00e9couteurs<\/li>\n<\/ul>\n<\/li>\n<li>VESA: 10 x 10 cm<\/li>\n<li>Tension: 100 &#8211; 240 V<\/li>\n<li>Ethernet: Non<\/li>\n<li>Ecran tactile: Non<\/li>\n<li>Non Inclus: Wi-Fi<\/li>\n<li>Angle: 178\u00ba<\/li>\n<li>Montage: VESA<\/li>\n<li>Utilisation recommand\u00e9e: Entreprise et commerce<\/li>\n<li>R\u00e9solution (px): 3440 x 1440 px<\/li>\n<\/ul>","protected":false},"excerpt":{"rendered":"<p>Si vous \u00eates passionn\u00e9 d&#8217;informatique et d&#8217;\u00e9lectronique, si vous \u00eates \u00e0 la pointe de la technologie et qu&#8217;aucun d\u00e9tail ne vous \u00e9chappe, achetez \u00c9cran Samsung S5 S50GC 100 Hz 34&#8243; LED HDR10 VA AMD FreeSync Flicker free au meilleur prix. Le moniteur professionnel Samsung ViewFinity S5 S50GC se distingue par sa configuration avanc\u00e9e con\u00e7ue pour [&hellip;]<\/p>\n","protected":false},"featured_media":16435,"comment_status":"open","ping_status":"closed","template":"","meta":[],"product_brand":[183],"product_cat":[65,581,616],"product_tag":[213,59,106],"class_list":{"0":"post-16440","1":"product","2":"type-product","3":"status-publish","4":"has-post-thumbnail","6":"product_brand-brandp_576","7":"product_cat-informatique-electronique","8":"product_cat-informatique-peripheriques-et-consommables","9":"product_cat-moniteurs","10":"product_tag-tag_933","11":"product_tag-tag_1304","12":"product_tag-tag_1295","14":"first","15":"instock","16":"taxable","17":"shipping-taxable","18":"purchasable","19":"product-type-simple"},"_links":{"self":[{"href":"https:\/\/bigbuy.tupique.com\/pt\/wp-json\/wp\/v2\/product\/16440","targetHints":{"allow":["GET"]}}],"collection":[{"href":"https:\/\/bigbuy.tupique.com\/pt\/wp-json\/wp\/v2\/product"}],"about":[{"href":"https:\/\/bigbuy.tupique.com\/pt\/wp-json\/wp\/v2\/types\/product"}],"replies":[{"embeddable":true,"href":"https:\/\/bigbuy.tupique.com\/pt\/wp-json\/wp\/v2\/comments?post=16440"}],"wp:featuredmedia":[{"embeddable":true,"href":"https:\/\/bigbuy.tupique.com\/pt\/wp-json\/wp\/v2\/media\/16435"}],"wp:attachment":[{"href":"https:\/\/bigbuy.tupique.com\/pt\/wp-json\/wp\/v2\/media?parent=16440"}],"wp:term":[{"taxonomy":"product_brand","embeddable":true,"href":"https:\/\/bigbuy.tupique.com\/pt\/wp-json\/wp\/v2\/product_brand?post=16440"},{"taxonomy":"product_cat","embeddable":true,"href":"https:\/\/bigbuy.tupique.com\/pt\/wp-json\/wp\/v2\/product_cat?post=16440"},{"taxonomy":"product_tag","embeddable":true,"href":"https:\/\/bigbuy.tupique.com\/pt\/wp-json\/wp\/v2\/product_tag?post=16440"}],"curies":[{"name":"wp","href":"https:\/\/api.w.org\/{rel}","templated":true}]}}