{"id":16370,"date":"2026-03-29T13:38:38","date_gmt":"2026-03-29T12:38:38","guid":{"rendered":"https:\/\/bigbuy.tupique.com\/produto\/superautomatic-coffee-maker-melitta-f230-101-silver-1450-w-15-bar-1-l\/"},"modified":"2026-04-16T20:13:18","modified_gmt":"2026-04-16T19:13:18","slug":"superautomatic-coffee-maker-melitta-f230-101-silver-1450-w-15-bar-1-l","status":"publish","type":"product","link":"https:\/\/bigbuy.tupique.com\/pt\/produto\/superautomatic-coffee-maker-melitta-f230-101-silver-1450-w-15-bar-1-l\/","title":{"rendered":"Cafeti\u00e8re superautomatique Melitta F230-101 Argent\u00e9 1450 W 15 bar 1 L"},"content":{"rendered":"<p>Si vous recherchez des \u00e9lectrom\u00e9nagers pour votre maison aux meilleurs prix, ne manquez pas <b>Cafeti\u00e8re superautomatique Melitta F230-101 Argent\u00e9 1450 W 15 bar 1 L<\/b> et une large s\u00e9lection de petits \u00e9lectrom\u00e9nagers de qualit\u00e9 !<\/p>\n<p>La <b>cafeti\u00e8re super-automatique Melitta mod\u00e8le 6769697<\/b> allie design et fonctionnalit\u00e9 avanc\u00e9e pour offrir une exp\u00e9rience caf\u00e9 compl\u00e8te \u00e0 domicile. Cette machine, d\u2019une puissance de <b>1400 W<\/b>, est fabriqu\u00e9e en <b>acier inoxydable<\/b>, lui assurant robustesse et durabilit\u00e9, avec une finition <b>blanche et argent\u00e9e<\/b> qui s\u2019int\u00e8gre facilement dans toute cuisine moderne. Sa <b>capacit\u00e9 de 1 litre<\/b> permet de pr\u00e9parer plusieurs tasses sans recharges fr\u00e9quentes, id\u00e9ale pour les foyers ou petits bureaux. Elle int\u00e8gre un syst\u00e8me de pression de <b>15 bars<\/b>, standard des machines \u00e0 espresso automatiques, garantissant une extraction optimale des ar\u00f4mes et huiles du caf\u00e9 pour un go\u00fbt intense et \u00e9quilibr\u00e9. De plus, elle dispose d\u2019un moulin int\u00e9gr\u00e9 qui permet de moudre les grains \u00e0 la demande, pr\u00e9servant fra\u00eecheur et qualit\u00e9 du caf\u00e9. Son design compact, avec des dimensions d\u2019environ <b>20 cm<\/b>, facilite son installation dans les espaces r\u00e9duits, tandis que son panneau de contr\u00f4le intuitif et ses larges boutons simplifient son utilisation quotidienne. La <b>cafeti\u00e8re Melitta F230-101<\/b>, dans cette gamme, se distingue par un syst\u00e8me de pompe innovant qui intensifie le d\u00e9ploiement aromatique, compl\u00e9t\u00e9 par un r\u00e9servoir d\u2019eau de <b>1,2 litre<\/b> augmentant son autonomie. Sa combinaison de fonctionnalit\u00e9, mat\u00e9riaux r\u00e9sistants et esth\u00e9tique soign\u00e9e en fait une option polyvalente pour les utilisateurs recherchant une cafeti\u00e8re super-automatique fiable, \u00e9quilibr\u00e9e en puissance et capacit\u00e9, adapt\u00e9e \u00e0 la pr\u00e9paration d\u2019espressos et autres boissons caf\u00e9in\u00e9es avec confort et qualit\u00e9. En r\u00e9sum\u00e9, cette machine repr\u00e9sente une solution efficace pour ceux qui valorisent la qualit\u00e9 du caf\u00e9 et la praticit\u00e9 dans un format compact.<\/p>\n<ul>\n<li>Couleur:\n<ul>\n<li>Argent\u00e9<\/li>\n<li>Blanc<\/li>\n<\/ul>\n<\/li>\n<li>Produit \u00e0 brancher: Oui<\/li>\n<li>Type de prise: Prise EU<\/li>\n<li>Type:\n<ul>\n<li>Cafeti\u00e8re superautomatique<\/li>\n<li>Machine \u00e0 espresso<\/li>\n<\/ul>\n<\/li>\n<li>Bloc d\u2019Alimentation: r\u00e9seau \u00e9lectrique<\/li>\n<li>Largeur: 20 cm<\/li>\n<li>puissance:\n<ul>\n<li>1450 W<\/li>\n<li>1400 W<\/li>\n<\/ul>\n<\/li>\n<li>\u00c9lev\u00e9: 32,5 cm<\/li>\n<li>Long: 45,5 cm<\/li>\n<li>Pression: 15 bar<\/li>\n<li>Niveaux de temp\u00e9rature: 3<\/li>\n<li>Capacit\u00e9:\n<ul>\n<li>125 g<\/li>\n<li>1 L<\/li>\n<li>1,2 L<\/li>\n<\/ul>\n<\/li>\n<li>Mati\u00e8re: Acier inoxydable<\/li>\n<li>Classification \u00e9nerg\u00e9tique: A<\/li>\n<li>Inclut: Ecran<\/li>\n<li>Technologie: LCD<\/li>\n<\/ul>","protected":false},"excerpt":{"rendered":"<p><span class=\"unit-info\">375.1920 &euro; \/ 100 gr<\/span><\/p>","protected":false},"featured_media":16368,"comment_status":"open","ping_status":"closed","template":"","meta":[],"product_brand":[305],"product_cat":[725,60,77],"product_tag":[59,56],"class_list":{"0":"post-16370","1":"product","2":"type-product","3":"status-publish","4":"has-post-thumbnail","6":"product_brand-brandp_4976","7":"product_cat-cafetieres","8":"product_cat-cuisine-gourmet","9":"product_cat-petit-electromenager","10":"product_tag-tag_1304","11":"product_tag-tag_930","13":"first","14":"instock","15":"taxable","16":"shipping-taxable","17":"purchasable","18":"product-type-simple"},"_links":{"self":[{"href":"https:\/\/bigbuy.tupique.com\/pt\/wp-json\/wp\/v2\/product\/16370","targetHints":{"allow":["GET"]}}],"collection":[{"href":"https:\/\/bigbuy.tupique.com\/pt\/wp-json\/wp\/v2\/product"}],"about":[{"href":"https:\/\/bigbuy.tupique.com\/pt\/wp-json\/wp\/v2\/types\/product"}],"replies":[{"embeddable":true,"href":"https:\/\/bigbuy.tupique.com\/pt\/wp-json\/wp\/v2\/comments?post=16370"}],"wp:featuredmedia":[{"embeddable":true,"href":"https:\/\/bigbuy.tupique.com\/pt\/wp-json\/wp\/v2\/media\/16368"}],"wp:attachment":[{"href":"https:\/\/bigbuy.tupique.com\/pt\/wp-json\/wp\/v2\/media?parent=16370"}],"wp:term":[{"taxonomy":"product_brand","embeddable":true,"href":"https:\/\/bigbuy.tupique.com\/pt\/wp-json\/wp\/v2\/product_brand?post=16370"},{"taxonomy":"product_cat","embeddable":true,"href":"https:\/\/bigbuy.tupique.com\/pt\/wp-json\/wp\/v2\/product_cat?post=16370"},{"taxonomy":"product_tag","embeddable":true,"href":"https:\/\/bigbuy.tupique.com\/pt\/wp-json\/wp\/v2\/product_tag?post=16370"}],"curies":[{"name":"wp","href":"https:\/\/api.w.org\/{rel}","templated":true}]}}