{"id":16357,"date":"2026-03-29T13:38:23","date_gmt":"2026-03-29T12:38:23","guid":{"rendered":"https:\/\/bigbuy.tupique.com\/produto\/superautomatic-coffee-maker-delonghi-ecam65055ms-1450-w-grey-1450-w-2-l\/"},"modified":"2026-04-16T17:21:22","modified_gmt":"2026-04-16T16:21:22","slug":"superautomatic-coffee-maker-delonghi-ecam65055ms-1450-w-grey-1450-w-2-l","status":"publish","type":"product","link":"https:\/\/bigbuy.tupique.com\/pt\/produto\/superautomatic-coffee-maker-delonghi-ecam65055ms-1450-w-grey-1450-w-2-l\/","title":{"rendered":"Cafeti\u00e8re superautomatique DeLonghi ECAM65055MS 1450 W Gris 1450 W 2 L"},"content":{"rendered":"<p>Si vous recherchez des \u00e9lectrom\u00e9nagers pour votre maison aux meilleurs prix, ne manquez pas <b>Cafeti\u00e8re superautomatique DeLonghi ECAM65055MS 1450 W Gris 1450 W 2 L<\/b> et une large s\u00e9lection de petits \u00e9lectrom\u00e9nagers de qualit\u00e9 !<\/p>\n<p>La <b>Cafeti\u00e8re Superautomatique DeLonghi ECAM65055MS<\/b> est un appareil con\u00e7u pour offrir une exp\u00e9rience compl\u00e8te et professionnelle de pr\u00e9paration de caf\u00e9 \u00e0 domicile. Elle pr\u00e9sente un design moderne et robuste en <b>gris<\/b>, fabriqu\u00e9e en <b>acier inoxydable<\/b> et \u00e9l\u00e9ments en <b>plastique<\/b>, garantissant durabilit\u00e9 et entretien facile. Cette machine dispose d\u2019une <b>pression de 15 bars<\/b>, niveau optimal pour extraire un espresso avec l\u2019intensit\u00e9 et la cr\u00e8me ad\u00e9quates, tandis que sa <b>puissance de 1450 W<\/b> assure un chauffage rapide et efficace. Elle est \u00e9quip\u00e9e d\u2019un <b>r\u00e9servoir d\u2019eau de 2 litres<\/b>, id\u00e9al pour pr\u00e9parer plusieurs caf\u00e9s sans recharge fr\u00e9quente, ainsi que d\u2019un grand contenant \u00e0 grains de caf\u00e9 de 400 grammes, facilitant une utilisation prolong\u00e9e et pr\u00e9servant la fra\u00eecheur des grains. De plus, elle int\u00e8gre un moulin connect\u00e9 qui permet de moudre le caf\u00e9 directement pour conserver son ar\u00f4me et sa saveur. Son \u00e9cran tactile LCD de <b>3,5 pouces<\/b> offre une manipulation intuitive et un acc\u00e8s direct \u00e0 <b>8 recettes personnalisables<\/b>, allant des espressos traditionnels \u00e0 d\u2019autres vari\u00e9t\u00e9s adapt\u00e9es \u00e0 diff\u00e9rents go\u00fbts, rendant la personnalisation simple et rapide. Ses dimensions approximatives (48 cm de largeur) permettent un placement confortable sur la plupart des plans de travail. Sa connectivit\u00e9 ajoute un avantage technologique pour g\u00e9rer et personnaliser les pr\u00e9parations via des appareils mobiles, r\u00e9pondant aux besoins actuels des utilisateurs exigeants. En r\u00e9sum\u00e9, ce mod\u00e8le combine technologie avanc\u00e9e, capacit\u00e9 adapt\u00e9e et mat\u00e9riaux de qualit\u00e9 pour offrir un caf\u00e9 haut de gamme dans le confort du foyer. La DeLonghi ECAM65055MS se positionne comme une solution compl\u00e8te pour les amateurs de caf\u00e9 recherchant fonctionnalit\u00e9, fiabilit\u00e9 et design contemporain dans une machine superautomatique.<\/p>\n<ul>\n<li>Produit \u00e0 brancher: Oui<\/li>\n<li>Type de prise: Prise EU<\/li>\n<li>Type:\n<ul>\n<li>Cafeti\u00e8re express<\/li>\n<li>Cafeti\u00e8re superautomatique<\/li>\n<\/ul>\n<\/li>\n<li>Bloc d\u2019Alimentation: r\u00e9seau \u00e9lectrique<\/li>\n<li>Couleur: Gris<\/li>\n<li>Largeur: 26 cm<\/li>\n<li>puissance: 1450 W<\/li>\n<li>Pression: 15 bar<\/li>\n<li>Mati\u00e8re:\n<ul>\n<li>Acier inoxydable<\/li>\n<li>Plastique<\/li>\n<\/ul>\n<\/li>\n<li>Capacit\u00e9: 2 L<\/li>\n<li>Tension: 240 V<\/li>\n<\/ul>","protected":false},"excerpt":{"rendered":"<p><span class=\"unit-info\">722.9950 &euro; \/ 1 l<\/span><\/p>","protected":false},"featured_media":16348,"comment_status":"open","ping_status":"closed","template":"","meta":[],"product_brand":[299],"product_cat":[725,60,77],"product_tag":[59,56],"class_list":{"0":"post-16357","1":"product","2":"type-product","3":"status-publish","4":"has-post-thumbnail","6":"product_brand-brandp_5487","7":"product_cat-cafetieres","8":"product_cat-cuisine-gourmet","9":"product_cat-petit-electromenager","10":"product_tag-tag_1304","11":"product_tag-tag_930","13":"first","14":"instock","15":"taxable","16":"shipping-taxable","17":"purchasable","18":"product-type-simple"},"_links":{"self":[{"href":"https:\/\/bigbuy.tupique.com\/pt\/wp-json\/wp\/v2\/product\/16357","targetHints":{"allow":["GET"]}}],"collection":[{"href":"https:\/\/bigbuy.tupique.com\/pt\/wp-json\/wp\/v2\/product"}],"about":[{"href":"https:\/\/bigbuy.tupique.com\/pt\/wp-json\/wp\/v2\/types\/product"}],"replies":[{"embeddable":true,"href":"https:\/\/bigbuy.tupique.com\/pt\/wp-json\/wp\/v2\/comments?post=16357"}],"wp:featuredmedia":[{"embeddable":true,"href":"https:\/\/bigbuy.tupique.com\/pt\/wp-json\/wp\/v2\/media\/16348"}],"wp:attachment":[{"href":"https:\/\/bigbuy.tupique.com\/pt\/wp-json\/wp\/v2\/media?parent=16357"}],"wp:term":[{"taxonomy":"product_brand","embeddable":true,"href":"https:\/\/bigbuy.tupique.com\/pt\/wp-json\/wp\/v2\/product_brand?post=16357"},{"taxonomy":"product_cat","embeddable":true,"href":"https:\/\/bigbuy.tupique.com\/pt\/wp-json\/wp\/v2\/product_cat?post=16357"},{"taxonomy":"product_tag","embeddable":true,"href":"https:\/\/bigbuy.tupique.com\/pt\/wp-json\/wp\/v2\/product_tag?post=16357"}],"curies":[{"name":"wp","href":"https:\/\/api.w.org\/{rel}","templated":true}]}}