{"id":16324,"date":"2026-03-29T13:37:40","date_gmt":"2026-03-29T12:37:40","guid":{"rendered":"https:\/\/bigbuy.tupique.com\/produto\/superautomatic-coffee-maker-delonghi-ecam650-85-ms-1450-w-grey-1-l\/"},"modified":"2026-04-16T17:21:22","modified_gmt":"2026-04-16T16:21:22","slug":"superautomatic-coffee-maker-delonghi-ecam650-85-ms-1450-w-grey-1-l","status":"publish","type":"product","link":"https:\/\/bigbuy.tupique.com\/pt\/produto\/superautomatic-coffee-maker-delonghi-ecam650-85-ms-1450-w-grey-1-l\/","title":{"rendered":"Cafeti\u00e8re superautomatique DeLonghi ECAM650.85.MS 1450 W Gris 1 L"},"content":{"rendered":"<p>Si vous recherchez des \u00e9lectrom\u00e9nagers pour votre maison aux meilleurs prix, ne manquez pas <b>Cafeti\u00e8re superautomatique DeLonghi ECAM650.85.MS 1450 W Gris 1 L<\/b> et une large s\u00e9lection de petits \u00e9lectrom\u00e9nagers de qualit\u00e9 !<\/p>\n<p>La <b>DeLonghi ECAM650.85.MS<\/b> est une <b>machine \u00e0 caf\u00e9 super-automatique<\/b> avanc\u00e9e con\u00e7ue pour les amateurs de caf\u00e9 recherchant qualit\u00e9, personnalisation et confort maximal \u00e0 domicile. Gr\u00e2ce \u00e0 sa finition \u00e9l\u00e9gante en <b>acier inoxydable<\/b> combin\u00e9e \u00e0 des d\u00e9tails en <b>noir et gris<\/b>, cette machine se distingue par son esth\u00e9tique moderne et sa robustesse. Elle comprend un <b>\u00e9cran tactile<\/b> intuitif permettant de g\u00e9rer facilement toutes les fonctions et d\u2019acc\u00e9der directement aux boissons favorites, avec des profils utilisateurs personnalisables. Son <b>moulin int\u00e9gr\u00e9<\/b> garantit une mouture fra\u00eeche pour chaque pr\u00e9paration, permettant d\u2019extraire un maximum d\u2019ar\u00f4me et de saveur du caf\u00e9 en grains, tandis que la <b>pression de 19 bars<\/b> optimise l\u2019extraction pour obtenir des expressos de qualit\u00e9 professionnelle avec une cr\u00e8me dense et persistante. Ce mod\u00e8le propose une large vari\u00e9t\u00e9 de recettes automatiques comme caf\u00e9, cappuccino+, CappuccinoMix, americano et th\u00e9, le rendant polyvalent selon les pr\u00e9f\u00e9rences et moments de la journ\u00e9e. Le syst\u00e8me intelligent permet la gestion des recettes via une application mobile et offre des d\u00e9tails premium tels qu\u2019une carafe thermique, un grand compartiment \u00e0 grains de 400 g et un r\u00e9servoir d\u2019eau de 2 litres. Avec la possibilit\u00e9 de personnaliser l\u2019intensit\u00e9, la temp\u00e9rature et le volume de chaque boisson, la DeLonghi ECAM650.85.MS repr\u00e9sente une solution compl\u00e8te et sophistiqu\u00e9e pour ceux qui appr\u00e9cient \u00e0 la fois le go\u00fbt et la technologie dans la pr\u00e9paration quotidienne du caf\u00e9.<\/p>\n<ul>\n<li>Type: Cafeti\u00e8re superautomatique<\/li>\n<li>Mati\u00e8re: Acier inoxydable<\/li>\n<li>Caract\u00e9ristiques:\n<ul>\n<li>Ecran tactile<\/li>\n<li>Broyeur int\u00e9gr\u00e9<\/li>\n<\/ul>\n<\/li>\n<li>Couleur:\n<ul>\n<li>Noir<\/li>\n<li>Argent\u00e9<\/li>\n<li>Gris<\/li>\n<\/ul>\n<\/li>\n<li>puissance: 1450 W<\/li>\n<li>Produit \u00e0 brancher: Oui<\/li>\n<li>Bloc d\u2019Alimentation: r\u00e9seau \u00e9lectrique<\/li>\n<li>Pression: 19 bar<\/li>\n<\/ul>","protected":false},"excerpt":{"rendered":"<p>Si vous recherchez des \u00e9lectrom\u00e9nagers pour votre maison aux meilleurs prix, ne manquez pas Cafeti\u00e8re superautomatique DeLonghi ECAM650.85.MS 1450 W Gris 1 L et une large s\u00e9lection de petits \u00e9lectrom\u00e9nagers de qualit\u00e9 ! La DeLonghi ECAM650.85.MS est une machine \u00e0 caf\u00e9 super-automatique avanc\u00e9e con\u00e7ue pour les amateurs de caf\u00e9 recherchant qualit\u00e9, personnalisation et confort maximal [&hellip;]<\/p>\n","protected":false},"featured_media":16320,"comment_status":"open","ping_status":"closed","template":"","meta":[],"product_brand":[299],"product_cat":[725,60,77],"product_tag":[59,56],"class_list":{"0":"post-16324","1":"product","2":"type-product","3":"status-publish","4":"has-post-thumbnail","6":"product_brand-brandp_5487","7":"product_cat-cafetieres","8":"product_cat-cuisine-gourmet","9":"product_cat-petit-electromenager","10":"product_tag-tag_1304","11":"product_tag-tag_930","13":"first","14":"instock","15":"taxable","16":"shipping-taxable","17":"purchasable","18":"product-type-simple"},"_links":{"self":[{"href":"https:\/\/bigbuy.tupique.com\/pt\/wp-json\/wp\/v2\/product\/16324","targetHints":{"allow":["GET"]}}],"collection":[{"href":"https:\/\/bigbuy.tupique.com\/pt\/wp-json\/wp\/v2\/product"}],"about":[{"href":"https:\/\/bigbuy.tupique.com\/pt\/wp-json\/wp\/v2\/types\/product"}],"replies":[{"embeddable":true,"href":"https:\/\/bigbuy.tupique.com\/pt\/wp-json\/wp\/v2\/comments?post=16324"}],"wp:featuredmedia":[{"embeddable":true,"href":"https:\/\/bigbuy.tupique.com\/pt\/wp-json\/wp\/v2\/media\/16320"}],"wp:attachment":[{"href":"https:\/\/bigbuy.tupique.com\/pt\/wp-json\/wp\/v2\/media?parent=16324"}],"wp:term":[{"taxonomy":"product_brand","embeddable":true,"href":"https:\/\/bigbuy.tupique.com\/pt\/wp-json\/wp\/v2\/product_brand?post=16324"},{"taxonomy":"product_cat","embeddable":true,"href":"https:\/\/bigbuy.tupique.com\/pt\/wp-json\/wp\/v2\/product_cat?post=16324"},{"taxonomy":"product_tag","embeddable":true,"href":"https:\/\/bigbuy.tupique.com\/pt\/wp-json\/wp\/v2\/product_tag?post=16324"}],"curies":[{"name":"wp","href":"https:\/\/api.w.org\/{rel}","templated":true}]}}