{"id":16315,"date":"2026-03-29T13:37:28","date_gmt":"2026-03-29T12:37:28","guid":{"rendered":"https:\/\/bigbuy.tupique.com\/produto\/switch-d-link-dgs-1210-28mp-e\/"},"modified":"2026-04-15T00:47:06","modified_gmt":"2026-04-14T23:47:06","slug":"switch-d-link-dgs-1210-28mp-e","status":"publish","type":"product","link":"https:\/\/bigbuy.tupique.com\/pt\/produto\/switch-d-link-dgs-1210-28mp-e\/","title":{"rendered":"Switch D-Link DGS-1210-28MP\/E"},"content":{"rendered":"<p>Si vous \u00eates passionn\u00e9 d&#8217;<b>informatique et d&#8217;\u00e9lectronique<\/b>, si vous \u00eates \u00e0 la pointe de la technologie et qu&#8217;aucun d\u00e9tail ne vous \u00e9chappe, achetez <b>Switch D-Link DGS-1210-28MP\/E<\/b> au meilleur prix.<\/p>\n<p>Le <b>switch<\/b> <b>DGS-1210-28MP\/E<\/b> de <b>D-Link<\/b> est un \u00e9quipement r\u00e9seau manageable con\u00e7u pour les environnements professionnels n\u00e9cessitant une haute capacit\u00e9 d\u2019interconnexion et l\u2019alimentation des appareils via Power over Ethernet (PoE). Ce mod\u00e8le Smart Plus dispose de <b>28 ports<\/b>, incluant des connexions <b>RJ-45 10\/100\/1000 Mbps<\/b> pour un transfert de donn\u00e9es rapide et efficace, ainsi que des ports <b>SFP<\/b> pour les liaisons fibre optique, facilitant l\u2019extension et la flexibilit\u00e9 de l\u2019infrastructure r\u00e9seau. \u00c9quip\u00e9 d\u2019une m\u00e9moire de <b>256 MB<\/b> et d\u2019un stockage interne de <b>32 GB<\/b>, il offre des performances stables supportant plusieurs fonctions avanc\u00e9es de gestion et de s\u00e9curit\u00e9, adapt\u00e9 aux r\u00e9seaux d\u2019entreprise de taille moyenne \u00e0 grande. Sa capacit\u00e9 d\u2019alimentation via <b>PoE<\/b> exploite l\u2019infrastructure c\u00e2bl\u00e9e existante, fournissant de l\u2019\u00e9nergie \u00e0 des dispositifs tels que cam\u00e9ras IP, t\u00e9l\u00e9phones VoIP ou points d\u2019acc\u00e8s sans fil sans sources suppl\u00e9mentaires, simplifiant l\u2019installation et r\u00e9duisant les co\u00fbts. De plus, sa prise en charge de la tension <b>240 V<\/b> garantit la compatibilit\u00e9 avec la plupart des environnements \u00e9lectriques professionnels europ\u00e9ens. L\u2019appareil pr\u00e9sente un design robuste multi-supports, compatible avec les racks standards, favorisant une installation r\u00e9seau organis\u00e9e et efficace. Le DGS-1210-28MP\/E est id\u00e9al pour les entreprises recherchant un switch fiable, avec des options avanc\u00e9es de gestion et une connectivit\u00e9 polyvalente qui optimisent le trafic r\u00e9seau et facilitent le d\u00e9ploiement de solutions PoE dans une infrastructure technologique moderne. En r\u00e9sum\u00e9, il constitue une solution technique \u00e9quilibr\u00e9e pour la consolidation et l\u2019extension des r\u00e9seaux d\u2019entreprise avec des exigences \u00e9lev\u00e9es en performances et capacit\u00e9.<\/p>\n<ul>\n<li>Ports:\n<ul>\n<li>28<\/li>\n<li>24<\/li>\n<\/ul>\n<\/li>\n<li>Produit \u00e0 brancher: Oui<\/li>\n<li>Type de prise: Prise EU<\/li>\n<li>Type: Switch<\/li>\n<li>Bloc d\u2019Alimentation: r\u00e9seau \u00e9lectrique<\/li>\n<li>Couleur:\n<ul>\n<li>Noir<\/li>\n<li>Gris<\/li>\n<\/ul>\n<\/li>\n<li>Connexions:\n<ul>\n<li>RJ45<\/li>\n<li>RJ45 x 24<\/li>\n<li>PoE x 1<\/li>\n<li>Ethernet LAN<\/li>\n<\/ul>\n<\/li>\n<li>Tension:\n<ul>\n<li>100-240 V<\/li>\n<li>240 V<\/li>\n<li>100 &#8211; 240 V<\/li>\n<\/ul>\n<\/li>\n<li>Ventillateur: 2<\/li>\n<li>Fr\u00e9quence:\n<ul>\n<li>50-60 Hz<\/li>\n<li>50 &#8211; 60 Hz<\/li>\n<\/ul>\n<\/li>\n<li>M\u00e9moire interne:\n<ul>\n<li>256 MB<\/li>\n<li>32 GB<\/li>\n<\/ul>\n<\/li>\n<li>Support: Multisupport<\/li>\n<li>N\u00b0 de rainures: 4<\/li>\n<li>Largeur: 44 cm<\/li>\n<li>Plage d&#8217;humidit\u00e9 de travail: 10 % &#8211; 90 %<\/li>\n<li>Facteur de forme: 1U<\/li>\n<li>Temp\u00e9rature approximative: -40\u00ba \/ 70\u00ba<\/li>\n<li>S\u00e9curit\u00e9: IGMP<\/li>\n<li>Long: 21 cm<\/li>\n<\/ul>","protected":false},"excerpt":{"rendered":"<p>Si vous \u00eates passionn\u00e9 d&#8217;informatique et d&#8217;\u00e9lectronique, si vous \u00eates \u00e0 la pointe de la technologie et qu&#8217;aucun d\u00e9tail ne vous \u00e9chappe, achetez Switch D-Link DGS-1210-28MP\/E au meilleur prix. Le switch DGS-1210-28MP\/E de D-Link est un \u00e9quipement r\u00e9seau manageable con\u00e7u pour les environnements professionnels n\u00e9cessitant une haute capacit\u00e9 d\u2019interconnexion et l\u2019alimentation des appareils via Power [&hellip;]<\/p>\n","protected":false},"featured_media":16314,"comment_status":"open","ping_status":"closed","template":"","meta":[],"product_brand":[640],"product_cat":[65,584,585],"product_tag":[106],"class_list":{"0":"post-16315","1":"product","2":"type-product","3":"status-publish","4":"has-post-thumbnail","6":"product_brand-brandp_543","7":"product_cat-informatique-electronique","8":"product_cat-informatique-reseaux-et-composants","9":"product_cat-switch","10":"product_tag-tag_1295","12":"first","13":"instock","14":"taxable","15":"shipping-taxable","16":"purchasable","17":"product-type-simple"},"_links":{"self":[{"href":"https:\/\/bigbuy.tupique.com\/pt\/wp-json\/wp\/v2\/product\/16315","targetHints":{"allow":["GET"]}}],"collection":[{"href":"https:\/\/bigbuy.tupique.com\/pt\/wp-json\/wp\/v2\/product"}],"about":[{"href":"https:\/\/bigbuy.tupique.com\/pt\/wp-json\/wp\/v2\/types\/product"}],"replies":[{"embeddable":true,"href":"https:\/\/bigbuy.tupique.com\/pt\/wp-json\/wp\/v2\/comments?post=16315"}],"wp:featuredmedia":[{"embeddable":true,"href":"https:\/\/bigbuy.tupique.com\/pt\/wp-json\/wp\/v2\/media\/16314"}],"wp:attachment":[{"href":"https:\/\/bigbuy.tupique.com\/pt\/wp-json\/wp\/v2\/media?parent=16315"}],"wp:term":[{"taxonomy":"product_brand","embeddable":true,"href":"https:\/\/bigbuy.tupique.com\/pt\/wp-json\/wp\/v2\/product_brand?post=16315"},{"taxonomy":"product_cat","embeddable":true,"href":"https:\/\/bigbuy.tupique.com\/pt\/wp-json\/wp\/v2\/product_cat?post=16315"},{"taxonomy":"product_tag","embeddable":true,"href":"https:\/\/bigbuy.tupique.com\/pt\/wp-json\/wp\/v2\/product_tag?post=16315"}],"curies":[{"name":"wp","href":"https:\/\/api.w.org\/{rel}","templated":true}]}}