{"id":16303,"date":"2026-03-29T13:37:14","date_gmt":"2026-03-29T12:37:14","guid":{"rendered":"https:\/\/bigbuy.tupique.com\/produto\/steering-wheel-thrustmaster-t-gt-ii\/"},"modified":"2026-04-16T21:15:31","modified_gmt":"2026-04-16T20:15:31","slug":"steering-wheel-thrustmaster-t-gt-ii","status":"publish","type":"product","link":"https:\/\/bigbuy.tupique.com\/pt\/produto\/steering-wheel-thrustmaster-t-gt-ii\/","title":{"rendered":"Volant Thrustmaster T-GT II"},"content":{"rendered":"<p>Si vous \u00eates passionn\u00e9 d&#8217;<b>informatique et d&#8217;\u00e9lectronique<\/b>, si vous \u00eates \u00e0 la pointe de la technologie et qu&#8217;aucun d\u00e9tail ne vous \u00e9chappe, achetez <b>Volant Thrustmaster T-GT II<\/b> au meilleur prix.<\/p>\n<p>Le <b>Thrustmaster T-GT II<\/b> est un <b>volant de course<\/b> con\u00e7u sp\u00e9cifiquement pour offrir une exp\u00e9rience de simulation avanc\u00e9e sur les plateformes <b>PlayStation 5<\/b>, avec une compatibilit\u00e9 compl\u00e8te sur <b>PS4 et PC<\/b>. Ce volant dispose d\u2019une licence officielle PlayStation et Gran Turismo, garantissant une int\u00e9gration optimale avec les jeux les plus exigeants du genre. Il se distingue par son <b>moteur sans balais de 40 W<\/b> offrant un syst\u00e8me Force Feedback en temps r\u00e9el, permettant un retour pr\u00e9cis et naturel qui reproduit fid\u00e8lement les sensations de la route et la r\u00e9action du v\u00e9hicule \u00e0 chaque virage ou freinage. La technologie magn\u00e9tique et sa <b>double courroie<\/b> assurent un fonctionnement fluide et silencieux, am\u00e9liorant la durabilit\u00e9 et la r\u00e9activit\u00e9 du volant. De plus, le T-GT II inclut un ensemble complet de <b>trois p\u00e9dales<\/b>, essentiel pour une conduite plus r\u00e9aliste et un meilleur contr\u00f4le de l\u2019acc\u00e9l\u00e9ration, du frein et de l\u2019embrayage. Son <b>volant interchangeable<\/b> permet de personnaliser l\u2019exp\u00e9rience selon le style de conduite ou les pr\u00e9f\u00e9rences de l\u2019utilisateur, offrant polyvalence et confort lors de sessions prolong\u00e9es. Le design en couleur <b>noir<\/b> conf\u00e8re un aspect sobre et professionnel, avec des finitions refl\u00e9tant la qualit\u00e9 propre \u00e0 la marque Thrustmaster. Cet ensemble est id\u00e9al tant pour les passionn\u00e9s de simracing recherchant pr\u00e9cision et r\u00e9alisme que pour les utilisateurs souhaitant un syst\u00e8me robuste et adaptable dans l\u2019\u00e9cosyst\u00e8me PlayStation. En r\u00e9sum\u00e9, le Thrustmaster T-GT II se positionne comme une option premium pour ceux qui valorisent la performance technique et la qualit\u00e9 de fabrication dans un volant de course avanc\u00e9.<\/p>\n<ul>\n<li>Type: Volant<\/li>\n<li>Couleur: Noir<\/li>\n<li>Compatible:\n<ul>\n<li>PlayStation 4<\/li>\n<li>PC<\/li>\n<li>PS4\/PS5<\/li>\n<\/ul>\n<\/li>\n<li>Langue: Anglais<\/li>\n<li>Fonctions: Vibration<\/li>\n<\/ul>","protected":false},"excerpt":{"rendered":"<p>Si vous \u00eates passionn\u00e9 d&#8217;informatique et d&#8217;\u00e9lectronique, si vous \u00eates \u00e0 la pointe de la technologie et qu&#8217;aucun d\u00e9tail ne vous \u00e9chappe, achetez Volant Thrustmaster T-GT II au meilleur prix. Le Thrustmaster T-GT II est un volant de course con\u00e7u sp\u00e9cifiquement pour offrir une exp\u00e9rience de simulation avanc\u00e9e sur les plateformes PlayStation 5, avec une [&hellip;]<\/p>\n","protected":false},"featured_media":16301,"comment_status":"open","ping_status":"closed","template":"","meta":[],"product_brand":[789],"product_cat":[739,65,737],"product_tag":[59,572],"class_list":{"0":"post-16303","1":"product","2":"type-product","3":"status-publish","4":"has-post-thumbnail","6":"product_brand-brandp_651","7":"product_cat-accessoires-gaming","8":"product_cat-informatique-electronique","9":"product_cat-informatique-gaming","10":"product_tag-tag_1304","11":"product_tag-tag_29","13":"first","14":"instock","15":"taxable","16":"shipping-taxable","17":"purchasable","18":"product-type-simple"},"_links":{"self":[{"href":"https:\/\/bigbuy.tupique.com\/pt\/wp-json\/wp\/v2\/product\/16303","targetHints":{"allow":["GET"]}}],"collection":[{"href":"https:\/\/bigbuy.tupique.com\/pt\/wp-json\/wp\/v2\/product"}],"about":[{"href":"https:\/\/bigbuy.tupique.com\/pt\/wp-json\/wp\/v2\/types\/product"}],"replies":[{"embeddable":true,"href":"https:\/\/bigbuy.tupique.com\/pt\/wp-json\/wp\/v2\/comments?post=16303"}],"wp:featuredmedia":[{"embeddable":true,"href":"https:\/\/bigbuy.tupique.com\/pt\/wp-json\/wp\/v2\/media\/16301"}],"wp:attachment":[{"href":"https:\/\/bigbuy.tupique.com\/pt\/wp-json\/wp\/v2\/media?parent=16303"}],"wp:term":[{"taxonomy":"product_brand","embeddable":true,"href":"https:\/\/bigbuy.tupique.com\/pt\/wp-json\/wp\/v2\/product_brand?post=16303"},{"taxonomy":"product_cat","embeddable":true,"href":"https:\/\/bigbuy.tupique.com\/pt\/wp-json\/wp\/v2\/product_cat?post=16303"},{"taxonomy":"product_tag","embeddable":true,"href":"https:\/\/bigbuy.tupique.com\/pt\/wp-json\/wp\/v2\/product_tag?post=16303"}],"curies":[{"name":"wp","href":"https:\/\/api.w.org\/{rel}","templated":true}]}}