{"id":16300,"date":"2026-03-29T13:37:10","date_gmt":"2026-03-29T12:37:10","guid":{"rendered":"https:\/\/bigbuy.tupique.com\/produto\/toner-hp-131a-cyan-magenta-yellow-yellow-multicolour-tricolour\/"},"modified":"2026-05-11T20:02:25","modified_gmt":"2026-05-11T18:02:25","slug":"toner-hp-131a-cyan-magenta-yellow-yellow-multicolour-tricolour","status":"publish","type":"product","link":"https:\/\/bigbuy.tupique.com\/pt\/produto\/toner-hp-131a-cyan-magenta-yellow-yellow-multicolour-tricolour\/","title":{"rendered":"Toner HP 131A Cyan\/Magenta\/Jaune Jaune Multicouleur Tricolore"},"content":{"rendered":"<p>Retournez au bureau sans rien oublier ! Achetez <b>Toner HP 131A Cyan\/Magenta\/Jaune Jaune Multicouleur Tricolore<\/b> et faites envie \u00e0 vos coll\u00e8gues!<\/p>\n<p>Le <b>cartouche de toner<\/b> <b>HP 131A (mod\u00e8le U0SL1AM)<\/b> est un ensemble de trois unit\u00e9s compos\u00e9 des couleurs <b>jaune<\/b>, <b>cyan<\/b> et <b>magenta<\/b>, con\u00e7u pour une utilisation avec des imprimantes laser HP compatibles, garantissant une qualit\u00e9 optimale de reproduction des couleurs. Chaque cartouche offre une capacit\u00e9 d\u2019impression d\u2019environ <b>1 800 pages<\/b>, ce qui en fait une option efficace pour ceux qui ont besoin d\u2019un haut rendement en impressions couleur. Ce pack tricolore permet une impression aux couleurs vives et pr\u00e9cises gr\u00e2ce \u00e0 la technologie d\u2019impression <b>laser<\/b>, assurant des r\u00e9sultats nets et constants sur documents et graphiques professionnels. Fabriqu\u00e9s selon les normes de compatibilit\u00e9 HP, ces toners facilitent l\u2019installation et maintiennent le bon fonctionnement de l\u2019imprimante, contribuant \u00e0 prolonger sa dur\u00e9e de vie. De plus, la combinaison des trois couleurs en un seul pack offre une solution pratique pour le remplacement complet des consommables essentiels dans les environnements de travail ou d\u2019\u00e9tudes o\u00f9 l\u2019impression couleur est fr\u00e9quente. La qualit\u00e9 du cartouche et l\u2019\u00e9quilibre entre performance et fiabilit\u00e9 font de cet ensemble une option adapt\u00e9e aux utilisateurs recherchant des impressions durables et aux couleurs d\u00e9finies sans compromettre le flux de travail. En r\u00e9sum\u00e9, le cartouche de toner HP 131A en pack de trois unit\u00e9s constitue une alternative compl\u00e8te qui optimise la qualit\u00e9 et l\u2019efficacit\u00e9 de l\u2019impression laser couleur.<\/p>\n<ul>\n<li>Type: Toner<\/li>\n<li>Couleur:\n<ul>\n<li>Jaune<\/li>\n<li>Magenta<\/li>\n<li>Cyan<\/li>\n<li>Tricolore<\/li>\n<\/ul>\n<\/li>\n<li>Technologie: Laser<\/li>\n<li>Nombre de pi\u00e8ces: 3 Pi\u00e8ces<\/li>\n<li>Pr\u00e9cision (humidit\u00e9 relative): 20 % &#8211; 80 %<\/li>\n<li>Compatible: HP<\/li>\n<li>Temp\u00e9rature approximative: -20\u00ba \/ 40\u00ba<\/li>\n<li>Caract\u00e9ristiques: Original<\/li>\n<\/ul>","protected":false},"excerpt":{"rendered":"<p>Retournez au bureau sans rien oublier ! Achetez Toner HP 131A Cyan\/Magenta\/Jaune Jaune Multicouleur Tricolore et faites envie \u00e0 vos coll\u00e8gues! Le cartouche de toner HP 131A (mod\u00e8le U0SL1AM) est un ensemble de trois unit\u00e9s compos\u00e9 des couleurs jaune, cyan et magenta, con\u00e7u pour une utilisation avec des imprimantes laser HP compatibles, garantissant une qualit\u00e9 [&hellip;]<\/p>\n","protected":false},"featured_media":16299,"comment_status":"open","ping_status":"closed","template":"","meta":[],"product_brand":[630],"product_cat":[65,581,582],"product_tag":[213,59,106],"class_list":{"0":"post-16300","1":"product","2":"type-product","3":"status-publish","4":"has-post-thumbnail","6":"product_brand-brandp_909","7":"product_cat-informatique-electronique","8":"product_cat-informatique-peripheriques-et-consommables","9":"product_cat-toners-originaux","10":"product_tag-tag_933","11":"product_tag-tag_1304","12":"product_tag-tag_1295","14":"first","15":"instock","16":"taxable","17":"shipping-taxable","18":"purchasable","19":"product-type-simple"},"_links":{"self":[{"href":"https:\/\/bigbuy.tupique.com\/pt\/wp-json\/wp\/v2\/product\/16300","targetHints":{"allow":["GET"]}}],"collection":[{"href":"https:\/\/bigbuy.tupique.com\/pt\/wp-json\/wp\/v2\/product"}],"about":[{"href":"https:\/\/bigbuy.tupique.com\/pt\/wp-json\/wp\/v2\/types\/product"}],"replies":[{"embeddable":true,"href":"https:\/\/bigbuy.tupique.com\/pt\/wp-json\/wp\/v2\/comments?post=16300"}],"wp:featuredmedia":[{"embeddable":true,"href":"https:\/\/bigbuy.tupique.com\/pt\/wp-json\/wp\/v2\/media\/16299"}],"wp:attachment":[{"href":"https:\/\/bigbuy.tupique.com\/pt\/wp-json\/wp\/v2\/media?parent=16300"}],"wp:term":[{"taxonomy":"product_brand","embeddable":true,"href":"https:\/\/bigbuy.tupique.com\/pt\/wp-json\/wp\/v2\/product_brand?post=16300"},{"taxonomy":"product_cat","embeddable":true,"href":"https:\/\/bigbuy.tupique.com\/pt\/wp-json\/wp\/v2\/product_cat?post=16300"},{"taxonomy":"product_tag","embeddable":true,"href":"https:\/\/bigbuy.tupique.com\/pt\/wp-json\/wp\/v2\/product_tag?post=16300"}],"curies":[{"name":"wp","href":"https:\/\/api.w.org\/{rel}","templated":true}]}}