{"id":16263,"date":"2026-03-29T13:36:24","date_gmt":"2026-03-29T12:36:24","guid":{"rendered":"https:\/\/bigbuy.tupique.com\/produto\/scanner-kodak-e1040\/"},"modified":"2026-04-15T00:46:47","modified_gmt":"2026-04-14T23:46:47","slug":"scanner-kodak-e1040","status":"publish","type":"product","link":"https:\/\/bigbuy.tupique.com\/pt\/produto\/scanner-kodak-e1040\/","title":{"rendered":"Scanner Kodak E1040"},"content":{"rendered":"<p>Si vous \u00eates passionn\u00e9 d&#8217;<b>informatique et d&#8217;\u00e9lectronique<\/b>, si vous \u00eates \u00e0 la pointe de la technologie et qu&#8217;aucun d\u00e9tail ne vous \u00e9chappe, achetez <b>Scanner Kodak E1040<\/b> au meilleur prix.<\/p>\n<ul>\n<li>Couleur:\n<ul>\n<li>Gris<\/li>\n<li>Blanc<\/li>\n<li>Noir<\/li>\n<\/ul>\n<\/li>\n<li>Taille: A4<\/li>\n<li>Capacit\u00e9: 80 Volets<\/li>\n<li>Type: Scanner<\/li>\n<li>Produit \u00e0 brancher: Oui<\/li>\n<li>vitesse: 40 ppm<\/li>\n<li>Type de prise: Prise EU<\/li>\n<li>Bloc d\u2019Alimentation: r\u00e9seau \u00e9lectrique<\/li>\n<li>Caract\u00e9ristiques: \u00c9cran integr\u00e9<\/li>\n<li>Connexions: USB 3.2<\/li>\n<li>R\u00e9solution d&#8217;image maximale: 600 x 600 dpi<\/li>\n<li>Ecran: 1,5&#8221;<\/li>\n<li>Technologie: LED<\/li>\n<li>Capteur: Dual CIS<\/li>\n<li>Tension d&#8217;entr\u00e9e AC: 100 &#8211; 240 V<\/li>\n<\/ul>","protected":false},"excerpt":{"rendered":"<p>Si vous \u00eates passionn\u00e9 d&#8217;informatique et d&#8217;\u00e9lectronique, si vous \u00eates \u00e0 la pointe de la technologie et qu&#8217;aucun d\u00e9tail ne vous \u00e9chappe, achetez Scanner Kodak E1040 au meilleur prix. Couleur: Gris Blanc Noir Taille: A4 Capacit\u00e9: 80 Volets Type: Scanner Produit \u00e0 brancher: Oui vitesse: 40 ppm Type de prise: Prise EU Bloc d\u2019Alimentation: r\u00e9seau [&hellip;]<\/p>\n","protected":false},"featured_media":16260,"comment_status":"open","ping_status":"closed","template":"","meta":[],"product_brand":[636],"product_cat":[65,581,587],"product_tag":[213,106],"class_list":{"0":"post-16263","1":"product","2":"type-product","3":"status-publish","4":"has-post-thumbnail","6":"product_brand-brandp_1699","7":"product_cat-informatique-electronique","8":"product_cat-informatique-peripheriques-et-consommables","9":"product_cat-scanners","10":"product_tag-tag_933","11":"product_tag-tag_1295","13":"first","14":"instock","15":"taxable","16":"shipping-taxable","17":"purchasable","18":"product-type-simple"},"_links":{"self":[{"href":"https:\/\/bigbuy.tupique.com\/pt\/wp-json\/wp\/v2\/product\/16263","targetHints":{"allow":["GET"]}}],"collection":[{"href":"https:\/\/bigbuy.tupique.com\/pt\/wp-json\/wp\/v2\/product"}],"about":[{"href":"https:\/\/bigbuy.tupique.com\/pt\/wp-json\/wp\/v2\/types\/product"}],"replies":[{"embeddable":true,"href":"https:\/\/bigbuy.tupique.com\/pt\/wp-json\/wp\/v2\/comments?post=16263"}],"wp:featuredmedia":[{"embeddable":true,"href":"https:\/\/bigbuy.tupique.com\/pt\/wp-json\/wp\/v2\/media\/16260"}],"wp:attachment":[{"href":"https:\/\/bigbuy.tupique.com\/pt\/wp-json\/wp\/v2\/media?parent=16263"}],"wp:term":[{"taxonomy":"product_brand","embeddable":true,"href":"https:\/\/bigbuy.tupique.com\/pt\/wp-json\/wp\/v2\/product_brand?post=16263"},{"taxonomy":"product_cat","embeddable":true,"href":"https:\/\/bigbuy.tupique.com\/pt\/wp-json\/wp\/v2\/product_cat?post=16263"},{"taxonomy":"product_tag","embeddable":true,"href":"https:\/\/bigbuy.tupique.com\/pt\/wp-json\/wp\/v2\/product_tag?post=16263"}],"curies":[{"name":"wp","href":"https:\/\/api.w.org\/{rel}","templated":true}]}}