{"id":16249,"date":"2026-03-29T13:24:56","date_gmt":"2026-03-29T12:24:56","guid":{"rendered":"https:\/\/bigbuy.tupique.com\/produto\/monitor-hp-6n6e6aaabb-full-hd-led-238\/"},"modified":"2026-04-16T14:26:13","modified_gmt":"2026-04-16T13:26:13","slug":"monitor-hp-6n6e6aaabb-full-hd-led-238","status":"publish","type":"product","link":"https:\/\/bigbuy.tupique.com\/pt\/produto\/monitor-hp-6n6e6aaabb-full-hd-led-238\/","title":{"rendered":"\u00c9cran HP 6N6E6AA#ABB Full HD LED 23,8&#8243;"},"content":{"rendered":"<p>Si vous \u00eates passionn\u00e9 d&#8217;<b>informatique et d&#8217;\u00e9lectronique<\/b>, si vous \u00eates \u00e0 la pointe de la technologie et qu&#8217;aucun d\u00e9tail ne vous \u00e9chappe, achetez <b>\u00c9cran HP 6N6E6AA#ABB Full HD LED 23,8&#8243;<\/b> au meilleur prix.<\/p>\n<p>Le <b>moniteur HP 6N6E6AA#ABB<\/b>, mod\u00e8le E24t G5, est un <b>moniteur<\/b> con\u00e7u pour offrir des images nettes et une exp\u00e9rience visuelle confortable et polyvalente. Il dispose d\u2019un <b>\u00e9cran tactile de 23,8 pouces (60,5 cm) avec technologie LED IPS et LCD<\/b>, fournissant une r\u00e9solution Full HD de <b>1920 x 1080 pixels<\/b>, garantissant des couleurs pr\u00e9cises et de larges angles de vision de 178\u00b0 \u00e0 l\u2019horizontale comme \u00e0 la verticale. Sa surface mate r\u00e9duit les reflets, facilitant un travail prolong\u00e9 sans fatigue oculaire, tandis que la technologie <b>Flicker Free<\/b> minimise le scintillement de l\u2019\u00e9cran pour un meilleur confort visuel. Le temps de r\u00e9ponse de <b>5 ms<\/b> assure des mouvements fluides dans les images anim\u00e9es, id\u00e9al pour les environnements professionnels et multim\u00e9dias. Ce moniteur pr\u00e9sente un design \u00e9l\u00e9gant noir qui s\u2019adapte \u00e0 tout espace, bureau ou usage domestique, et int\u00e8gre une connectivit\u00e9 avanc\u00e9e avec des ports USB 3.2 Gen 1 pour une connexion rapide des p\u00e9riph\u00e9riques externes. Son support est r\u00e9glable en hauteur et compatible avec le montage <b>VESA<\/b>, offrant ergonomie et flexibilit\u00e9 pour maximiser le confort utilisateur. Fabriqu\u00e9 en Chine, il se distingue aussi par une conception alliant fonctionnalit\u00e9 et approche \u00e9cologique. En r\u00e9sum\u00e9, le HP E24t G5 est une solution pratique et efficace pour les utilisateurs recherchant un \u00e9cran tactile fiable, avec une haute qualit\u00e9 d\u2019image et des r\u00e9glages personnalis\u00e9s pour une performance optimale en milieu professionnel et personnel.<\/p>\n<ul>\n<li>R\u00e9solution: Full HD<\/li>\n<li>Type:\n<ul>\n<li>\u00c9cran<\/li>\n<li>Axe<\/li>\n<\/ul>\n<\/li>\n<li>Produit \u00e0 brancher: Oui<\/li>\n<li>Connexions:\n<ul>\n<li>HDMI<\/li>\n<li>USB-C<\/li>\n<li>DisplayPort<\/li>\n<li>DisplayPort 1.2<\/li>\n<li>HDMI 1.4<\/li>\n<li>USB<\/li>\n<li>USB 2.0<\/li>\n<li>USB x 4<\/li>\n<li>HDCP<\/li>\n<li>USB A x 4<\/li>\n<li>DisplayPort x 1<\/li>\n<\/ul>\n<\/li>\n<li>Brille:\n<ul>\n<li>300 cd\/m\u00b2<\/li>\n<li>300 lm ANSI<\/li>\n<\/ul>\n<\/li>\n<li>Type de prise: Prise EU<\/li>\n<li>Diagonale de l&#8217;\u00e9cran (cm): 60,5 cm<\/li>\n<li>Bloc d\u2019Alimentation: r\u00e9seau \u00e9lectrique<\/li>\n<li>Couleur:\n<ul>\n<li>Noir<\/li>\n<li>sRGB<\/li>\n<\/ul>\n<\/li>\n<li>Temps de r\u00e9ponse: 5 ms<\/li>\n<li>VESA: 10 x 10 cm<\/li>\n<li>Tension:\n<ul>\n<li>100-240 V<\/li>\n<li>100 &#8211; 240 V<\/li>\n<\/ul>\n<\/li>\n<li>Ecran: 23,8&#8243;<\/li>\n<li>Classification \u00e9nerg\u00e9tique: E<\/li>\n<li>Rapport d&#8217;aspect: 16:9<\/li>\n<li>Caract\u00e9ristiques:\n<ul>\n<li>Ecran tactile<\/li>\n<li>Plaque Tournante<\/li>\n<li>R\u00e9glable<\/li>\n<li>Avec stand<\/li>\n<li>Inclinaison r\u00e9glable<\/li>\n<li>D\u00e9montable<\/li>\n<li>Guide d&#8217;installation inclus<\/li>\n<li>\u00c9cran plat<\/li>\n<\/ul>\n<\/li>\n<li>R\u00e9solution (px): 1920 x 1080 px<\/li>\n<li>Technologie:\n<ul>\n<li>LED<\/li>\n<li>IPS<\/li>\n<li>LCD<\/li>\n<li>Flicker free<\/li>\n<\/ul>\n<\/li>\n<li>Fr\u00e9quence:\n<ul>\n<li>50 &#8211; 60 Hz<\/li>\n<li>75 Hz<\/li>\n<li>60 Hz<\/li>\n<\/ul>\n<\/li>\n<li>Rapport de contraste: 1000:1<\/li>\n<li>Finition: Mat<\/li>\n<li>Inclinaison: -90 \/ 90\u00b0<\/li>\n<li>Fr\u00e9quence d&#8217;entr\u00e9e AC: 50-60 Hz<\/li>\n<li>consommation d&#8217;\u00e9nergie: 25 kWh<\/li>\n<li>Angle: 178\u00ba<\/li>\n<li>Pr\u00e9cision (humidit\u00e9 relative): 20 % &#8211; 80 %<\/li>\n<li>Non Inclus: AMD FreeSync<\/li>\n<li>Montage: VESA<\/li>\n<li>Certificat: Certification ENERGY STAR<\/li>\n<li>Utilisation recommand\u00e9e:\n<ul>\n<li>Entreprise et commerce<\/li>\n<li>Professionnel<\/li>\n<\/ul>\n<\/li>\n<li>Couverture: 99% sRGB<\/li>\n<li>Rotation: -45\u00ba \/ 45\u00b0<\/li>\n<li>Densit\u00e9 des pixels (dpi): 93 dpi<\/li>\n<\/ul>","protected":false},"excerpt":{"rendered":"<p>Si vous \u00eates passionn\u00e9 d&#8217;informatique et d&#8217;\u00e9lectronique, si vous \u00eates \u00e0 la pointe de la technologie et qu&#8217;aucun d\u00e9tail ne vous \u00e9chappe, achetez \u00c9cran HP 6N6E6AA#ABB Full HD LED 23,8&#8243; au meilleur prix. Le moniteur HP 6N6E6AA#ABB, mod\u00e8le E24t G5, est un moniteur con\u00e7u pour offrir des images nettes et une exp\u00e9rience visuelle confortable et [&hellip;]<\/p>\n","protected":false},"featured_media":16245,"comment_status":"open","ping_status":"closed","template":"","meta":[],"product_brand":[630],"product_cat":[65,581,616],"product_tag":[213,106],"class_list":{"0":"post-16249","1":"product","2":"type-product","3":"status-publish","4":"has-post-thumbnail","6":"product_brand-brandp_909","7":"product_cat-informatique-electronique","8":"product_cat-informatique-peripheriques-et-consommables","9":"product_cat-moniteurs","10":"product_tag-tag_933","11":"product_tag-tag_1295","13":"first","14":"instock","15":"taxable","16":"shipping-taxable","17":"purchasable","18":"product-type-simple"},"_links":{"self":[{"href":"https:\/\/bigbuy.tupique.com\/pt\/wp-json\/wp\/v2\/product\/16249","targetHints":{"allow":["GET"]}}],"collection":[{"href":"https:\/\/bigbuy.tupique.com\/pt\/wp-json\/wp\/v2\/product"}],"about":[{"href":"https:\/\/bigbuy.tupique.com\/pt\/wp-json\/wp\/v2\/types\/product"}],"replies":[{"embeddable":true,"href":"https:\/\/bigbuy.tupique.com\/pt\/wp-json\/wp\/v2\/comments?post=16249"}],"wp:featuredmedia":[{"embeddable":true,"href":"https:\/\/bigbuy.tupique.com\/pt\/wp-json\/wp\/v2\/media\/16245"}],"wp:attachment":[{"href":"https:\/\/bigbuy.tupique.com\/pt\/wp-json\/wp\/v2\/media?parent=16249"}],"wp:term":[{"taxonomy":"product_brand","embeddable":true,"href":"https:\/\/bigbuy.tupique.com\/pt\/wp-json\/wp\/v2\/product_brand?post=16249"},{"taxonomy":"product_cat","embeddable":true,"href":"https:\/\/bigbuy.tupique.com\/pt\/wp-json\/wp\/v2\/product_cat?post=16249"},{"taxonomy":"product_tag","embeddable":true,"href":"https:\/\/bigbuy.tupique.com\/pt\/wp-json\/wp\/v2\/product_tag?post=16249"}],"curies":[{"name":"wp","href":"https:\/\/api.w.org\/{rel}","templated":true}]}}